{"id":2144,"date":"2022-10-18T06:15:19","date_gmt":"2022-10-18T06:15:19","guid":{"rendered":"https:\/\/klbtheme.com\/partdo\/?page_id=2144"},"modified":"2026-01-19T13:28:16","modified_gmt":"2026-01-19T13:28:16","slug":"contact","status":"publish","type":"page","link":"https:\/\/doca.com.pt\/pt_pt_ao90\/contact\/","title":{"rendered":"Contacto"},"content":{"rendered":"\t\t<div data-elementor-type=\"wp-page\" data-elementor-id=\"2144\" class=\"elementor elementor-2144\">\n\t\t\t\t\t\t<section class=\"elementor-section elementor-top-section elementor-element elementor-element-ecb62ad elementor-section-boxed elementor-section-height-default elementor-section-height-default\" data-id=\"ecb62ad\" data-element_type=\"section\" data-e-type=\"section\">\n\t\t\t\t\t\t<div class=\"elementor-container elementor-column-gap-extended\">\n\t\t\t\t\t<div class=\"elementor-column elementor-col-100 elementor-top-column elementor-element elementor-element-d8c99b1\" data-id=\"d8c99b1\" data-element_type=\"column\" data-e-type=\"column\">\n\t\t\t<div class=\"elementor-widget-wrap elementor-element-populated\">\n\t\t\t\t\t\t<div class=\"elementor-element elementor-element-52ed99f elementor-widget elementor-widget-partdo-breadcrumb\" data-id=\"52ed99f\" data-element_type=\"widget\" data-e-type=\"widget\" data-widget_type=\"partdo-breadcrumb.default\">\n\t\t\t\t<div class=\"elementor-widget-container\">\n\t\t\t\t\t<nav class=\"site-breadcrumb\"><ul><li><a  href=\"https:\/\/doca.com.pt\/pt_pt_ao90\" title=\"Home\" rel=\"bookmark\">Home<\/a> <\/li>  <\/ul><\/nav>\t\t\t\t<\/div>\n\t\t\t\t<\/div>\n\t\t\t\t\t<\/div>\n\t\t<\/div>\n\t\t\t\t\t<\/div>\n\t\t<\/section>\n\t\t\t\t<section class=\"elementor-section elementor-top-section elementor-element elementor-element-c985278 elementor-section-boxed elementor-section-height-default elementor-section-height-default\" data-id=\"c985278\" data-element_type=\"section\" data-e-type=\"section\">\n\t\t\t\t\t\t<div class=\"elementor-container elementor-column-gap-extended\">\n\t\t\t\t\t<div class=\"elementor-column elementor-col-50 elementor-top-column elementor-element elementor-element-4a915449\" data-id=\"4a915449\" data-element_type=\"column\" data-e-type=\"column\">\n\t\t\t<div class=\"elementor-widget-wrap elementor-element-populated\">\n\t\t\t\t\t\t<div class=\"elementor-element elementor-element-5483f8c6 elementor-widget elementor-widget-heading\" data-id=\"5483f8c6\" data-element_type=\"widget\" data-e-type=\"widget\" data-widget_type=\"heading.default\">\n\t\t\t\t\t<h2 class=\"elementor-heading-title elementor-size-default\">Como o podemos ajudar?<\/h2>\t\t\t\t<\/div>\n\t\t\t\t<div class=\"elementor-element elementor-element-5a68fc82 elementor-widget elementor-widget-heading\" data-id=\"5a68fc82\" data-element_type=\"widget\" data-e-type=\"widget\" data-widget_type=\"heading.default\">\n\t\t\t\t\t<p class=\"elementor-heading-title elementor-size-default\"><p data-start=\"644\" data-end=\"932\">Na DOCA Enduroline desenvolvemos e selecionamos pe\u00e7as e prote\u00e7\u00f5es pensadas para uso real em enduro e hard enduro.<br data-start=\"773\" data-end=\"776\">\nAjudamos-te a escolher a solu\u00e7\u00e3o certa para a tua mota, esclarecemos compatibilidades e garantimos um acompanhamento direto desde a encomenda at\u00e9 \u00e0 entrega.<\/p>\n<span style=\"font-size: 0.875rem;letter-spacing: -0.03px\"><\/p>\t\t\t\t<\/div>\n\t\t\t\t<section class=\"elementor-section elementor-inner-section elementor-element elementor-element-3c0f8ecc elementor-section-boxed elementor-section-height-default elementor-section-height-default\" data-id=\"3c0f8ecc\" data-element_type=\"section\" data-e-type=\"section\">\n\t\t\t\t\t\t<div class=\"elementor-container elementor-column-gap-no\">\n\t\t\t\t\t<div class=\"elementor-column elementor-col-100 elementor-inner-column elementor-element elementor-element-49885ad3\" data-id=\"49885ad3\" data-element_type=\"column\" data-e-type=\"column\">\n\t\t\t<div class=\"elementor-widget-wrap elementor-element-populated\">\n\t\t\t\t\t\t<div class=\"elementor-element elementor-element-37590193 elementor-widget elementor-widget-partdo-address-box\" data-id=\"37590193\" data-element_type=\"widget\" data-e-type=\"widget\" data-widget_type=\"partdo-address-box.default\">\n\t\t\t\t<div class=\"elementor-widget-container\">\n\t\t\t\t\t<div class=\"contact-addresses\"><div class=\"address-item\"> <span>Hor\u00e1rio de Atendimento<\/span><div class=\"address-detail\"> Segunda a Sexta: 9h \u2013 18h\n\nFim de semana: Encerrado<\/div><\/div><\/div>\t\t\t\t<\/div>\n\t\t\t\t<\/div>\n\t\t\t\t\t<\/div>\n\t\t<\/div>\n\t\t\t\t\t<\/div>\n\t\t<\/section>\n\t\t\t\t<div class=\"elementor-element elementor-element-58fc2e47 elementor-widget elementor-widget-partdo-contact-icon-box\" data-id=\"58fc2e47\" data-element_type=\"widget\" data-e-type=\"widget\" data-widget_type=\"partdo-contact-icon-box.default\">\n\t\t\t\t<div class=\"elementor-widget-container\">\n\t\t\t\t\t<div class=\"contact-iconboxes\"><div class=\"iconbox\"><div class=\"icon\"> <i class=\"klbth-icon-phone-squared\"><\/i><\/div><div class=\"detail\"> <span>Telem\u00f3vel<\/span><p><h5><span style=\"color: #000000\"><a class=\"doca-value\" style=\"color: #000000\" href=\"tel:+351918583471\">+351 918 583 471<\/a><\/span><\/h5><\/p><\/div><\/div><\/div>\t\t\t\t<\/div>\n\t\t\t\t<\/div>\n\t\t\t\t<div class=\"elementor-element elementor-element-15a42744 elementor-widget elementor-widget-partdo-contact-icon-box\" data-id=\"15a42744\" data-element_type=\"widget\" data-e-type=\"widget\" data-widget_type=\"partdo-contact-icon-box.default\">\n\t\t\t\t<div class=\"elementor-widget-container\">\n\t\t\t\t\t<div class=\"contact-iconboxes\"><div class=\"iconbox\"><div class=\"icon\"> <i class=\"klbth-icon-envelope-filled\"><\/i><\/div><div class=\"detail\"> <span>Email\n<\/span><p><p><span style=\"color: #000000\"><a class=\"doca-value\" style=\"color: #000000\" href=\"mailto:geral@doca.com.pt\">geral@doca.com.pt<\/a><\/span><\/p><\/p><\/div><\/div><\/div>\t\t\t\t<\/div>\n\t\t\t\t<\/div>\n\t\t\t\t<div class=\"elementor-element elementor-element-30502608 elementor-widget elementor-widget-heading\" data-id=\"30502608\" data-element_type=\"widget\" data-e-type=\"widget\" data-widget_type=\"heading.default\">\n\t\t\t\t\t<span class=\"elementor-heading-title elementor-size-default\">Siga a DOCA nas redes sociais:<\/span>\t\t\t\t<\/div>\n\t\t\t\t<div class=\"elementor-element elementor-element-5a8425a9 elementor-shape-circle elementor-grid-5 e-grid-align-left elementor-widget elementor-widget-social-icons\" data-id=\"5a8425a9\" data-element_type=\"widget\" data-e-type=\"widget\" data-widget_type=\"social-icons.default\">\n\t\t\t\t\t\t\t<div class=\"elementor-social-icons-wrapper elementor-grid\" role=\"list\">\n\t\t\t\t\t\t\t<span class=\"elementor-grid-item\" role=\"listitem\">\n\t\t\t\t\t<a class=\"elementor-icon elementor-social-icon elementor-social-icon-whatsapp elementor-repeater-item-26ce326\" href=\"https:\/\/wa.me\/351918583471\" target=\"_blank\">\n\t\t\t\t\t\t<span class=\"elementor-screen-only\">Whatsapp<\/span>\n\t\t\t\t\t\t<svg aria-hidden=\"true\" class=\"e-font-icon-svg e-fab-whatsapp\" viewBox=\"0 0 448 512\" xmlns=\"http:\/\/www.w3.org\/2000\/svg\"><path d=\"M380.9 97.1C339 55.1 283.2 32 223.9 32c-122.4 0-222 99.6-222 222 0 39.1 10.2 77.3 29.6 111L0 480l117.7-30.9c32.4 17.7 68.9 27 106.1 27h.1c122.3 0 224.1-99.6 224.1-222 0-59.3-25.2-115-67.1-157zm-157 341.6c-33.2 0-65.7-8.9-94-25.7l-6.7-4-69.8 18.3L72 359.2l-4.4-7c-18.5-29.4-28.2-63.3-28.2-98.2 0-101.7 82.8-184.5 184.6-184.5 49.3 0 95.6 19.2 130.4 54.1 34.8 34.9 56.2 81.2 56.1 130.5 0 101.8-84.9 184.6-186.6 184.6zm101.2-138.2c-5.5-2.8-32.8-16.2-37.9-18-5.1-1.9-8.8-2.8-12.5 2.8-3.7 5.6-14.3 18-17.6 21.8-3.2 3.7-6.5 4.2-12 1.4-32.6-16.3-54-29.1-75.5-66-5.7-9.8 5.7-9.1 16.3-30.3 1.8-3.7.9-6.9-.5-9.7-1.4-2.8-12.5-30.1-17.1-41.2-4.5-10.8-9.1-9.3-12.5-9.5-3.2-.2-6.9-.2-10.6-.2-3.7 0-9.7 1.4-14.8 6.9-5.1 5.6-19.4 19-19.4 46.3 0 27.3 19.9 53.7 22.6 57.4 2.8 3.7 39.1 59.7 94.8 83.8 35.2 15.2 49 16.5 66.6 13.9 10.7-1.6 32.8-13.4 37.4-26.4 4.6-13 4.6-24.1 3.2-26.4-1.3-2.5-5-3.9-10.5-6.6z\"><\/path><\/svg>\t\t\t\t\t<\/a>\n\t\t\t\t<\/span>\n\t\t\t\t\t\t\t<span class=\"elementor-grid-item\" role=\"listitem\">\n\t\t\t\t\t<a class=\"elementor-icon elementor-social-icon elementor-social-icon-instagram elementor-repeater-item-db7c1ae\" target=\"_blank\">\n\t\t\t\t\t\t<span class=\"elementor-screen-only\">Instagram<\/span>\n\t\t\t\t\t\t<svg aria-hidden=\"true\" class=\"e-font-icon-svg e-fab-instagram\" viewBox=\"0 0 448 512\" xmlns=\"http:\/\/www.w3.org\/2000\/svg\"><path d=\"M224.1 141c-63.6 0-114.9 51.3-114.9 114.9s51.3 114.9 114.9 114.9S339 319.5 339 255.9 287.7 141 224.1 141zm0 189.6c-41.1 0-74.7-33.5-74.7-74.7s33.5-74.7 74.7-74.7 74.7 33.5 74.7 74.7-33.6 74.7-74.7 74.7zm146.4-194.3c0 14.9-12 26.8-26.8 26.8-14.9 0-26.8-12-26.8-26.8s12-26.8 26.8-26.8 26.8 12 26.8 26.8zm76.1 27.2c-1.7-35.9-9.9-67.7-36.2-93.9-26.2-26.2-58-34.4-93.9-36.2-37-2.1-147.9-2.1-184.9 0-35.8 1.7-67.6 9.9-93.9 36.1s-34.4 58-36.2 93.9c-2.1 37-2.1 147.9 0 184.9 1.7 35.9 9.9 67.7 36.2 93.9s58 34.4 93.9 36.2c37 2.1 147.9 2.1 184.9 0 35.9-1.7 67.7-9.9 93.9-36.2 26.2-26.2 34.4-58 36.2-93.9 2.1-37 2.1-147.8 0-184.8zM398.8 388c-7.8 19.6-22.9 34.7-42.6 42.6-29.5 11.7-99.5 9-132.1 9s-102.7 2.6-132.1-9c-19.6-7.8-34.7-22.9-42.6-42.6-11.7-29.5-9-99.5-9-132.1s-2.6-102.7 9-132.1c7.8-19.6 22.9-34.7 42.6-42.6 29.5-11.7 99.5-9 132.1-9s102.7-2.6 132.1 9c19.6 7.8 34.7 22.9 42.6 42.6 11.7 29.5 9 99.5 9 132.1s2.7 102.7-9 132.1z\"><\/path><\/svg>\t\t\t\t\t<\/a>\n\t\t\t\t<\/span>\n\t\t\t\t\t\t\t<span class=\"elementor-grid-item\" role=\"listitem\">\n\t\t\t\t\t<a class=\"elementor-icon elementor-social-icon elementor-social-icon-facebook elementor-repeater-item-3c979b1\" href=\"https:\/\/www.facebook.com\/DOCAenduroline\" target=\"_blank\">\n\t\t\t\t\t\t<span class=\"elementor-screen-only\">Facebook<\/span>\n\t\t\t\t\t\t<svg aria-hidden=\"true\" class=\"e-font-icon-svg e-fab-facebook\" viewBox=\"0 0 512 512\" xmlns=\"http:\/\/www.w3.org\/2000\/svg\"><path d=\"M504 256C504 119 393 8 256 8S8 119 8 256c0 123.78 90.69 226.38 209.25 245V327.69h-63V256h63v-54.64c0-62.15 37-96.48 93.67-96.48 27.14 0 55.52 4.84 55.52 4.84v61h-31.28c-30.8 0-40.41 19.12-40.41 38.73V256h68.78l-11 71.69h-57.78V501C413.31 482.38 504 379.78 504 256z\"><\/path><\/svg>\t\t\t\t\t<\/a>\n\t\t\t\t<\/span>\n\t\t\t\t\t<\/div>\n\t\t\t\t\t\t<\/div>\n\t\t\t\t\t<\/div>\n\t\t<\/div>\n\t\t\t\t<div class=\"elementor-column elementor-col-50 elementor-top-column elementor-element elementor-element-d4b1c9c\" data-id=\"d4b1c9c\" data-element_type=\"column\" data-e-type=\"column\">\n\t\t\t<div class=\"elementor-widget-wrap elementor-element-populated\">\n\t\t\t\t\t\t<div class=\"elementor-element elementor-element-fb7a6f7 elementor-widget elementor-widget-shortcode\" data-id=\"fb7a6f7\" data-element_type=\"widget\" data-e-type=\"widget\" data-widget_type=\"shortcode.default\">\n\t\t\t\t\t\t\t<div class=\"elementor-shortcode\">\n<div class=\"dwem-form-container\">\n    <form class=\"dwem-capture-form dwem-form-modern dwem-contact-form\" data-form-type=\"contact\">\n        <input type=\"hidden\" id=\"dwem_contact_nonce\" name=\"dwem_contact_nonce\" value=\"4be4c3cfca\" \/><input type=\"hidden\" name=\"_wp_http_referer\" value=\"\/pt_pt_ao90\/wp-json\/wp\/v2\/pages\/2144\" \/>        \n        <div class=\"dwem-form-header\">\n            <h2 class=\"dwem-form-title\">Entre em Contacto<\/h2>\n            <p class=\"dwem-form-subtitle\">Estamos aqui para ajudar. Envie-nos uma mensagem!<\/p>\n        <\/div>\n\n        <div class=\"dwem-form-message\"><\/div>\n\n        <div class=\"dwem-form-field\">\n            <label class=\"dwem-form-label\">Nome *<\/label>\n            <input type=\"text\" name=\"name\" class=\"dwem-form-input\" required placeholder=\"O seu nome\">\n        <\/div>\n\n        <div class=\"dwem-form-field\">\n            <label class=\"dwem-form-label\">Email *<\/label>\n            <input type=\"email\" name=\"email\" class=\"dwem-form-input\" required placeholder=\"seu@email.com\">\n        <\/div>\n\n        <div class=\"dwem-form-field\">\n            <label class=\"dwem-form-label\">Assunto<\/label>\n            <input type=\"text\" name=\"subject\" class=\"dwem-form-input\" placeholder=\"Assunto da mensagem\">\n        <\/div>\n\n        <div class=\"dwem-form-field\">\n            <label class=\"dwem-form-label\">Mensagem *<\/label>\n            <textarea name=\"message\" class=\"dwem-form-input\" rows=\"6\" required placeholder=\"A sua mensagem...\"><\/textarea>\n        <\/div>\n\n        <button type=\"submit\" class=\"dwem-form-submit\">\n            \ud83d\udce7 Enviar Mensagem\n        <\/button>\n\n        <p style=\"text-align: center; margin-top: 1rem; font-size: 0.875rem; color: #a0aec0;\">\n            Desenvolvido por <a href=\"https:\/\/driveweb.pt\" target=\"_blank\" style=\"color: #667eea;\">DriveWeb<\/a>\n        <\/p>\n    <\/form>\n<\/div>\n\n<script>\njQuery(document).ready(function($) {\n    $('.dwem-contact-form').on('submit', function(e) {\n        e.preventDefault();\n        const $form = $(this);\n        const $submit = $form.find('[type=\"submit\"]');\n        const $message = $form.find('.dwem-form-message');\n        \n        $submit.prop('disabled', true).html('<span class=\"dwem-loading-spinner\"><\/span> Enviando...');\n        \n        $.ajax({\n            url: 'https:\/\/doca.com.pt\/wp-admin\/admin-ajax.php',\n            type: 'POST',\n            data: {\n                action: 'dwem_contact_submit',\n                nonce: $form.find('#dwem_contact_nonce').val(),\n                name: $form.find('[name=\"name\"]').val(),\n                email: $form.find('[name=\"email\"]').val(),\n                subject: $form.find('[name=\"subject\"]').val(),\n                message: $form.find('[name=\"message\"]').val()\n            },\n            success: function(response) {\n                if (response.success) {\n                    $message.removeClass('dwem-form-error').addClass('dwem-form-success show')\n                           .html(response.data.message);\n                    $form[0].reset();\n                } else {\n                    $message.removeClass('dwem-form-success').addClass('dwem-form-error show')\n                           .html(response.data.message);\n                }\n            },\n            error: function() {\n                $message.removeClass('dwem-form-success').addClass('dwem-form-error show')\n                       .html('Erro ao enviar. Tente novamente.');\n            },\n            complete: function() {\n                $submit.prop('disabled', false).html('\ud83d\udce7 Enviar Mensagem');\n            }\n        });\n    });\n});\n<\/script>\n<\/div>\n\t\t\t\t\t\t<\/div>\n\t\t\t\t\t<\/div>\n\t\t<\/div>\n\t\t\t\t\t<\/div>\n\t\t<\/section>\n\t\t\t\t<\/div>\n\t\t","protected":false},"excerpt":{"rendered":"<p>Home Como o podemos ajudar? Na DOCA Enduroline desenvolvemos e selecionamos pe\u00e7as e prote\u00e7\u00f5es pensadas para uso real em enduro e hard enduro. Ajudamos-te a escolher a solu\u00e7\u00e3o certa para a tua mota, esclarecemos compatibilidades e garantimos um acompanhamento direto desde a encomenda at\u00e9 \u00e0 entrega. Hor\u00e1rio de Atendimento Segunda a Sexta: 9h \u2013 18h<\/p>\n<div class=\"klb-readmore button\"><a class=\"btn link\" href=\"https:\/\/doca.com.pt\/pt_pt_ao90\/contact\/\">Read More <i class=\"klbth-icon-right-arrow\"><\/i><\/a><\/div>\n","protected":false},"author":1,"featured_media":0,"parent":0,"menu_order":0,"comment_status":"closed","ping_status":"closed","template":"","meta":{"footnotes":""},"class_list":["post-2144","page","type-page","status-publish","hentry"],"_links":{"self":[{"href":"https:\/\/doca.com.pt\/pt_pt_ao90\/wp-json\/wp\/v2\/pages\/2144","targetHints":{"allow":["GET"]}}],"collection":[{"href":"https:\/\/doca.com.pt\/pt_pt_ao90\/wp-json\/wp\/v2\/pages"}],"about":[{"href":"https:\/\/doca.com.pt\/pt_pt_ao90\/wp-json\/wp\/v2\/types\/page"}],"author":[{"embeddable":true,"href":"https:\/\/doca.com.pt\/pt_pt_ao90\/wp-json\/wp\/v2\/users\/1"}],"replies":[{"embeddable":true,"href":"https:\/\/doca.com.pt\/pt_pt_ao90\/wp-json\/wp\/v2\/comments?post=2144"}],"version-history":[{"count":90,"href":"https:\/\/doca.com.pt\/pt_pt_ao90\/wp-json\/wp\/v2\/pages\/2144\/revisions"}],"predecessor-version":[{"id":6332,"href":"https:\/\/doca.com.pt\/pt_pt_ao90\/wp-json\/wp\/v2\/pages\/2144\/revisions\/6332"}],"wp:attachment":[{"href":"https:\/\/doca.com.pt\/pt_pt_ao90\/wp-json\/wp\/v2\/media?parent=2144"}],"curies":[{"name":"wp","href":"https:\/\/api.w.org\/{rel}","templated":true}]}}