{"id":3831,"date":"2022-11-11T08:08:57","date_gmt":"2022-11-11T08:08:57","guid":{"rendered":"https:\/\/klbtheme.com\/partdo\/?page_id=3831"},"modified":"2026-01-03T00:11:07","modified_gmt":"2026-01-03T00:11:07","slug":"politica-de-privacidade","status":"publish","type":"page","link":"https:\/\/doca.com.pt\/pt_pt_ao90\/politica-de-privacidade\/","title":{"rendered":"Pol\u00edtica de privacidade"},"content":{"rendered":"\t\t<div data-elementor-type=\"wp-page\" data-elementor-id=\"3831\" class=\"elementor elementor-3831\">\n\t\t\t\t\t\t<section class=\"elementor-section elementor-top-section elementor-element elementor-element-e09bb24 elementor-section-boxed elementor-section-height-default elementor-section-height-default\" data-id=\"e09bb24\" data-element_type=\"section\" data-e-type=\"section\">\n\t\t\t\t\t\t<div class=\"elementor-container elementor-column-gap-extended\">\n\t\t\t\t\t<div class=\"elementor-column elementor-col-100 elementor-top-column elementor-element elementor-element-6fbc363\" data-id=\"6fbc363\" data-element_type=\"column\" data-e-type=\"column\">\n\t\t\t<div class=\"elementor-widget-wrap elementor-element-populated\">\n\t\t\t\t\t\t<div class=\"elementor-element elementor-element-9600bb5 elementor-widget elementor-widget-text-editor\" data-id=\"9600bb5\" data-element_type=\"widget\" data-e-type=\"widget\" data-widget_type=\"text-editor.default\">\n\t\t\t\t\t\t\t\t\t<ul><li data-start=\"206\" data-end=\"250\">Pol\u00edtica de Privacidade \u2013 DOCAenduroline\u00ae<\/li><\/ul><p data-start=\"252\" data-end=\"385\">Esta Pol\u00edtica de Privacidade explica como a DOCAenduroline\u00ae recolhe, utiliza e protege os dados pessoais dos utilizadores do website.<\/p><p data-start=\"387\" data-end=\"521\">Ao utilizar o nosso site, est\u00e1 a aceitar os termos desta Pol\u00edtica de Privacidade. Se n\u00e3o concordar, deve deixar de utilizar o website.<\/p><hr data-start=\"523\" data-end=\"526\" \/><h3 data-start=\"528\" data-end=\"545\">1. Quem somos<\/h3><p data-start=\"330\" data-end=\"487\"><strong data-start=\"330\" data-end=\"347\">1. Quem somos<\/strong><br data-start=\"347\" data-end=\"350\" \/>A <strong>DOCAenduroline\u00ae<\/strong> \u00e9 uma marca portuguesa dedicada ao desenvolvimento e comercializa\u00e7\u00e3o de pe\u00e7as e prote\u00e7\u00f5es CNC para motos de enduro.<\/p><p data-start=\"494\" data-end=\"675\">Para efeitos do Regulamento Geral sobre a Prote\u00e7\u00e3o de Dados (RGPD), a DOCAenduroline\u00ae \u00e9 a entidade respons\u00e1vel pelo tratamento dos dados pessoais recolhidos atrav\u00e9s deste website.<\/p><p data-start=\"682\" data-end=\"884\"><strong data-start=\"682\" data-end=\"704\">Dados da entidade:<\/strong><\/p><p data-start=\"597\" data-end=\"713\"><strong data-start=\"597\" data-end=\"616\">DOCAenduroline\u00ae<\/strong><br data-start=\"616\" data-end=\"619\" \/>NIF: 515 691 879<br data-start=\"635\" data-end=\"638\" \/>Sede: Rua Padre Manuel Guimar\u00e3es, n\u00ba 75<br data-start=\"677\" data-end=\"680\" \/>4700-277 Real, Braga \u2013 Portugal<\/p><p data-start=\"715\" data-end=\"787\"><strong data-start=\"715\" data-end=\"727\">Website:<\/strong> <a href=\"https:\/\/doca.com.pt\" target=\"_new\" rel=\"noopener\" data-start=\"728\" data-end=\"747\">https:\/\/doca.com.pt<\/a><br data-start=\"747\" data-end=\"750\" \/><strong data-start=\"750\" data-end=\"767\">E-mail geral:<\/strong> <a rel=\"noopener\" data-start=\"768\" data-end=\"785\">geral@doca.com.pt<\/a><\/p><p data-start=\"789\" data-end=\"957\">A DOCAenduroline\u00ae \u00e9 a respons\u00e1vel pelo tratamento dos dados pessoais recolhidos atrav\u00e9s deste website, nos termos do Regulamento Geral sobre a Prote\u00e7\u00e3o de Dados (RGPD).<\/p><hr data-start=\"959\" data-end=\"962\" \/><h3 data-start=\"964\" data-end=\"991\">2. Que dados recolhemos<\/h3><p data-start=\"993\" data-end=\"1047\">Podemos recolher e tratar os seguintes tipos de dados:<\/p><p data-start=\"1049\" data-end=\"1089\"><strong data-start=\"1049\" data-end=\"1089\">Dados fornecidos diretamente por si:<\/strong><\/p><ul data-start=\"1091\" data-end=\"1232\"><li data-start=\"1091\" data-end=\"1099\"><p data-start=\"1093\" data-end=\"1099\">Nome<\/p><\/li><li data-start=\"1100\" data-end=\"1122\"><p data-start=\"1102\" data-end=\"1122\">Endere\u00e7o de e-mail<\/p><\/li><li data-start=\"1123\" data-end=\"1169\"><p data-start=\"1125\" data-end=\"1169\">Website (opcional, no caso de coment\u00e1rios)<\/p><\/li><li data-start=\"1170\" data-end=\"1232\"><p data-start=\"1172\" data-end=\"1232\">Conte\u00fado de coment\u00e1rios, mensagens ou formul\u00e1rios enviados<\/p><\/li><\/ul><p data-start=\"1234\" data-end=\"1269\"><strong data-start=\"1234\" data-end=\"1269\">Dados t\u00e9cnicos e de utiliza\u00e7\u00e3o:<\/strong><\/p><ul data-start=\"1271\" data-end=\"1444\"><li data-start=\"1271\" data-end=\"1286\"><p data-start=\"1273\" data-end=\"1286\">Endere\u00e7o IP<\/p><\/li><li data-start=\"1287\" data-end=\"1317\"><p data-start=\"1289\" data-end=\"1317\">Tipo e vers\u00e3o do navegador<\/p><\/li><li data-start=\"1318\" data-end=\"1339\"><p data-start=\"1320\" data-end=\"1339\">Sistema operativo<\/p><\/li><li data-start=\"1340\" data-end=\"1386\"><p data-start=\"1342\" data-end=\"1386\">P\u00e1ginas visitadas, datas e horas de acesso<\/p><\/li><li data-start=\"1387\" data-end=\"1444\"><p data-start=\"1389\" data-end=\"1444\">Outras informa\u00e7\u00f5es geradas pela sua navega\u00e7\u00e3o no site<\/p><\/li><\/ul><div><div><strong>Os dados pessoais s\u00e3o tratados com base numa ou mais das seguintes fundamenta\u00e7\u00f5es legais:<\/strong><\/div><ul><li>Execu\u00e7\u00e3o de um contrato ou dilig\u00eancias pr\u00e9-contratuais;<\/li><li>Cumprimento de obriga\u00e7\u00f5es legais;<\/li><li>Consentimento do titular dos dados;<\/li><li>\u00a0Interesse leg\u00edtimo da DOCAenduroline\u00ae, nomeadamente para seguran\u00e7a do website, preven\u00e7\u00e3o de fraude e melhoria dos servi\u00e7os.<\/li><\/ul><p>No \u00e2mbito de encomendas realizadas na loja online, poder\u00e3o ainda ser tratados dados<br \/>necess\u00e1rios \u00e0 fatura\u00e7\u00e3o, expedi\u00e7\u00e3o e cumprimento de obriga\u00e7\u00f5es legais,<br \/>como morada de fatura\u00e7\u00e3o\/envio e n\u00famero de identifica\u00e7\u00e3o fiscal.<\/p><\/div><div><strong data-start=\"1446\" data-end=\"1501\">Dados atrav\u00e9s de cookies e tecnologias semelhantes:<\/strong><br data-start=\"1501\" data-end=\"1504\" \/>Ver sec\u00e7\u00e3o \u201cCookies\u201d.<\/div><hr data-start=\"1527\" data-end=\"1530\" \/><h3 data-start=\"1532\" data-end=\"1550\">3. Coment\u00e1rios<\/h3><p data-start=\"1552\" data-end=\"1612\">Quando os visitantes deixam coment\u00e1rios no site, recolhemos:<\/p><ul data-start=\"1614\" data-end=\"1777\"><li data-start=\"1614\" data-end=\"1668\"><p data-start=\"1616\" data-end=\"1668\">Os dados apresentados no formul\u00e1rio de coment\u00e1rios<\/p><\/li><li data-start=\"1669\" data-end=\"1699\"><p data-start=\"1671\" data-end=\"1699\">O endere\u00e7o IP do visitante<\/p><\/li><li data-start=\"1700\" data-end=\"1777\"><p data-start=\"1702\" data-end=\"1777\">O user agent (identifica\u00e7\u00e3o) do navegador, para ajudar na dete\u00e7\u00e3o de spam<\/p><\/li><\/ul><p data-start=\"1779\" data-end=\"2013\">Podemos ainda enviar ao servi\u00e7o <strong data-start=\"1811\" data-end=\"1823\">Gravatar<\/strong> uma string anonimizada (hash) criada a partir do seu e-mail para verificar se utiliza essa conta. A pol\u00edtica de privacidade do Gravatar est\u00e1 dispon\u00edvel em:<br data-start=\"1979\" data-end=\"1982\" \/><a href=\"https:\/\/automattic.com\/privacy\/\" target=\"_new\" rel=\"noopener\" data-start=\"1982\" data-end=\"2013\">https:\/\/automattic.com\/privacy\/<\/a><\/p><p data-start=\"2015\" data-end=\"2151\">Ap\u00f3s a aprova\u00e7\u00e3o do coment\u00e1rio, a sua imagem de perfil (se existir no Gravatar) pode ficar vis\u00edvel ao p\u00fablico no contexto do coment\u00e1rio.<\/p><p data-start=\"2153\" data-end=\"2256\">Coment\u00e1rios dos visitantes podem ser verificados atrav\u00e9s de um servi\u00e7o automatizado de dete\u00e7\u00e3o de spam.<\/p><hr data-start=\"2258\" data-end=\"2261\" \/><h3 data-start=\"2263\" data-end=\"2306\">4. Media (imagens e ficheiros enviados)<\/h3><p data-start=\"2308\" data-end=\"2550\">Se carregar imagens para o website, deve evitar enviar ficheiros que contenham dados de localiza\u00e7\u00e3o incorporados (EXIF GPS).<br data-start=\"2432\" data-end=\"2435\" \/>Outros utilizadores podem descarregar essas imagens e extrair informa\u00e7\u00f5es de localiza\u00e7\u00e3o a partir desses ficheiros.<\/p><hr data-start=\"2552\" data-end=\"2555\" \/><h3 data-start=\"2557\" data-end=\"2571\">5. Cookies<\/h3><p data-start=\"2573\" data-end=\"2642\">Utilizamos cookies para melhorar a experi\u00eancia de utiliza\u00e7\u00e3o do site.<\/p><p data-start=\"2573\" data-end=\"2642\">Os cookies n\u00e3o essenciais s\u00f3 s\u00e3o utilizados mediante o seu consentimento,<br \/>prestado atrav\u00e9s do banner de cookies apresentado aquando da primeira visita ao website.<\/p><h4 data-start=\"2644\" data-end=\"2665\">5.1. Coment\u00e1rios<\/h4><p data-start=\"2667\" data-end=\"2940\">Se deixar um coment\u00e1rio no nosso site, pode optar por guardar o seu nome, endere\u00e7o de e-mail e website em cookies. Isto \u00e9 para sua conveni\u00eancia, para n\u00e3o ter de preencher novamente esses dados em coment\u00e1rios futuros.<br data-start=\"2883\" data-end=\"2886\" \/>Estes cookies t\u00eam uma dura\u00e7\u00e3o aproximada de <strong data-start=\"2930\" data-end=\"2939\">1 ano<\/strong>.<\/p><h4 data-start=\"2942\" data-end=\"2965\">5.2. \u00c1rea de login<\/h4><p data-start=\"2967\" data-end=\"3083\">Se visitar a p\u00e1gina de login, ser\u00e1 definido um cookie tempor\u00e1rio para verificar se o seu navegador aceita cookies.<\/p><ul data-start=\"3084\" data-end=\"3164\"><li data-start=\"3084\" data-end=\"3125\"><p data-start=\"3086\" data-end=\"3125\">Este cookie n\u00e3o cont\u00e9m dados pessoais<\/p><\/li><li data-start=\"3126\" data-end=\"3164\"><p data-start=\"3128\" data-end=\"3164\">\u00c9 apagado quando fecha o navegador<\/p><\/li><\/ul><p data-start=\"3166\" data-end=\"3228\">Quando inicia sess\u00e3o, s\u00e3o criados v\u00e1rios cookies para guardar:<\/p><ul data-start=\"3230\" data-end=\"3552\"><li data-start=\"3230\" data-end=\"3262\"><p data-start=\"3232\" data-end=\"3262\">As suas informa\u00e7\u00f5es de login<\/p><\/li><li data-start=\"3263\" data-end=\"3311\"><p data-start=\"3265\" data-end=\"3311\">As suas prefer\u00eancias de visualiza\u00e7\u00e3o no ecr\u00e3<\/p><\/li><li data-start=\"3313\" data-end=\"3363\"><p data-start=\"3315\" data-end=\"3363\">Cookies de login: normalmente duram <strong data-start=\"3351\" data-end=\"3361\">2 dias<\/strong><\/p><\/li><li data-start=\"3364\" data-end=\"3422\"><p data-start=\"3366\" data-end=\"3422\">Cookies de op\u00e7\u00f5es de ecr\u00e3: normalmente duram <strong data-start=\"3411\" data-end=\"3420\">1 ano<\/strong><\/p><\/li><li data-start=\"3423\" data-end=\"3495\"><p data-start=\"3425\" data-end=\"3495\">Se selecionar \u201cLembrar-me\u201d, o login pode persistir at\u00e9 <strong data-start=\"3480\" data-end=\"3493\">2 semanas<\/strong><\/p><\/li><li data-start=\"3496\" data-end=\"3552\"><p data-start=\"3498\" data-end=\"3552\">Ao terminar sess\u00e3o, os cookies de login s\u00e3o apagados<\/p><\/li><\/ul><p data-start=\"3554\" data-end=\"3636\">Se editar ou publicar um artigo, ser\u00e1 guardado um cookie adicional no navegador:<\/p><ul data-start=\"3637\" data-end=\"3739\"><li data-start=\"3637\" data-end=\"3666\"><p data-start=\"3639\" data-end=\"3666\">N\u00e3o cont\u00e9m dados pessoais<\/p><\/li><li data-start=\"3667\" data-end=\"3710\"><p data-start=\"3669\" data-end=\"3710\">Apenas indica o ID do artigo que editou<\/p><\/li><li data-start=\"3711\" data-end=\"3739\"><p data-start=\"3713\" data-end=\"3739\">Expira ao fim de <strong data-start=\"3730\" data-end=\"3739\">1 dia<\/strong><\/p><\/li><\/ul><p data-start=\"3741\" data-end=\"3879\">Pode configurar o seu navegador para bloquear ou apagar cookies, mas isso poder\u00e1 afetar o funcionamento correto de algumas partes do site.<\/p><hr data-start=\"3881\" data-end=\"3884\" \/><h3 data-start=\"3886\" data-end=\"3934\">6. Conte\u00fados incorporados de outros websites<\/h3><p data-start=\"3936\" data-end=\"4003\">Artigos neste site podem incluir conte\u00fados incorporados, tais como:<\/p><ul data-start=\"4005\" data-end=\"4073\"><li data-start=\"4005\" data-end=\"4015\"><p data-start=\"4007\" data-end=\"4015\">V\u00eddeos<\/p><\/li><li data-start=\"4016\" data-end=\"4027\"><p data-start=\"4018\" data-end=\"4027\">Imagens<\/p><\/li><li data-start=\"4028\" data-end=\"4039\"><p data-start=\"4030\" data-end=\"4039\">Artigos<\/p><\/li><li data-start=\"4040\" data-end=\"4073\"><p data-start=\"4042\" data-end=\"4073\">Outros elementos de terceiros<\/p><\/li><\/ul><p data-start=\"4075\" data-end=\"4197\">O conte\u00fado incorporado de outros websites comporta-se como se o utilizador estivesse a visitar diretamente esses websites.<\/p><p data-start=\"4199\" data-end=\"4220\">Esses websites podem:<\/p><ul data-start=\"4222\" data-end=\"4462\"><li data-start=\"4222\" data-end=\"4249\"><p data-start=\"4224\" data-end=\"4249\">Recolher dados sobre si<\/p><\/li><li data-start=\"4250\" data-end=\"4270\"><p data-start=\"4252\" data-end=\"4270\">Utilizar cookies<\/p><\/li><li data-start=\"4271\" data-end=\"4323\"><p data-start=\"4273\" data-end=\"4323\">Incorporar sistemas de rastreamento de terceiros<\/p><\/li><li data-start=\"4324\" data-end=\"4382\"><p data-start=\"4326\" data-end=\"4382\">Monitorizar a sua intera\u00e7\u00e3o com o conte\u00fado incorporado<\/p><\/li><li data-start=\"4383\" data-end=\"4462\"><p data-start=\"4385\" data-end=\"4462\">Associar essa intera\u00e7\u00e3o \u00e0 sua conta, se estiver autenticado nesses servi\u00e7os<\/p><\/li><\/ul><p data-start=\"4464\" data-end=\"4555\">Recomendamos que consulte as pol\u00edticas de privacidade dos respetivos websites de terceiros.<\/p><hr data-start=\"4557\" data-end=\"4560\" \/><h3 data-start=\"4562\" data-end=\"4603\">7. Com quem partilhamos os seus dados<\/h3><p data-start=\"4605\" data-end=\"4697\">Podemos partilhar os seus dados pessoais apenas quando necess\u00e1rio e nas seguintes situa\u00e7\u00f5es:<\/p><ul data-start=\"4699\" data-end=\"5138\"><li data-start=\"4699\" data-end=\"4846\"><p data-start=\"4701\" data-end=\"4846\"><strong data-start=\"4701\" data-end=\"4722\">Servi\u00e7os t\u00e9cnicos<\/strong> (hospedagem, seguran\u00e7a, backups, dete\u00e7\u00e3o de spam, etc.), na medida do estritamente necess\u00e1rio para a presta\u00e7\u00e3o do servi\u00e7o<\/p><\/li><li data-start=\"4847\" data-end=\"5002\"><p data-start=\"4849\" data-end=\"5002\"><strong data-start=\"4849\" data-end=\"4892\">Pedido de redefini\u00e7\u00e3o de palavra-passe:<\/strong> se solicitar a redefini\u00e7\u00e3o, o seu endere\u00e7o IP pode ser inclu\u00eddo no e-mail de reset como medida de seguran\u00e7a<\/p><\/li><li data-start=\"5003\" data-end=\"5138\"><p data-start=\"5005\" data-end=\"5138\"><strong data-start=\"5005\" data-end=\"5025\">Obriga\u00e7\u00e3o legal:<\/strong> quando a lei assim o exige ou quando formos obrigados por autoridades administrativas ou judiciais competentes<\/p><\/li><\/ul><p data-start=\"5140\" data-end=\"5188\">N\u00e3o vendemos os seus dados pessoais a terceiros.<\/p><hr data-start=\"5190\" data-end=\"5193\" \/><h3 data-start=\"5195\" data-end=\"5248\">8. Durante quanto tempo conservamos os seus dados<\/h3><ul data-start=\"5250\" data-end=\"5853\"><li data-start=\"5250\" data-end=\"5473\"><p data-start=\"5252\" data-end=\"5473\"><strong data-start=\"5252\" data-end=\"5268\">Coment\u00e1rios:<\/strong> os coment\u00e1rios e os respetivos metadados s\u00e3o conservados por tempo indeterminado. Isto permite reconhecer e aprovar automaticamente coment\u00e1rios de seguimento, em vez de os manter numa fila de modera\u00e7\u00e3o.<\/p><\/li><li data-start=\"5474\" data-end=\"5853\"><p data-start=\"5476\" data-end=\"5640\"><strong data-start=\"5476\" data-end=\"5519\">Utilizadores registados (se aplic\u00e1vel):<\/strong> para utilizadores que se registam no nosso site, guardamos a informa\u00e7\u00e3o pessoal fornecida no seu perfil de utilizador.<\/p><ul data-start=\"5643\" data-end=\"5853\"><li data-start=\"5643\" data-end=\"5775\"><p data-start=\"5645\" data-end=\"5775\">Todos os utilizadores podem ver, editar ou apagar as suas informa\u00e7\u00f5es pessoais a qualquer momento (exceto o nome de utilizador).<\/p><\/li><li data-start=\"5778\" data-end=\"5853\"><p data-start=\"5780\" data-end=\"5853\">Os administradores do site tamb\u00e9m podem ver e editar essas informa\u00e7\u00f5es.<\/p><\/li><\/ul><\/li><\/ul><p data-start=\"5855\" data-end=\"6036\">Dados t\u00e9cnicos de acesso e utiliza\u00e7\u00e3o podem ser conservados por per\u00edodos diferentes, consoante a finalidade (seguran\u00e7a, estat\u00edsticas, logs t\u00e9cnicos), sempre limitados ao necess\u00e1rio.<\/p><hr data-start=\"6038\" data-end=\"6041\" \/><h3 data-start=\"6043\" data-end=\"6076\">9. Quais s\u00e3o os seus direitos<\/h3><p data-start=\"6078\" data-end=\"6162\">Nos termos do RGPD, tem os seguintes direitos relativamente aos seus dados pessoais:<\/p><ul data-start=\"6164\" data-end=\"6366\"><li data-start=\"6164\" data-end=\"6185\"><p data-start=\"6166\" data-end=\"6185\">Direito de acesso<\/p><\/li><li data-start=\"6186\" data-end=\"6212\"><p data-start=\"6188\" data-end=\"6212\">Direito de retifica\u00e7\u00e3o<\/p><\/li><li data-start=\"6213\" data-end=\"6266\"><p data-start=\"6215\" data-end=\"6266\">Direito ao apagamento (\u201cdireito a ser esquecido\u201d)<\/p><\/li><li data-start=\"6267\" data-end=\"6304\"><p data-start=\"6269\" data-end=\"6304\">Direito \u00e0 limita\u00e7\u00e3o do tratamento<\/p><\/li><li data-start=\"6305\" data-end=\"6328\"><p data-start=\"6307\" data-end=\"6328\">Direito de oposi\u00e7\u00e3o<\/p><\/li><li data-start=\"6329\" data-end=\"6366\"><p data-start=\"6331\" data-end=\"6366\">Direito \u00e0 portabilidade dos dados<\/p><\/li><\/ul><p data-start=\"6368\" data-end=\"6442\">Para exercer qualquer um destes direitos, pode contactar-nos atrav\u00e9s de:<\/p><p data-start=\"6444\" data-end=\"6475\"><strong data-start=\"6444\" data-end=\"6455\">E-mail:<\/strong> <a rel=\"noopener\" data-start=\"6456\" data-end=\"6473\">geral@doca.com.pt<\/a><\/p><p data-start=\"6477\" data-end=\"6581\">Poderemos solicitar informa\u00e7\u00f5es adicionais para confirmar a sua identidade antes de responder ao pedido.<\/p><p data-start=\"6583\" data-end=\"6735\">Tamb\u00e9m tem o direito de apresentar reclama\u00e7\u00e3o junto da autoridade de controlo competente em Portugal: <strong data-start=\"6685\" data-end=\"6734\">Comiss\u00e3o Nacional de Prote\u00e7\u00e3o de Dados (CNPD)<\/strong>.<\/p><hr data-start=\"6737\" data-end=\"6740\" \/><h3 data-start=\"6742\" data-end=\"6769\">10. Seguran\u00e7a dos dados<\/h3><p data-start=\"6771\" data-end=\"6867\">Adotamos medidas t\u00e9cnicas e organizativas adequadas para proteger os seus dados pessoais contra:<\/p><ul data-start=\"6869\" data-end=\"6947\"><li data-start=\"6869\" data-end=\"6894\"><p data-start=\"6871\" data-end=\"6894\">Acesso n\u00e3o autorizado<\/p><\/li><li data-start=\"6895\" data-end=\"6908\"><p data-start=\"6897\" data-end=\"6908\">Altera\u00e7\u00e3o<\/p><\/li><li data-start=\"6909\" data-end=\"6923\"><p data-start=\"6911\" data-end=\"6923\">Divulga\u00e7\u00e3o<\/p><\/li><li data-start=\"6924\" data-end=\"6947\"><p data-start=\"6926\" data-end=\"6947\">Perda ou destrui\u00e7\u00e3o<\/p><\/li><\/ul><p data-start=\"6949\" data-end=\"7062\">Nenhum sistema \u00e9 totalmente imune, mas comprometemo-nos a atuar com dilig\u00eancia em caso de incidente de seguran\u00e7a.<\/p><hr data-start=\"7064\" data-end=\"7067\" \/><h3 data-start=\"7069\" data-end=\"7115\">11. Transfer\u00eancias internacionais de dados<\/h3><p data-start=\"7117\" data-end=\"7284\">Sempre que poss\u00edvel, os dados s\u00e3o tratados dentro do Espa\u00e7o Econ\u00f3mico Europeu (EEE).<br data-start=\"7201\" data-end=\"7204\" \/>Se recorrermos a servi\u00e7os de terceiros localizados fora do EEE, asseguramos que:<\/p><ul data-start=\"7286\" data-end=\"7431\"><li data-start=\"7286\" data-end=\"7359\"><p data-start=\"7288\" data-end=\"7359\">Existem mecanismos legais adequados (como Cl\u00e1usulas Contratuais-Tipo)<\/p><\/li><li data-start=\"7360\" data-end=\"7431\"><p data-start=\"7362\" data-end=\"7431\">S\u00e3o cumpridas as exig\u00eancias do RGPD em mat\u00e9ria de prote\u00e7\u00e3o de dados<\/p><\/li><\/ul><hr data-start=\"7433\" data-end=\"7436\" \/><h3 data-start=\"7438\" data-end=\"7487\">12. Altera\u00e7\u00f5es a esta Pol\u00edtica de Privacidade<\/h3><p data-start=\"7489\" data-end=\"7565\">Podemos atualizar esta Pol\u00edtica de Privacidade periodicamente para refletir:<\/p><ul data-start=\"7567\" data-end=\"7684\"><li data-start=\"7567\" data-end=\"7606\"><p data-start=\"7569\" data-end=\"7606\">Altera\u00e7\u00f5es legais ou regulamentares<\/p><\/li><li data-start=\"7607\" data-end=\"7646\"><p data-start=\"7609\" data-end=\"7646\">Ajustes no funcionamento do website<\/p><\/li><li data-start=\"7647\" data-end=\"7684\"><p data-start=\"7649\" data-end=\"7684\">Novos servi\u00e7os ou funcionalidades<\/p><\/li><\/ul><p data-start=\"7686\" data-end=\"7781\">A vers\u00e3o atualizada ser\u00e1 sempre publicada nesta p\u00e1gina com a data de atualiza\u00e7\u00e3o, se aplic\u00e1vel.<\/p><hr data-start=\"7783\" data-end=\"7786\" \/><h3 data-start=\"7788\" data-end=\"7805\">13. Contactos<\/h3><p data-start=\"7807\" data-end=\"7934\">Para qualquer quest\u00e3o relacionada com esta Pol\u00edtica de Privacidade ou com o tratamento dos seus dados pessoais, pode contactar:<\/p><p data-start=\"7936\" data-end=\"8084\"><strong data-start=\"7936\" data-end=\"7955\">DOCAenduroline\u00ae<\/strong><br data-start=\"7955\" data-end=\"7958\" \/>NIF: 515 691 879<br data-start=\"7974\" data-end=\"7977\" \/>Sede: Rua Padre Manuel Guimar\u00e3es, n\u00ba 75<br data-start=\"8016\" data-end=\"8019\" \/>4700-277 Real, Braga \u2013 Portugal<br data-start=\"8050\" data-end=\"8053\" \/><strong data-start=\"8053\" data-end=\"8064\">E-mail:<\/strong> <a rel=\"noopener\" data-start=\"8065\" data-end=\"8082\">geral@doca.com.pt<\/a><\/p>\t\t\t\t\t\t\t\t<\/div>\n\t\t\t\t\t<\/div>\n\t\t<\/div>\n\t\t\t\t\t<\/div>\n\t\t<\/section>\n\t\t\t\t<\/div>\n\t\t","protected":false},"excerpt":{"rendered":"<p>Pol\u00edtica de Privacidade \u2013 DOCAenduroline\u00ae Esta Pol\u00edtica de Privacidade explica como a DOCAenduroline\u00ae recolhe, utiliza e protege os dados pessoais dos utilizadores do website. Ao utilizar o nosso site, est\u00e1 a aceitar os termos desta Pol\u00edtica de Privacidade. Se n\u00e3o concordar, deve deixar de utilizar o website. 1. Quem somos 1. Quem somosA DOCAenduroline\u00ae \u00e9<\/p>\n<div class=\"klb-readmore button\"><a class=\"btn link\" href=\"https:\/\/doca.com.pt\/pt_pt_ao90\/politica-de-privacidade\/\">Read More <i class=\"klbth-icon-right-arrow\"><\/i><\/a><\/div>\n","protected":false},"author":1,"featured_media":0,"parent":0,"menu_order":0,"comment_status":"closed","ping_status":"closed","template":"","meta":{"footnotes":""},"class_list":["post-3831","page","type-page","status-publish","hentry"],"_links":{"self":[{"href":"https:\/\/doca.com.pt\/pt_pt_ao90\/wp-json\/wp\/v2\/pages\/3831","targetHints":{"allow":["GET"]}}],"collection":[{"href":"https:\/\/doca.com.pt\/pt_pt_ao90\/wp-json\/wp\/v2\/pages"}],"about":[{"href":"https:\/\/doca.com.pt\/pt_pt_ao90\/wp-json\/wp\/v2\/types\/page"}],"author":[{"embeddable":true,"href":"https:\/\/doca.com.pt\/pt_pt_ao90\/wp-json\/wp\/v2\/users\/1"}],"replies":[{"embeddable":true,"href":"https:\/\/doca.com.pt\/pt_pt_ao90\/wp-json\/wp\/v2\/comments?post=3831"}],"version-history":[{"count":14,"href":"https:\/\/doca.com.pt\/pt_pt_ao90\/wp-json\/wp\/v2\/pages\/3831\/revisions"}],"predecessor-version":[{"id":6118,"href":"https:\/\/doca.com.pt\/pt_pt_ao90\/wp-json\/wp\/v2\/pages\/3831\/revisions\/6118"}],"wp:attachment":[{"href":"https:\/\/doca.com.pt\/pt_pt_ao90\/wp-json\/wp\/v2\/media?parent=3831"}],"curies":[{"name":"wp","href":"https:\/\/api.w.org\/{rel}","templated":true}]}}