{"id":4568,"date":"2025-11-23T14:27:12","date_gmt":"2025-11-23T14:27:12","guid":{"rendered":"https:\/\/doca.com.pt\/?post_type=product&#038;p=4568"},"modified":"2026-03-17T08:15:38","modified_gmt":"2026-03-17T08:15:38","slug":"topos-de-guiador","status":"publish","type":"product","link":"https:\/\/doca.com.pt\/pt_pt_ao90\/product\/topos-de-guiador\/","title":{"rendered":"Topos de Guiador"},"content":{"rendered":"<p data-start=\"261\" data-end=\"499\">Os <strong data-start=\"264\" data-end=\"299\">Topos de Guiador DOCAenduroline<\/strong> foram desenvolvidos para proteger as extremidades do guiador e evitar danos em caso de queda. Produzidos em <strong data-start=\"408\" data-end=\"440\">alum\u00ednio de alta resist\u00eancia<\/strong>, garantem durabilidade, seguran\u00e7a e um acabamento premium.<\/p>\n<p data-start=\"501\" data-end=\"731\">O acabamento <strong data-start=\"514\" data-end=\"527\">anodizado<\/strong> oferece prote\u00e7\u00e3o adicional contra riscos e desgaste, mantendo a cor e o aspeto visual por muito mais tempo.<br data-start=\"635\" data-end=\"638\" \/>A instala\u00e7\u00e3o \u00e9 <strong data-start=\"653\" data-end=\"670\">muito simples<\/strong>, permitindo substituir os topos originais em poucos minutos.<\/p>\n<p data-start=\"733\" data-end=\"850\">Dispon\u00edveis em v\u00e1rias cores, permitem personalizar a moto ao teu gosto, combinando perfeitamente com qualquer estilo.<\/p>\n<hr data-start=\"852\" data-end=\"855\" \/>\n<h2 data-start=\"857\" data-end=\"890\"><strong data-start=\"860\" data-end=\"890\">Caracter\u00edsticas Principais<\/strong><\/h2>\n<ul data-start=\"891\" data-end=\"1176\">\n<li data-start=\"891\" data-end=\"934\">\n<p data-start=\"893\" data-end=\"934\">Evita danos no guiador em caso de queda<\/p>\n<\/li>\n<li data-start=\"935\" data-end=\"985\">\n<p data-start=\"937\" data-end=\"985\">Constru\u00e7\u00e3o em <strong data-start=\"951\" data-end=\"983\">alum\u00ednio de alta resist\u00eancia<\/strong><\/p>\n<\/li>\n<li data-start=\"986\" data-end=\"1028\">\n<p data-start=\"988\" data-end=\"1028\">Acabamento de superf\u00edcie <strong data-start=\"1013\" data-end=\"1026\">anodizado<\/strong><\/p>\n<\/li>\n<li data-start=\"1029\" data-end=\"1055\">\n<p data-start=\"1031\" data-end=\"1055\">Instala\u00e7\u00e3o muito f\u00e1cil<\/p>\n<\/li>\n<li data-start=\"1056\" data-end=\"1119\">\n<p data-start=\"1058\" data-end=\"1119\">Dispon\u00edvel em <strong data-start=\"1072\" data-end=\"1117\">Azul, Laranja, Preto, Vermelho e Cinzento<\/strong><\/p>\n<\/li>\n<li data-start=\"1120\" data-end=\"1176\">\n<p data-start=\"1122\" data-end=\"1176\">Compat\u00edvel com guiadores de <strong data-start=\"1150\" data-end=\"1159\">22 mm<\/strong> e <strong data-start=\"1162\" data-end=\"1174\">28,57 mm<\/strong><\/p>\n<\/li>\n<\/ul>\n","protected":false},"excerpt":{"rendered":"<ul>\n<li>Protege o guiador contra danos em caso de queda<\/li>\n<li>Constru\u00e7\u00e3o em alum\u00ednio de alta resist\u00eancia<\/li>\n<li>Instala\u00e7\u00e3o simples e compat\u00edvel com guiadores 22 mm e 28,57 mm<\/li>\n<\/ul>\n","protected":false},"featured_media":4578,"comment_status":"open","ping_status":"closed","template":"","meta":[],"product_brand":[],"product_cat":[214],"product_tag":[],"class_list":{"0":"post-4568","1":"product","2":"type-product","3":"status-publish","4":"has-post-thumbnail","6":"product_cat-diversos","8":"first","9":"instock","10":"shipping-taxable","11":"purchasable","12":"product-type-variable"},"_links":{"self":[{"href":"https:\/\/doca.com.pt\/pt_pt_ao90\/wp-json\/wp\/v2\/product\/4568","targetHints":{"allow":["GET"]}}],"collection":[{"href":"https:\/\/doca.com.pt\/pt_pt_ao90\/wp-json\/wp\/v2\/product"}],"about":[{"href":"https:\/\/doca.com.pt\/pt_pt_ao90\/wp-json\/wp\/v2\/types\/product"}],"replies":[{"embeddable":true,"href":"https:\/\/doca.com.pt\/pt_pt_ao90\/wp-json\/wp\/v2\/comments?post=4568"}],"wp:featuredmedia":[{"embeddable":true,"href":"https:\/\/doca.com.pt\/pt_pt_ao90\/wp-json\/wp\/v2\/media\/4578"}],"wp:attachment":[{"href":"https:\/\/doca.com.pt\/pt_pt_ao90\/wp-json\/wp\/v2\/media?parent=4568"}],"wp:term":[{"taxonomy":"product_brand","embeddable":true,"href":"https:\/\/doca.com.pt\/pt_pt_ao90\/wp-json\/wp\/v2\/product_brand?post=4568"},{"taxonomy":"product_cat","embeddable":true,"href":"https:\/\/doca.com.pt\/pt_pt_ao90\/wp-json\/wp\/v2\/product_cat?post=4568"},{"taxonomy":"product_tag","embeddable":true,"href":"https:\/\/doca.com.pt\/pt_pt_ao90\/wp-json\/wp\/v2\/product_tag?post=4568"}],"curies":[{"name":"wp","href":"https:\/\/api.w.org\/{rel}","templated":true}]}}