{"id":4585,"date":"2025-11-23T17:19:36","date_gmt":"2025-11-23T17:19:36","guid":{"rendered":"https:\/\/doca.com.pt\/?post_type=product&#038;p=4585"},"modified":"2026-04-09T12:46:59","modified_gmt":"2026-04-09T12:46:59","slug":"protecao-tps-ktm-husqvarna-gasgas-tbi","status":"publish","type":"product","link":"https:\/\/doca.com.pt\/pt_pt_ao90\/product\/protecao-tps-ktm-husqvarna-gasgas-tbi\/","title":{"rendered":"Prote\u00e7\u00e3o TPS \u2013 KTM \/ Husqvarna \/ GasGas ( TBI )"},"content":{"rendered":"<p data-start=\"515\" data-end=\"885\">A <strong data-start=\"517\" data-end=\"545\">Prote\u00e7\u00e3o do TPS para motos TBI<\/strong> da DOCAenduroline foi desenvolvida para garantir a seguran\u00e7a total do sensor mais sens\u00edvel da tua moto. No enduro \u2014 especialmente no <strong data-start=\"679\" data-end=\"694\">hard enduro<\/strong> \u2014 o sensor TPS e as respetivas <strong data-start=\"726\" data-end=\"746\">fichas el\u00e9tricas<\/strong> est\u00e3o extremamente expostos a impactos laterais, galhos, pedras e quedas lentas que podem causar avarias s\u00e9rias e repara\u00e7\u00f5es dispendiosas.<\/p>\n<p data-start=\"887\" data-end=\"1274\">Produzida em <strong data-start=\"900\" data-end=\"926\">alum\u00ednio maquinado<\/strong>, esta prote\u00e7\u00e3o cria uma barreira s\u00f3lida e fi\u00e1vel que protege integralmente o <strong data-start=\"1004\" data-end=\"1018\">sensor TPS<\/strong> e as <strong data-start=\"1024\" data-end=\"1034\">fichas<\/strong>, evitando danos que podem comprometer o desempenho do motor.<br data-start=\"1095\" data-end=\"1098\" \/>Al\u00e9m disso, foi cuidadosamente projetada para <strong data-start=\"1144\" data-end=\"1205\">n\u00e3o alterar, afetar ou desafinar o TPS durante a montagem<\/strong>, garantindo que a resposta do motor se mant\u00e9m precisa e consistente.<\/p>\n<p data-start=\"1276\" data-end=\"1428\">Compat\u00edvel com modelos <strong data-start=\"1299\" data-end=\"1330\">KTM, Husqvarna e GasGas TBI<\/strong>, esta prote\u00e7\u00e3o \u00e9 leve, resistente e encaixa com precis\u00e3o absoluta, sem folgas nem interfer\u00eancias.<\/p>\n<p data-start=\"1430\" data-end=\"1625\">E porque cada piloto tem o seu estilo, a Prote\u00e7\u00e3o TPS TBI da DOCAenduroline \u00e9 <strong data-start=\"1508\" data-end=\"1576\">personaliz\u00e1vel ao gosto do cliente, sem qualquer custo adicional<\/strong>, tornando cada pe\u00e7a \u00fanica e adaptada \u00e0 tua moto.<\/p>\n<p data-start=\"1627\" data-end=\"1738\">Fabricada em <strong data-start=\"1640\" data-end=\"1652\">Portugal<\/strong>, representa a combina\u00e7\u00e3o perfeita entre qualidade, durabilidade e aten\u00e7\u00e3o ao detalhe.<\/p>\n<h2 data-start=\"1745\" data-end=\"1778\"><strong data-start=\"1748\" data-end=\"1778\">Caracter\u00edsticas Principais<\/strong><\/h2>\n<ul data-start=\"1779\" data-end=\"2248\">\n<li data-start=\"1779\" data-end=\"1842\">\n<p data-start=\"1781\" data-end=\"1842\">Protege o <strong data-start=\"1791\" data-end=\"1805\">sensor TPS<\/strong> e as <strong data-start=\"1811\" data-end=\"1840\">fichas el\u00e9tricas expostas;<\/strong><\/p>\n<\/li>\n<li data-start=\"1843\" data-end=\"1897\">\n<p data-start=\"1845\" data-end=\"1897\">Constru\u00e7\u00e3o em <strong data-start=\"1859\" data-end=\"1875\">alum\u00ednio maquinado<\/strong> de alta resist\u00eancia;<\/p>\n<\/li>\n<li data-start=\"1898\" data-end=\"1960\">\n<p data-start=\"1900\" data-end=\"1960\"><strong data-start=\"1900\" data-end=\"1958\">Montagem segura \u2013 n\u00e3o altera nem desafina o sensor TPS;<\/strong><\/p>\n<\/li>\n<li data-start=\"1961\" data-end=\"2004\">\n<p data-start=\"1963\" data-end=\"2004\">Produzida para <strong>enduro<\/strong> e <strong data-start=\"1987\" data-end=\"2002\">hard enduro;<\/strong><\/p>\n<\/li>\n<li data-start=\"2005\" data-end=\"2055\">\n<p data-start=\"2007\" data-end=\"2055\">Evita avarias graves e repara\u00e7\u00f5es dispendiosas;<\/p>\n<\/li>\n<li data-start=\"2056\" data-end=\"2133\">\n<p data-start=\"2058\" data-end=\"2133\"><strong data-start=\"2058\" data-end=\"2131\">Personaliza\u00e7\u00e3o inclu\u00edda \u2013 adapta a pe\u00e7a ao teu estilo sem custo extra;<\/strong><\/p>\n<\/li>\n<li data-start=\"2134\" data-end=\"2199\">\n<p data-start=\"2136\" data-end=\"2199\">Encaixe perfeito nos sistemas TBI da KTM \/ Husqvarna \/ GasGas;<\/p>\n<\/li>\n<li data-start=\"2200\" data-end=\"2248\">\n<p data-start=\"2202\" data-end=\"2248\">Produ\u00e7\u00e3o nacional \u2014 qualidade DOCAenduroline;<\/p>\n<\/li>\n<\/ul>\n","protected":false},"excerpt":{"rendered":"<ul>\n<li data-start=\"2310\" data-end=\"2378\">Protege o TPS e fichas expostas sem alterar o ajuste do sensor<\/li>\n<li data-start=\"2381\" data-end=\"2441\">CNC ultra-resistente \u2014 ideal para enduro e hard enduro<\/li>\n<li data-start=\"2444\" data-end=\"2495\">Personaliz\u00e1vel ao teu gosto sem custo adicional<\/li>\n<\/ul>\n","protected":false},"featured_media":4588,"comment_status":"open","ping_status":"closed","template":"","meta":[],"product_brand":[],"product_cat":[205],"product_tag":[],"class_list":{"0":"post-4585","1":"product","2":"type-product","3":"status-publish","4":"has-post-thumbnail","6":"product_cat-protecao-tps","8":"first","9":"instock","10":"shipping-taxable","11":"purchasable","12":"product-type-simple"},"_links":{"self":[{"href":"https:\/\/doca.com.pt\/pt_pt_ao90\/wp-json\/wp\/v2\/product\/4585","targetHints":{"allow":["GET"]}}],"collection":[{"href":"https:\/\/doca.com.pt\/pt_pt_ao90\/wp-json\/wp\/v2\/product"}],"about":[{"href":"https:\/\/doca.com.pt\/pt_pt_ao90\/wp-json\/wp\/v2\/types\/product"}],"replies":[{"embeddable":true,"href":"https:\/\/doca.com.pt\/pt_pt_ao90\/wp-json\/wp\/v2\/comments?post=4585"}],"wp:featuredmedia":[{"embeddable":true,"href":"https:\/\/doca.com.pt\/pt_pt_ao90\/wp-json\/wp\/v2\/media\/4588"}],"wp:attachment":[{"href":"https:\/\/doca.com.pt\/pt_pt_ao90\/wp-json\/wp\/v2\/media?parent=4585"}],"wp:term":[{"taxonomy":"product_brand","embeddable":true,"href":"https:\/\/doca.com.pt\/pt_pt_ao90\/wp-json\/wp\/v2\/product_brand?post=4585"},{"taxonomy":"product_cat","embeddable":true,"href":"https:\/\/doca.com.pt\/pt_pt_ao90\/wp-json\/wp\/v2\/product_cat?post=4585"},{"taxonomy":"product_tag","embeddable":true,"href":"https:\/\/doca.com.pt\/pt_pt_ao90\/wp-json\/wp\/v2\/product_tag?post=4585"}],"curies":[{"name":"wp","href":"https:\/\/api.w.org\/{rel}","templated":true}]}}