{"id":4593,"date":"2025-11-23T18:06:55","date_gmt":"2025-11-23T18:06:55","guid":{"rendered":"https:\/\/doca.com.pt\/?post_type=product&#038;p=4593"},"modified":"2026-01-22T13:00:40","modified_gmt":"2026-01-22T13:00:40","slug":"tampa-de-enchimento-de-oleo","status":"publish","type":"product","link":"https:\/\/doca.com.pt\/pt_pt_ao90\/product\/tampa-de-enchimento-de-oleo\/","title":{"rendered":"Tampa de Enchimento de \u00f3leo"},"content":{"rendered":"<p data-start=\"378\" data-end=\"669\">A <strong data-start=\"380\" data-end=\"411\">tampa CNC da DOCAenduroline<\/strong> foi desenvolvida para substituir a tampa original, oferecendo maior resist\u00eancia, durabilidade e um visual premium. Produzida em <strong data-start=\"540\" data-end=\"577\">alum\u00ednio 6061-T6 maquinado em CNC<\/strong>, garante precis\u00e3o absoluta, robustez superior e um encaixe perfeito em todas as aplica\u00e7\u00f5es.<\/p>\n<p data-start=\"671\" data-end=\"898\">Com acabamento <strong data-start=\"686\" data-end=\"699\">anodizado<\/strong> dispon\u00edvel em laranja, vermelho ou azul, protege contra desgaste, corros\u00e3o e acrescenta um toque est\u00e9tico de qualidade \u00e0 tua moto.<br data-start=\"830\" data-end=\"833\" \/>A instala\u00e7\u00e3o \u00e9 <strong data-start=\"848\" data-end=\"866\">f\u00e1cil e r\u00e1pida<\/strong>, sem necessidade de adapta\u00e7\u00f5es.<\/p>\n<hr data-start=\"998\" data-end=\"1001\" \/>\n<h2 data-start=\"1003\" data-end=\"1036\"><strong data-start=\"1006\" data-end=\"1036\">Caracter\u00edsticas Principais<\/strong><\/h2>\n<ul data-start=\"1037\" data-end=\"1312\">\n<li data-start=\"1037\" data-end=\"1083\">\n<p data-start=\"1039\" data-end=\"1083\"><strong data-start=\"1039\" data-end=\"1081\">Substitui diretamente a tampa original<\/strong><\/p>\n<\/li>\n<li data-start=\"1084\" data-end=\"1136\">\n<p data-start=\"1086\" data-end=\"1136\">Constru\u00e7\u00e3o em <strong data-start=\"1100\" data-end=\"1134\">alum\u00ednio 6061-T6 maquinado CNC<\/strong><\/p>\n<\/li>\n<li data-start=\"1137\" data-end=\"1194\">\n<p data-start=\"1139\" data-end=\"1194\">Acabamento anodizado em <strong data-start=\"1163\" data-end=\"1192\">laranja, vermelho ou azul<\/strong><\/p>\n<\/li>\n<li data-start=\"1195\" data-end=\"1231\">\n<p data-start=\"1197\" data-end=\"1231\">Maior resist\u00eancia e durabilidade<\/p>\n<\/li>\n<li data-start=\"1232\" data-end=\"1261\">\n<p data-start=\"1234\" data-end=\"1261\">Montagem simples e r\u00e1pida<\/p>\n<\/li>\n<\/ul>\n","protected":false},"excerpt":{"rendered":"<ul>\n<li>Protege o guiador contra danos em caso de queda<\/li>\n<li>Constru\u00e7\u00e3o em alum\u00ednio de alta resist\u00eancia<\/li>\n<li>Instala\u00e7\u00e3o simples e compat\u00edvel com guiadores 22 mm e 28,57 mm<\/li>\n<\/ul>\n","protected":false},"featured_media":4602,"comment_status":"closed","ping_status":"closed","template":"","meta":[],"product_brand":[],"product_cat":[214],"product_tag":[],"class_list":{"0":"post-4593","1":"product","2":"type-product","3":"status-publish","4":"has-post-thumbnail","6":"product_cat-diversos","8":"first","9":"instock","10":"shipping-taxable","11":"purchasable","12":"product-type-variable"},"_links":{"self":[{"href":"https:\/\/doca.com.pt\/pt_pt_ao90\/wp-json\/wp\/v2\/product\/4593","targetHints":{"allow":["GET"]}}],"collection":[{"href":"https:\/\/doca.com.pt\/pt_pt_ao90\/wp-json\/wp\/v2\/product"}],"about":[{"href":"https:\/\/doca.com.pt\/pt_pt_ao90\/wp-json\/wp\/v2\/types\/product"}],"replies":[{"embeddable":true,"href":"https:\/\/doca.com.pt\/pt_pt_ao90\/wp-json\/wp\/v2\/comments?post=4593"}],"wp:featuredmedia":[{"embeddable":true,"href":"https:\/\/doca.com.pt\/pt_pt_ao90\/wp-json\/wp\/v2\/media\/4602"}],"wp:attachment":[{"href":"https:\/\/doca.com.pt\/pt_pt_ao90\/wp-json\/wp\/v2\/media?parent=4593"}],"wp:term":[{"taxonomy":"product_brand","embeddable":true,"href":"https:\/\/doca.com.pt\/pt_pt_ao90\/wp-json\/wp\/v2\/product_brand?post=4593"},{"taxonomy":"product_cat","embeddable":true,"href":"https:\/\/doca.com.pt\/pt_pt_ao90\/wp-json\/wp\/v2\/product_cat?post=4593"},{"taxonomy":"product_tag","embeddable":true,"href":"https:\/\/doca.com.pt\/pt_pt_ao90\/wp-json\/wp\/v2\/product_tag?post=4593"}],"curies":[{"name":"wp","href":"https:\/\/api.w.org\/{rel}","templated":true}]}}