{"id":4604,"date":"2025-11-23T18:23:21","date_gmt":"2025-11-23T18:23:21","guid":{"rendered":"https:\/\/doca.com.pt\/?post_type=product&#038;p=4604"},"modified":"2026-04-06T19:34:05","modified_gmt":"2026-04-06T19:34:05","slug":"kit-porcas-de-roda-ktm-husqvarna-gasgas","status":"publish","type":"product","link":"https:\/\/doca.com.pt\/pt_pt_ao90\/product\/kit-porcas-de-roda-ktm-husqvarna-gasgas\/","title":{"rendered":"Kit Porcas de Roda KTM\/ Husqvarna \/ Gasgas"},"content":{"rendered":"<ul>\n<li data-start=\"259\" data-end=\"361\">\n<p data-start=\"261\" data-end=\"361\"><strong data-start=\"261\" data-end=\"307\">Porca do eixo dianteiro compat\u00edvel com OEM<\/strong>: substitui as refer\u00eancias 70009081050 e 70009082000<\/p>\n<\/li>\n<li data-start=\"362\" data-end=\"475\">\n<p data-start=\"364\" data-end=\"475\"><strong data-start=\"364\" data-end=\"421\">Porca de bloqueio da roda traseira equivalente \u00e0s OEM<\/strong>: substitui as refer\u00eancias 54310099000 e 50310099000<\/p>\n<\/li>\n<li data-start=\"476\" data-end=\"617\">\n<p data-start=\"478\" data-end=\"617\">Fabricadas em <strong data-start=\"492\" data-end=\"531\">alum\u00ednio maquinado de elevada resist\u00eancia<\/strong>, garantindo leveza, durabilidade e comportamento superior aos componentes de origem<\/p>\n<\/li>\n<li data-start=\"722\" data-end=\"838\">\n<p data-start=\"724\" data-end=\"838\"><strong data-start=\"724\" data-end=\"755\">Instala\u00e7\u00e3o simples e direta<\/strong>, totalmente compat\u00edvel com as pe\u00e7as OEM, sem ajustes ou modifica\u00e7\u00f5es necess\u00e1rias<\/p>\n<\/li>\n<\/ul>\n<h3 data-start=\"251\" data-end=\"262\"><strong data-start=\"255\" data-end=\"262\">KTM<\/strong><\/h3>\n<ul data-start=\"263\" data-end=\"378\">\n<li data-start=\"263\" data-end=\"290\">\n<p data-start=\"265\" data-end=\"290\"><strong data-start=\"265\" data-end=\"288\">250\u2013450 SX-F \u2014 2015<\/strong><\/p>\n<\/li>\n<li data-start=\"291\" data-end=\"378\">\n<p data-start=\"293\" data-end=\"378\"><strong data-start=\"293\" data-end=\"378\">125\u2013500 SX \/ SX-F \/ XC \/ XC-F \/ EXC \/ EXC-F \/ XC-W \u2014 2016 a 2023<\/strong><\/p>\n<\/li>\n<\/ul>\n<h3 data-start=\"380\" data-end=\"397\"><strong data-start=\"384\" data-end=\"397\">Husqvarna<\/strong><\/h3>\n<ul data-start=\"398\" data-end=\"487\">\n<li data-start=\"398\" data-end=\"431\">\n<p data-start=\"400\" data-end=\"431\"><strong data-start=\"400\" data-end=\"429\">FC 250 \/ 350 \/ 450 \u2014 2015<\/strong><\/p>\n<\/li>\n<li data-start=\"432\" data-end=\"487\">\n<p data-start=\"434\" data-end=\"487\"><strong data-start=\"434\" data-end=\"487\">125\u2013501 TE \/ TX \/ TC \/ FC \/ FX \/ FE \u2014 2016 a 2023<\/strong><\/p>\n<\/li>\n<\/ul>\n<h3 data-start=\"489\" data-end=\"515\"><strong data-start=\"493\" data-end=\"503\">GasGas<\/strong><\/h3>\n<ul data-start=\"516\" data-end=\"585\">\n<li data-start=\"516\" data-end=\"548\">\n<p data-start=\"518\" data-end=\"548\"><strong data-start=\"518\" data-end=\"546\">EX \/ EC \/ MC \u2014 125 a 300 &#8211; 2021\u20132023<\/strong><\/p>\n<\/li>\n<li data-start=\"549\" data-end=\"585\">\n<p data-start=\"551\" data-end=\"585\"><strong data-start=\"551\" data-end=\"585\">EX-F \/ EC-F \/ MC-F \u2014 250 a 450 &#8211; 2021\u20132023<\/strong><\/p>\n<\/li>\n<\/ul>\n","protected":false},"excerpt":{"rendered":"<ul>\n<li>Protege o guiador contra danos em caso de queda<\/li>\n<li>Constru\u00e7\u00e3o em alum\u00ednio de alta resist\u00eancia<\/li>\n<li>Instala\u00e7\u00e3o simples e compat\u00edvel com guiadores 22 mm e 28,57 mm<\/li>\n<\/ul>\n","protected":false},"featured_media":4610,"comment_status":"open","ping_status":"closed","template":"","meta":[],"product_brand":[],"product_cat":[214],"product_tag":[],"class_list":{"0":"post-4604","1":"product","2":"type-product","3":"status-publish","4":"has-post-thumbnail","6":"product_cat-diversos","8":"first","9":"instock","10":"shipping-taxable","11":"purchasable","12":"product-type-variable"},"_links":{"self":[{"href":"https:\/\/doca.com.pt\/pt_pt_ao90\/wp-json\/wp\/v2\/product\/4604","targetHints":{"allow":["GET"]}}],"collection":[{"href":"https:\/\/doca.com.pt\/pt_pt_ao90\/wp-json\/wp\/v2\/product"}],"about":[{"href":"https:\/\/doca.com.pt\/pt_pt_ao90\/wp-json\/wp\/v2\/types\/product"}],"replies":[{"embeddable":true,"href":"https:\/\/doca.com.pt\/pt_pt_ao90\/wp-json\/wp\/v2\/comments?post=4604"}],"wp:featuredmedia":[{"embeddable":true,"href":"https:\/\/doca.com.pt\/pt_pt_ao90\/wp-json\/wp\/v2\/media\/4610"}],"wp:attachment":[{"href":"https:\/\/doca.com.pt\/pt_pt_ao90\/wp-json\/wp\/v2\/media?parent=4604"}],"wp:term":[{"taxonomy":"product_brand","embeddable":true,"href":"https:\/\/doca.com.pt\/pt_pt_ao90\/wp-json\/wp\/v2\/product_brand?post=4604"},{"taxonomy":"product_cat","embeddable":true,"href":"https:\/\/doca.com.pt\/pt_pt_ao90\/wp-json\/wp\/v2\/product_cat?post=4604"},{"taxonomy":"product_tag","embeddable":true,"href":"https:\/\/doca.com.pt\/pt_pt_ao90\/wp-json\/wp\/v2\/product_tag?post=4604"}],"curies":[{"name":"wp","href":"https:\/\/api.w.org\/{rel}","templated":true}]}}