{"id":4613,"date":"2025-11-23T18:34:16","date_gmt":"2025-11-23T18:34:16","guid":{"rendered":"https:\/\/doca.com.pt\/?post_type=product&#038;p=4613"},"modified":"2026-03-13T18:47:16","modified_gmt":"2026-03-13T18:47:16","slug":"punhos-lock-on","status":"publish","type":"product","link":"https:\/\/doca.com.pt\/pt_pt_ao90\/product\/punhos-lock-on\/","title":{"rendered":"Punhos Lock-On"},"content":{"rendered":"<h1 data-start=\"132\" data-end=\"166\"><strong data-start=\"136\" data-end=\"166\">Caracter\u00edsticas Principais<\/strong><\/h1>\n<ul data-start=\"167\" data-end=\"582\">\n<li data-start=\"167\" data-end=\"240\">\n<p data-start=\"169\" data-end=\"240\">Compat\u00edveis com a maioria dos modelos de enduro e motocross (2T e 4T)<\/p>\n<\/li>\n<li data-start=\"241\" data-end=\"282\">\n<p data-start=\"243\" data-end=\"282\">Dispon\u00edveis em 3 perfis CAM: F, I e C<\/p>\n<\/li>\n<li data-start=\"283\" data-end=\"352\">\n<p data-start=\"285\" data-end=\"352\">Constru\u00e7\u00e3o em borracha de alta densidade para m\u00e1xima durabilidade<\/p>\n<\/li>\n<li data-start=\"353\" data-end=\"430\">\n<p data-start=\"355\" data-end=\"430\">Textura antiderrapante para excelente ader\u00eancia, mesmo com luvas molhadas<\/p>\n<\/li>\n<li data-start=\"431\" data-end=\"488\">\n<p data-start=\"433\" data-end=\"488\">Design ergon\u00f3mico, reduzindo fadiga nas m\u00e3os e pulsos<\/p>\n<\/li>\n<li data-start=\"489\" data-end=\"530\">\n<p data-start=\"491\" data-end=\"530\">Instala\u00e7\u00e3o r\u00e1pida com sistema Lock-on<\/p>\n<\/li>\n<li data-start=\"531\" data-end=\"582\">\n<p data-start=\"533\" data-end=\"582\">Dispon\u00edveis em v\u00e1rias cores para personaliza\u00e7\u00e3o<\/p>\n<\/li>\n<\/ul>\n<hr data-start=\"584\" data-end=\"587\" \/>\n<h1 data-start=\"589\" data-end=\"629\"><strong data-start=\"594\" data-end=\"629\">Compatibilidades por Perfil CAM<\/strong><\/h1>\n<h2 data-start=\"636\" data-end=\"697\"><strong data-start=\"639\" data-end=\"697\">CAM F \u2014 Modelos 4T modernos (GasGas \/ Husqvarna \/ KTM)<\/strong><\/h2>\n<h3 data-start=\"699\" data-end=\"713\"><strong data-start=\"703\" data-end=\"713\">GasGas<\/strong><\/h3>\n<ul data-start=\"714\" data-end=\"783\">\n<li data-start=\"714\" data-end=\"737\">\n<p data-start=\"716\" data-end=\"737\">MC 250F (2021\u20132025)<\/p>\n<\/li>\n<li data-start=\"738\" data-end=\"761\">\n<p data-start=\"740\" data-end=\"761\">MC 350F (2021\u20132025)<\/p>\n<\/li>\n<li data-start=\"762\" data-end=\"783\">\n<p data-start=\"764\" data-end=\"783\">MC 450F (2021\u20132025)<\/p>\n<\/li>\n<\/ul>\n<h3 data-start=\"785\" data-end=\"802\"><strong data-start=\"789\" data-end=\"802\">Husqvarna<\/strong><\/h3>\n<ul data-start=\"803\" data-end=\"950\">\n<li data-start=\"803\" data-end=\"837\">\n<p data-start=\"805\" data-end=\"837\">FC 250 \/ 350 \/ 450 (2016\u20132025)<\/p>\n<\/li>\n<li data-start=\"838\" data-end=\"878\">\n<p data-start=\"840\" data-end=\"878\">FE 250 \/ 350 \/ 450 \/ 501 (2016\u20132025)<\/p>\n<\/li>\n<li data-start=\"879\" data-end=\"907\">\n<p data-start=\"881\" data-end=\"907\">FX 350 \/ 450 (2016\u20132025)<\/p>\n<\/li>\n<li data-start=\"908\" data-end=\"930\">\n<p data-start=\"910\" data-end=\"930\">FS 450 (2016\u20132025)<\/p>\n<\/li>\n<li data-start=\"931\" data-end=\"950\">\n<p data-start=\"933\" data-end=\"950\">Rockstar Editions<\/p>\n<\/li>\n<\/ul>\n<h3 data-start=\"952\" data-end=\"963\"><strong data-start=\"956\" data-end=\"963\">KTM<\/strong><\/h3>\n<ul data-start=\"964\" data-end=\"1128\">\n<li data-start=\"964\" data-end=\"1007\">\n<p data-start=\"966\" data-end=\"1007\">250 \/ 350 \/ 450 \/ 500 EXC-F (2015\u20132025)<\/p>\n<\/li>\n<li data-start=\"1008\" data-end=\"1044\">\n<p data-start=\"1010\" data-end=\"1044\">250 \/ 350 \/ 450 SX-F (2015\u20132025)<\/p>\n<\/li>\n<li data-start=\"1045\" data-end=\"1081\">\n<p data-start=\"1047\" data-end=\"1081\">250 \/ 350 \/ 450 XC-F (2015\u20132025)<\/p>\n<\/li>\n<li data-start=\"1082\" data-end=\"1110\">\n<p data-start=\"1084\" data-end=\"1110\">XC-W \/ XCF-W (2015\u20132025)<\/p>\n<\/li>\n<li data-start=\"1111\" data-end=\"1128\">\n<p data-start=\"1113\" data-end=\"1128\">Vers\u00f5es Factory<\/p>\n<\/li>\n<\/ul>\n<hr data-start=\"1130\" data-end=\"1133\" \/>\n<h2 data-start=\"1135\" data-end=\"1190\"><strong data-start=\"1138\" data-end=\"1190\">CAM I \u2014 Modelos 2T carburador e TPI mais antigos<\/strong><\/h2>\n<h3 data-start=\"1192\" data-end=\"1206\"><strong data-start=\"1196\" data-end=\"1206\">GasGas<\/strong><\/h3>\n<ul data-start=\"1207\" data-end=\"1250\">\n<li data-start=\"1207\" data-end=\"1250\">\n<p data-start=\"1209\" data-end=\"1250\">EC \/ MC 125 \/ 200 \/ 250 \/ 300 (2000\u20132020)<\/p>\n<\/li>\n<\/ul>\n<h3 data-start=\"1252\" data-end=\"1265\"><strong data-start=\"1256\" data-end=\"1265\">Honda<\/strong><\/h3>\n<ul data-start=\"1266\" data-end=\"1301\">\n<li data-start=\"1266\" data-end=\"1301\">\n<p data-start=\"1268\" data-end=\"1301\">CR 125R \/ 250R \/ 500R (2000\u20132007)<\/p>\n<\/li>\n<\/ul>\n<h3 data-start=\"1303\" data-end=\"1314\"><strong data-start=\"1307\" data-end=\"1314\">KTM<\/strong><\/h3>\n<ul data-start=\"1315\" data-end=\"1410\">\n<li data-start=\"1315\" data-end=\"1336\">\n<p data-start=\"1317\" data-end=\"1336\">85 SX (2000\u20132016)<\/p>\n<\/li>\n<li data-start=\"1337\" data-end=\"1351\">\n<p data-start=\"1339\" data-end=\"1351\">125\u2013300 SX<\/p>\n<\/li>\n<li data-start=\"1352\" data-end=\"1367\">\n<p data-start=\"1354\" data-end=\"1367\">125\u2013300 EXC<\/p>\n<\/li>\n<li data-start=\"1368\" data-end=\"1375\">\n<p data-start=\"1370\" data-end=\"1375\">MXC<\/p>\n<\/li>\n<li data-start=\"1376\" data-end=\"1410\">\n<p data-start=\"1378\" data-end=\"1410\">XC-W<br data-start=\"1382\" data-end=\"1385\" \/><em data-start=\"1385\" data-end=\"1410\">(Todos entre 2000\u20132016)<\/em><\/p>\n<\/li>\n<\/ul>\n<h3 data-start=\"1412\" data-end=\"1424\"><strong data-start=\"1416\" data-end=\"1424\">Beta<\/strong><\/h3>\n<ul data-start=\"1425\" data-end=\"1460\">\n<li data-start=\"1425\" data-end=\"1460\">\n<p data-start=\"1427\" data-end=\"1460\">125\u2013300 RR Carburador (2013\u20132024)<\/p>\n<\/li>\n<\/ul>\n<h3 data-start=\"1462\" data-end=\"1479\"><strong data-start=\"1466\" data-end=\"1479\">Husqvarna<\/strong><\/h3>\n<ul data-start=\"1480\" data-end=\"1547\">\n<li data-start=\"1480\" data-end=\"1513\">\n<p data-start=\"1482\" data-end=\"1513\">TC 85 \/ 125 \/ 250 (2012\u20132016)<\/p>\n<\/li>\n<li data-start=\"1514\" data-end=\"1547\">\n<p data-start=\"1516\" data-end=\"1547\">TE 150 \/ 250 \/ 300i (2012\u20132016)<\/p>\n<\/li>\n<\/ul>\n<hr data-start=\"1549\" data-end=\"1552\" \/>\n<h2 data-start=\"1554\" data-end=\"1610\"><strong data-start=\"1557\" data-end=\"1610\">CAM C \u2014 Modelos Husqvarna e KTM gera\u00e7\u00e3o 2012\u20132016<\/strong><\/h2>\n<h3 data-start=\"1612\" data-end=\"1629\"><strong data-start=\"1616\" data-end=\"1629\">Husqvarna<\/strong><\/h3>\n<ul data-start=\"1630\" data-end=\"1691\">\n<li data-start=\"1630\" data-end=\"1658\">\n<p data-start=\"1632\" data-end=\"1658\">FC 350 \/ 450 (2014\u20132016)<\/p>\n<\/li>\n<li data-start=\"1659\" data-end=\"1691\">\n<p data-start=\"1661\" data-end=\"1691\">FE 350 \/ 450 \/ 501 (2014\u20132016)<\/p>\n<\/li>\n<\/ul>\n<h3 data-start=\"1693\" data-end=\"1704\"><strong data-start=\"1697\" data-end=\"1704\">KTM<\/strong><\/h3>\n<ul data-start=\"1705\" data-end=\"1837\">\n<li data-start=\"1705\" data-end=\"1747\">\n<p data-start=\"1707\" data-end=\"1747\">250 \/ 350 \/ 450 \/ 500 SX-F (2012\u20132016)<\/p>\n<\/li>\n<li data-start=\"1748\" data-end=\"1768\">\n<p data-start=\"1750\" data-end=\"1768\">XC-F (2012\u20132016)<\/p>\n<\/li>\n<li data-start=\"1769\" data-end=\"1790\">\n<p data-start=\"1771\" data-end=\"1790\">XCF-W (2012\u20132016)<\/p>\n<\/li>\n<li data-start=\"1791\" data-end=\"1818\">\n<p data-start=\"1793\" data-end=\"1818\">EXC \/ EXC-F (2012\u20132016)<\/p>\n<\/li>\n<li data-start=\"1819\" data-end=\"1837\">\n<p data-start=\"1821\" data-end=\"1837\">XC-W (2012\u20132016)<\/p>\n<\/li>\n<\/ul>\n","protected":false},"excerpt":{"rendered":"<p>Caracter\u00edsticas Principais Compat\u00edveis com a maioria dos modelos de enduro e motocross (2T e 4T) Dispon\u00edveis em 3 perfis CAM: F, I e C Constru\u00e7\u00e3o em borracha de alta densidade para m\u00e1xima durabilidade Textura antiderrapante para excelente ader\u00eancia, mesmo com luvas molhadas Design ergon\u00f3mico, reduzindo fadiga nas m\u00e3os e pulsos Instala\u00e7\u00e3o r\u00e1pida com sistema Lock-on<\/p>\n<div class=\"klb-readmore button\"><a class=\"btn link\" href=\"https:\/\/doca.com.pt\/pt_pt_ao90\/product\/punhos-lock-on\/\">Read More <i class=\"klbth-icon-right-arrow\"><\/i><\/a><\/div>\n","protected":false},"featured_media":4619,"comment_status":"open","ping_status":"closed","template":"","meta":[],"product_brand":[],"product_cat":[216],"product_tag":[],"class_list":{"0":"post-4613","1":"product","2":"type-product","3":"status-publish","4":"has-post-thumbnail","6":"product_cat-punhos","8":"first","9":"instock","10":"shipping-taxable","11":"purchasable","12":"product-type-variable"},"_links":{"self":[{"href":"https:\/\/doca.com.pt\/pt_pt_ao90\/wp-json\/wp\/v2\/product\/4613","targetHints":{"allow":["GET"]}}],"collection":[{"href":"https:\/\/doca.com.pt\/pt_pt_ao90\/wp-json\/wp\/v2\/product"}],"about":[{"href":"https:\/\/doca.com.pt\/pt_pt_ao90\/wp-json\/wp\/v2\/types\/product"}],"replies":[{"embeddable":true,"href":"https:\/\/doca.com.pt\/pt_pt_ao90\/wp-json\/wp\/v2\/comments?post=4613"}],"wp:featuredmedia":[{"embeddable":true,"href":"https:\/\/doca.com.pt\/pt_pt_ao90\/wp-json\/wp\/v2\/media\/4619"}],"wp:attachment":[{"href":"https:\/\/doca.com.pt\/pt_pt_ao90\/wp-json\/wp\/v2\/media?parent=4613"}],"wp:term":[{"taxonomy":"product_brand","embeddable":true,"href":"https:\/\/doca.com.pt\/pt_pt_ao90\/wp-json\/wp\/v2\/product_brand?post=4613"},{"taxonomy":"product_cat","embeddable":true,"href":"https:\/\/doca.com.pt\/pt_pt_ao90\/wp-json\/wp\/v2\/product_cat?post=4613"},{"taxonomy":"product_tag","embeddable":true,"href":"https:\/\/doca.com.pt\/pt_pt_ao90\/wp-json\/wp\/v2\/product_tag?post=4613"}],"curies":[{"name":"wp","href":"https:\/\/api.w.org\/{rel}","templated":true}]}}