{"id":4621,"date":"2025-11-23T18:43:15","date_gmt":"2025-11-23T18:43:15","guid":{"rendered":"https:\/\/doca.com.pt\/?post_type=product&#038;p=4621"},"modified":"2026-01-21T17:02:01","modified_gmt":"2026-01-21T17:02:01","slug":"punhos-enduro-mx","status":"publish","type":"product","link":"https:\/\/doca.com.pt\/pt_pt_ao90\/product\/punhos-enduro-mx\/","title":{"rendered":"Punhos Enduro \/ MX"},"content":{"rendered":"<h2 data-start=\"1074\" data-end=\"1107\"><strong data-start=\"1077\" data-end=\"1107\">Caracter\u00edsticas Principais<\/strong><\/h2>\n<ul data-start=\"1108\" data-end=\"1374\">\n<li data-start=\"1108\" data-end=\"1155\">\n<p data-start=\"1110\" data-end=\"1155\">Borracha resistente para maior durabilidade<\/p>\n<\/li>\n<li data-start=\"1156\" data-end=\"1208\">\n<p data-start=\"1158\" data-end=\"1208\">Ader\u00eancia superior em condi\u00e7\u00f5es secas ou h\u00famidas<\/p>\n<\/li>\n<li data-start=\"1209\" data-end=\"1260\">\n<p data-start=\"1211\" data-end=\"1260\">Compat\u00edveis com a maioria das motos <strong data-start=\"1247\" data-end=\"1258\">2T e 4T<\/strong><\/p>\n<\/li>\n<li data-start=\"1261\" data-end=\"1307\">\n<p data-start=\"1263\" data-end=\"1307\">Instala\u00e7\u00e3o f\u00e1cil com <strong data-start=\"1284\" data-end=\"1305\">montagem standard<\/strong><\/p>\n<\/li>\n<li data-start=\"1308\" data-end=\"1374\">\n<p data-start=\"1310\" data-end=\"1374\">Conforto e controlo melhorados para qualquer tipo de pilotagem<\/p>\n<\/li>\n<\/ul>\n","protected":false},"excerpt":{"rendered":"<p>Caracter\u00edsticas Principais Borracha resistente para maior durabilidade Ader\u00eancia superior em condi\u00e7\u00f5es secas ou h\u00famidas Compat\u00edveis com a maioria das motos 2T e 4T Instala\u00e7\u00e3o f\u00e1cil com montagem standard Conforto e controlo melhorados para qualquer tipo de pilotagem<\/p>\n","protected":false},"featured_media":4625,"comment_status":"open","ping_status":"closed","template":"","meta":[],"product_brand":[],"product_cat":[216],"product_tag":[],"class_list":{"0":"post-4621","1":"product","2":"type-product","3":"status-publish","4":"has-post-thumbnail","6":"product_cat-punhos","8":"first","9":"instock","10":"shipping-taxable","11":"purchasable","12":"product-type-variable"},"_links":{"self":[{"href":"https:\/\/doca.com.pt\/pt_pt_ao90\/wp-json\/wp\/v2\/product\/4621","targetHints":{"allow":["GET"]}}],"collection":[{"href":"https:\/\/doca.com.pt\/pt_pt_ao90\/wp-json\/wp\/v2\/product"}],"about":[{"href":"https:\/\/doca.com.pt\/pt_pt_ao90\/wp-json\/wp\/v2\/types\/product"}],"replies":[{"embeddable":true,"href":"https:\/\/doca.com.pt\/pt_pt_ao90\/wp-json\/wp\/v2\/comments?post=4621"}],"wp:featuredmedia":[{"embeddable":true,"href":"https:\/\/doca.com.pt\/pt_pt_ao90\/wp-json\/wp\/v2\/media\/4625"}],"wp:attachment":[{"href":"https:\/\/doca.com.pt\/pt_pt_ao90\/wp-json\/wp\/v2\/media?parent=4621"}],"wp:term":[{"taxonomy":"product_brand","embeddable":true,"href":"https:\/\/doca.com.pt\/pt_pt_ao90\/wp-json\/wp\/v2\/product_brand?post=4621"},{"taxonomy":"product_cat","embeddable":true,"href":"https:\/\/doca.com.pt\/pt_pt_ao90\/wp-json\/wp\/v2\/product_cat?post=4621"},{"taxonomy":"product_tag","embeddable":true,"href":"https:\/\/doca.com.pt\/pt_pt_ao90\/wp-json\/wp\/v2\/product_tag?post=4621"}],"curies":[{"name":"wp","href":"https:\/\/api.w.org\/{rel}","templated":true}]}}