{"id":4626,"date":"2025-11-23T18:50:56","date_gmt":"2025-11-23T18:50:56","guid":{"rendered":"https:\/\/doca.com.pt\/?post_type=product&#038;p=4626"},"modified":"2026-01-21T16:56:37","modified_gmt":"2026-01-21T16:56:37","slug":"kit-reparacao-descanso-lateral-ktm-98-07","status":"publish","type":"product","link":"https:\/\/doca.com.pt\/pt_pt_ao90\/product\/kit-reparacao-descanso-lateral-ktm-98-07\/","title":{"rendered":"Kit Repara\u00e7\u00e3o Descanso Lateral KTM 98-07"},"content":{"rendered":"<p>O kit inclui:<\/p>\n<ul>\n<li data-start=\"223\" data-end=\"259\">1x Espa\u00e7ador em a\u00e7o inoxid\u00e1vel<\/li>\n<li data-start=\"262\" data-end=\"282\">1x Parafuso M8<\/li>\n<li data-start=\"285\" data-end=\"305\">1x Parafuso M5<\/li>\n<li data-start=\"308\" data-end=\"351\">1x Mola em a\u00e7o inox com suporte plano<\/li>\n<li data-start=\"354\" data-end=\"384\">2x Molas em a\u00e7o inoxid\u00e1vel<\/li>\n<\/ul>\n","protected":false},"excerpt":{"rendered":"<p>O kit inclui: 1x Espa\u00e7ador em a\u00e7o inoxid\u00e1vel 1x Parafuso M8 1x Parafuso M5 1x Mola em a\u00e7o inox com suporte plano 2x Molas em a\u00e7o inoxid\u00e1vel<\/p>\n","protected":false},"featured_media":4629,"comment_status":"open","ping_status":"closed","template":"","meta":[],"product_brand":[217],"product_cat":[214],"product_tag":[],"class_list":{"0":"post-4626","1":"product","2":"type-product","3":"status-publish","4":"has-post-thumbnail","6":"product_brand-docaenduroline","7":"product_cat-diversos","9":"first","10":"onbackorder","11":"shipping-taxable","12":"purchasable","13":"product-type-simple"},"_links":{"self":[{"href":"https:\/\/doca.com.pt\/pt_pt_ao90\/wp-json\/wp\/v2\/product\/4626","targetHints":{"allow":["GET"]}}],"collection":[{"href":"https:\/\/doca.com.pt\/pt_pt_ao90\/wp-json\/wp\/v2\/product"}],"about":[{"href":"https:\/\/doca.com.pt\/pt_pt_ao90\/wp-json\/wp\/v2\/types\/product"}],"replies":[{"embeddable":true,"href":"https:\/\/doca.com.pt\/pt_pt_ao90\/wp-json\/wp\/v2\/comments?post=4626"}],"wp:featuredmedia":[{"embeddable":true,"href":"https:\/\/doca.com.pt\/pt_pt_ao90\/wp-json\/wp\/v2\/media\/4629"}],"wp:attachment":[{"href":"https:\/\/doca.com.pt\/pt_pt_ao90\/wp-json\/wp\/v2\/media?parent=4626"}],"wp:term":[{"taxonomy":"product_brand","embeddable":true,"href":"https:\/\/doca.com.pt\/pt_pt_ao90\/wp-json\/wp\/v2\/product_brand?post=4626"},{"taxonomy":"product_cat","embeddable":true,"href":"https:\/\/doca.com.pt\/pt_pt_ao90\/wp-json\/wp\/v2\/product_cat?post=4626"},{"taxonomy":"product_tag","embeddable":true,"href":"https:\/\/doca.com.pt\/pt_pt_ao90\/wp-json\/wp\/v2\/product_tag?post=4626"}],"curies":[{"name":"wp","href":"https:\/\/api.w.org\/{rel}","templated":true}]}}