{"id":4634,"date":"2025-11-23T18:59:28","date_gmt":"2025-11-23T18:59:28","guid":{"rendered":"https:\/\/doca.com.pt\/?post_type=product&#038;p=4634"},"modified":"2026-01-28T13:09:44","modified_gmt":"2026-01-28T13:09:44","slug":"kit-de-reparacao-do-descanso-lateral-ktm-2008-2016-husqvarna-2014-2016","status":"publish","type":"product","link":"https:\/\/doca.com.pt\/pt_pt_ao90\/product\/kit-de-reparacao-do-descanso-lateral-ktm-2008-2016-husqvarna-2014-2016\/","title":{"rendered":"Kit de Repara\u00e7\u00e3o do Descanso Lateral \u2013 KTM 2008 \u2013 2016 \/ Husqvarna 2014 \u2013 2016"},"content":{"rendered":"<p data-start=\"181\" data-end=\"194\">O kit inclui:<\/p>\n<ul data-start=\"196\" data-end=\"359\">\n<li data-start=\"196\" data-end=\"234\">\n<p data-start=\"198\" data-end=\"234\">1x Espa\u00e7ador em a\u00e7o inoxid\u00e1vel<\/p>\n<\/li>\n<li data-start=\"235\" data-end=\"257\">\n<p data-start=\"237\" data-end=\"257\">1x Parafuso M8<\/p>\n<\/li>\n<li data-start=\"258\" data-end=\"280\">\n<p data-start=\"260\" data-end=\"280\">1x Parafuso M5<\/p>\n<\/li>\n<li data-start=\"281\" data-end=\"332\">\n<p data-start=\"283\" data-end=\"332\">1x Mola em a\u00e7o inoxid\u00e1vel com suporte plano<\/p>\n<\/li>\n<li data-start=\"333\" data-end=\"359\">\n<p data-start=\"335\" data-end=\"359\">2x Molas em a\u00e7o inox<\/p>\n<\/li>\n<\/ul>\n","protected":false},"excerpt":{"rendered":"<p>O kit inclui: 1x Espa\u00e7ador em a\u00e7o inoxid\u00e1vel 1x Parafuso M8 1x Parafuso M5 1x Mola em a\u00e7o inoxid\u00e1vel com suporte plano 2x Molas em a\u00e7o inox<\/p>\n","protected":false},"featured_media":4631,"comment_status":"open","ping_status":"closed","template":"","meta":[],"product_brand":[],"product_cat":[214],"product_tag":[],"class_list":{"0":"post-4634","1":"product","2":"type-product","3":"status-publish","4":"has-post-thumbnail","6":"product_cat-diversos","8":"first","9":"instock","10":"shipping-taxable","11":"purchasable","12":"product-type-simple"},"_links":{"self":[{"href":"https:\/\/doca.com.pt\/pt_pt_ao90\/wp-json\/wp\/v2\/product\/4634","targetHints":{"allow":["GET"]}}],"collection":[{"href":"https:\/\/doca.com.pt\/pt_pt_ao90\/wp-json\/wp\/v2\/product"}],"about":[{"href":"https:\/\/doca.com.pt\/pt_pt_ao90\/wp-json\/wp\/v2\/types\/product"}],"replies":[{"embeddable":true,"href":"https:\/\/doca.com.pt\/pt_pt_ao90\/wp-json\/wp\/v2\/comments?post=4634"}],"wp:featuredmedia":[{"embeddable":true,"href":"https:\/\/doca.com.pt\/pt_pt_ao90\/wp-json\/wp\/v2\/media\/4631"}],"wp:attachment":[{"href":"https:\/\/doca.com.pt\/pt_pt_ao90\/wp-json\/wp\/v2\/media?parent=4634"}],"wp:term":[{"taxonomy":"product_brand","embeddable":true,"href":"https:\/\/doca.com.pt\/pt_pt_ao90\/wp-json\/wp\/v2\/product_brand?post=4634"},{"taxonomy":"product_cat","embeddable":true,"href":"https:\/\/doca.com.pt\/pt_pt_ao90\/wp-json\/wp\/v2\/product_cat?post=4634"},{"taxonomy":"product_tag","embeddable":true,"href":"https:\/\/doca.com.pt\/pt_pt_ao90\/wp-json\/wp\/v2\/product_tag?post=4634"}],"curies":[{"name":"wp","href":"https:\/\/api.w.org\/{rel}","templated":true}]}}