{"id":4635,"date":"2025-11-23T19:03:34","date_gmt":"2025-11-23T19:03:34","guid":{"rendered":"https:\/\/doca.com.pt\/?post_type=product&#038;p=4635"},"modified":"2026-01-28T13:09:37","modified_gmt":"2026-01-28T13:09:37","slug":"kit-de-reparacao-do-descanso-lateral-ktm-2016-2023-husqvarna-2017-2023","status":"publish","type":"product","link":"https:\/\/doca.com.pt\/pt_pt_ao90\/product\/kit-de-reparacao-do-descanso-lateral-ktm-2016-2023-husqvarna-2017-2023\/","title":{"rendered":"Kit de Repara\u00e7\u00e3o do Descanso Lateral \u2013 KTM 2016 \u2013 2023 \/ Husqvarna 2017 \u2013 2023"},"content":{"rendered":"<p>Kit composto por:<\/p>\n<ul>\n<li>1 x Espa\u00e7ador Inoxid\u00e1vel<\/li>\n<li>1 x parafuso M8<\/li>\n<li>1 x parafuso M5<\/li>\n<li>1 x Mola de a\u00e7o inoxid\u00e1vel com suporte plano<\/li>\n<li>2 x Mola de a\u00e7o inox<\/li>\n<\/ul>\n<p>&nbsp;<\/p>\n<h2 data-start=\"205\" data-end=\"227\"><strong data-start=\"208\" data-end=\"227\">Compatibilidade<\/strong><\/h2>\n<h3 data-start=\"229\" data-end=\"240\"><strong data-start=\"233\" data-end=\"240\">KTM<\/strong><\/h3>\n<ul data-start=\"241\" data-end=\"385\">\n<li data-start=\"241\" data-end=\"275\">\n<p data-start=\"243\" data-end=\"275\"><strong data-start=\"243\" data-end=\"273\">250 \/ 350 \/ 450 XCF \u2014 2016<\/strong><\/p>\n<\/li>\n<li data-start=\"276\" data-end=\"385\">\n<p data-start=\"278\" data-end=\"385\"><strong data-start=\"278\" data-end=\"385\">125\u2013500 EXC \/ EXC-F\/ XC \/ XC-W \/ XC-W TPI \/ XCF \/ XCF-W \u2014 2017 a 2023<\/strong><\/p>\n<\/li>\n<\/ul>\n<h3 data-start=\"387\" data-end=\"404\"><strong data-start=\"391\" data-end=\"404\">Husqvarna<\/strong><\/h3>\n<ul data-start=\"405\" data-end=\"554\">\n<li data-start=\"405\" data-end=\"451\">\n<p data-start=\"407\" data-end=\"451\"><strong data-start=\"407\" data-end=\"449\">FE 250 \/ 350 \/ 450 \/ 501 \u2014 2017 a 2023<\/strong><\/p>\n<\/li>\n<li data-start=\"452\" data-end=\"486\">\n<p data-start=\"454\" data-end=\"486\"><strong data-start=\"454\" data-end=\"484\">FX 350 \/ 450 \u2014 2017 a 2022<\/strong><\/p>\n<\/li>\n<li data-start=\"487\" data-end=\"527\">\n<p data-start=\"489\" data-end=\"527\"><strong data-start=\"489\" data-end=\"525\">TE 150 \/ 250 \/ 300 \u2014 2017 a 2023<\/strong><\/p>\n<\/li>\n<li data-start=\"528\" data-end=\"554\">\n<p data-start=\"530\" data-end=\"554\"><strong data-start=\"530\" data-end=\"554\">TX 300 \u2014 2017 a 2022<\/strong><\/p>\n<\/li>\n<\/ul>\n","protected":false},"excerpt":{"rendered":"<p>Kit composto por: 1 x Espa\u00e7ador Inoxid\u00e1vel 1 x parafuso M8 1 x parafuso M5 1 x Mola de a\u00e7o inoxid\u00e1vel com suporte plano 2 x Mola de a\u00e7o inox &nbsp; Compatibilidade KTM 250 \/ 350 \/ 450 XCF \u2014 2016 125\u2013500 EXC \/ EXC-F\/ XC \/ XC-W \/ XC-W TPI \/ XCF \/ XCF-W<\/p>\n<div class=\"klb-readmore button\"><a class=\"btn link\" href=\"https:\/\/doca.com.pt\/pt_pt_ao90\/product\/kit-de-reparacao-do-descanso-lateral-ktm-2016-2023-husqvarna-2017-2023\/\">Read More <i class=\"klbth-icon-right-arrow\"><\/i><\/a><\/div>\n","protected":false},"featured_media":4632,"comment_status":"open","ping_status":"closed","template":"","meta":[],"product_brand":[],"product_cat":[214],"product_tag":[],"class_list":{"0":"post-4635","1":"product","2":"type-product","3":"status-publish","4":"has-post-thumbnail","6":"product_cat-diversos","8":"first","9":"instock","10":"shipping-taxable","11":"purchasable","12":"product-type-simple"},"_links":{"self":[{"href":"https:\/\/doca.com.pt\/pt_pt_ao90\/wp-json\/wp\/v2\/product\/4635","targetHints":{"allow":["GET"]}}],"collection":[{"href":"https:\/\/doca.com.pt\/pt_pt_ao90\/wp-json\/wp\/v2\/product"}],"about":[{"href":"https:\/\/doca.com.pt\/pt_pt_ao90\/wp-json\/wp\/v2\/types\/product"}],"replies":[{"embeddable":true,"href":"https:\/\/doca.com.pt\/pt_pt_ao90\/wp-json\/wp\/v2\/comments?post=4635"}],"wp:featuredmedia":[{"embeddable":true,"href":"https:\/\/doca.com.pt\/pt_pt_ao90\/wp-json\/wp\/v2\/media\/4632"}],"wp:attachment":[{"href":"https:\/\/doca.com.pt\/pt_pt_ao90\/wp-json\/wp\/v2\/media?parent=4635"}],"wp:term":[{"taxonomy":"product_brand","embeddable":true,"href":"https:\/\/doca.com.pt\/pt_pt_ao90\/wp-json\/wp\/v2\/product_brand?post=4635"},{"taxonomy":"product_cat","embeddable":true,"href":"https:\/\/doca.com.pt\/pt_pt_ao90\/wp-json\/wp\/v2\/product_cat?post=4635"},{"taxonomy":"product_tag","embeddable":true,"href":"https:\/\/doca.com.pt\/pt_pt_ao90\/wp-json\/wp\/v2\/product_tag?post=4635"}],"curies":[{"name":"wp","href":"https:\/\/api.w.org\/{rel}","templated":true}]}}