{"id":4638,"date":"2025-11-23T22:25:11","date_gmt":"2025-11-23T22:25:11","guid":{"rendered":"https:\/\/doca.com.pt\/?post_type=product&#038;p=4638"},"modified":"2026-02-11T10:53:32","modified_gmt":"2026-02-11T10:53:32","slug":"purgadores-de-suspensao-pretos-kayaba-showa-m5x0-8mm","status":"publish","type":"product","link":"https:\/\/doca.com.pt\/pt_pt_ao90\/product\/purgadores-de-suspensao-pretos-kayaba-showa-m5x0-8mm\/","title":{"rendered":"Purgadores de suspens\u00e3o Pretos KAYABA \/ SHOWA M5x0.8mm"},"content":{"rendered":"<p data-start=\"340\" data-end=\"560\">Os <strong data-start=\"343\" data-end=\"385\">Purgadores de Suspens\u00e3o DOCAenduroline<\/strong> foram desenvolvidos para libertar rapidamente o excesso de press\u00e3o acumulada nas bainhas da suspens\u00e3o dianteira, garantindo um funcionamento mais suave, previs\u00edvel e est\u00e1vel.<\/p>\n<p data-start=\"562\" data-end=\"748\">Compat\u00edveis com <strong data-start=\"578\" data-end=\"607\">suspens\u00f5es Kayaba e Showa<\/strong>, estes purgadores utilizam rosca <strong data-start=\"641\" data-end=\"656\">M5 x 0.8 mm<\/strong>, garantindo encaixe perfeito e instala\u00e7\u00e3o direta no lugar dos parafusos de purga originais.<\/p>\n<p data-start=\"750\" data-end=\"1035\">Com acabamento anodizado em <strong data-start=\"765\" data-end=\"784\">preto, amarelo, azul e vermelho.<\/strong><br data-start=\"863\" data-end=\"866\" \/>A instala\u00e7\u00e3o \u00e9 extremamente simples e permite purgar o ar acumulado com apenas um pressionar de bot\u00e3o \u2014 ideal para enduro, hard enduro, motocross e utiliza\u00e7\u00e3o intensiva.<\/p>\n<ul>\n<li data-start=\"1077\" data-end=\"1129\">\n<p data-start=\"1079\" data-end=\"1129\">Libertam rapidamente o ar acumulado na suspens\u00e3o<\/p>\n<\/li>\n<li data-start=\"1130\" data-end=\"1191\">\n<p data-start=\"1132\" data-end=\"1191\">Melhora o comportamento da dianteira em terrenos t\u00e9cnicos<\/p>\n<\/li>\n<li data-start=\"1192\" data-end=\"1247\">\n<p data-start=\"1194\" data-end=\"1247\">Rosca <strong data-start=\"1200\" data-end=\"1215\">M5 x 0.8 mm<\/strong> compat\u00edvel com Kayaba e Showa<\/p>\n<\/li>\n<li data-start=\"1248\" data-end=\"1304\">\n<p data-start=\"1250\" data-end=\"1304\">Acabamento <strong data-start=\"1261\" data-end=\"1280\">anodizado preto<\/strong> resistente e discreto<\/p>\n<\/li>\n<li data-start=\"1305\" data-end=\"1367\">\n<p data-start=\"1307\" data-end=\"1367\">Instala\u00e7\u00e3o direta e r\u00e1pida (substitui o parafuso original)<\/p>\n<\/li>\n<li data-start=\"1368\" data-end=\"1387\">\n<p data-start=\"1370\" data-end=\"1387\">Vendidos em par<\/p>\n<\/li>\n<\/ul>\n<p data-start=\"750\" data-end=\"1035\">\n","protected":false},"excerpt":{"rendered":"<ul>\n<li data-start=\"1441\" data-end=\"1496\">\n<p data-start=\"1443\" data-end=\"1496\"><strong data-start=\"1443\" data-end=\"1494\">Melhora o desempenho da suspens\u00e3o com um clique<\/strong><\/p>\n<\/li>\n<li data-start=\"1497\" data-end=\"1554\">\n<p data-start=\"1499\" data-end=\"1554\"><strong data-start=\"1499\" data-end=\"1552\">Compat\u00edvel com Kayaba e Showa (rosca M5 x 0.8 mm)<\/strong><\/p>\n<\/li>\n<\/ul>\n","protected":false},"featured_media":4650,"comment_status":"open","ping_status":"closed","template":"","meta":[],"product_brand":[219],"product_cat":[210],"product_tag":[],"class_list":{"0":"post-4638","1":"product","2":"type-product","3":"status-publish","4":"has-post-thumbnail","6":"product_brand-teste-de-marca","7":"product_cat-acessorios-para-suspensoes","9":"first","10":"instock","11":"shipping-taxable","12":"purchasable","13":"product-type-variable"},"_links":{"self":[{"href":"https:\/\/doca.com.pt\/pt_pt_ao90\/wp-json\/wp\/v2\/product\/4638","targetHints":{"allow":["GET"]}}],"collection":[{"href":"https:\/\/doca.com.pt\/pt_pt_ao90\/wp-json\/wp\/v2\/product"}],"about":[{"href":"https:\/\/doca.com.pt\/pt_pt_ao90\/wp-json\/wp\/v2\/types\/product"}],"replies":[{"embeddable":true,"href":"https:\/\/doca.com.pt\/pt_pt_ao90\/wp-json\/wp\/v2\/comments?post=4638"}],"wp:featuredmedia":[{"embeddable":true,"href":"https:\/\/doca.com.pt\/pt_pt_ao90\/wp-json\/wp\/v2\/media\/4650"}],"wp:attachment":[{"href":"https:\/\/doca.com.pt\/pt_pt_ao90\/wp-json\/wp\/v2\/media?parent=4638"}],"wp:term":[{"taxonomy":"product_brand","embeddable":true,"href":"https:\/\/doca.com.pt\/pt_pt_ao90\/wp-json\/wp\/v2\/product_brand?post=4638"},{"taxonomy":"product_cat","embeddable":true,"href":"https:\/\/doca.com.pt\/pt_pt_ao90\/wp-json\/wp\/v2\/product_cat?post=4638"},{"taxonomy":"product_tag","embeddable":true,"href":"https:\/\/doca.com.pt\/pt_pt_ao90\/wp-json\/wp\/v2\/product_tag?post=4638"}],"curies":[{"name":"wp","href":"https:\/\/api.w.org\/{rel}","templated":true}]}}