{"id":4660,"date":"2025-11-23T22:52:06","date_gmt":"2025-11-23T22:52:06","guid":{"rendered":"https:\/\/doca.com.pt\/?post_type=product&#038;p=4660"},"modified":"2026-04-15T11:35:27","modified_gmt":"2026-04-15T11:35:27","slug":"peso-de-volante-magnetico-200g-ktm-husqvarna-gasgas-tbi","status":"publish","type":"product","link":"https:\/\/doca.com.pt\/pt_pt_ao90\/product\/peso-de-volante-magnetico-200g-ktm-husqvarna-gasgas-tbi\/","title":{"rendered":"Peso de Volante Magn\u00e9tico 200g \u2013 KTM \/ Husqvarna \/ GasGas TBI"},"content":{"rendered":"<p data-start=\"312\" data-end=\"563\">O <strong data-start=\"314\" data-end=\"367\">Peso de Volante Magn\u00e9tico de 200g DOCAenduroline<\/strong> foi desenvolvido para otimizar o comportamento do motor em regimes baixos e m\u00e9dios, proporcionando uma resposta mais controlada, linear e previs\u00edvel \u2014 essencial para enduro t\u00e9cnico e hard enduro.<\/p>\n<p data-start=\"956\" data-end=\"1170\">Este upgrade \u00e9 especialmente eficaz em motos equipadas com <strong data-start=\"1015\" data-end=\"1056\">sistema TBI<\/strong>, onde a gest\u00e3o eletr\u00f3nica beneficia de uma resposta mais consistente e equilibrada do conjunto motor\u2013transmiss\u00e3o.<\/p>\n<p data-start=\"1172\" data-end=\"1326\">Compat\u00edvel com <strong data-start=\"1187\" data-end=\"1218\">KTM, Husqvarna e GasGas TBI<\/strong>, o peso instala-se de forma simples e transforma imediatamente o comportamento da moto em ambiente t\u00e9cnico.<\/p>\n<p data-start=\"1172\" data-end=\"1326\">\n<p data-start=\"1172\" data-end=\"1326\"><strong>Vantagens do Aumento do Peso do Volante Magn\u00e9tico em Motores 2 Tempos<\/strong><\/p>\n<p><strong>Maior Estabilidade na Rota\u00e7\u00e3o:<\/strong>\u00a0O aumento do peso do volante magn\u00e9tico proporciona maior in\u00e9rcia ao sistema, o que ajuda a suavizar as flutua\u00e7\u00f5es na rota\u00e7\u00e3o do motor. Como resultado, a entrega de pot\u00eancia torna-se mais linear e controlada, algo especialmente importante em terrenos dif\u00edceis, como no Enduro e Hard Enduro.<\/p>\n<p><strong>Melhor Controlo em Baixas Rota\u00e7\u00f5es:<\/strong>\u00a0Com mais peso, o volante magn\u00e9tico mant\u00e9m a rota\u00e7\u00e3o do motor mais constante, o que \u00e9 crucial quando o piloto precisa de maior controlo sobre o desempenho em baixas rota\u00e7\u00f5es. Isto ajuda a evitar que o motor perca pot\u00eancia ou falhe em momentos cr\u00edticos, mesmo durante acelera\u00e7\u00f5es suaves ou ao enfrentar obst\u00e1culos t\u00e9cnicos.<\/p>\n<p><strong>Melhor Desempenho em Terrenos T\u00e9cnicos:<\/strong>\u00a0No Enduro e Hard Enduro, os pilotos enfrentam muitos desafios, como subidas \u00edngremes e terrenos muito irregulares. O volante magn\u00e9tico mais pesado ajuda a manter o motor mais equilibrado, melhorando a tra\u00e7\u00e3o e a resposta do motor nessas condi\u00e7\u00f5es extremas.<\/p>\n<ul>\n<li>Montagem simples<\/li>\n<li>Peso de 200g<\/li>\n<li>Necess\u00e1ria a coloca\u00e7\u00e3o das seguintes colas: Loctite 680( para o interior do anel ) e Loctite 272 ( para as roscas )<\/li>\n<\/ul>\n<h3 data-start=\"111\" data-end=\"122\"><strong data-start=\"115\" data-end=\"122\">KTM<\/strong><\/h3>\n<ul data-start=\"123\" data-end=\"179\">\n<li data-start=\"123\" data-end=\"151\">\n<p data-start=\"125\" data-end=\"151\"><strong data-start=\"125\" data-end=\"149\">250 \/ 300 EXC 2024 a 2026<\/strong><\/p>\n<\/li>\n<li data-start=\"152\" data-end=\"179\">\n<p data-start=\"154\" data-end=\"179\"><strong data-start=\"154\" data-end=\"179\">250 \/ 300 XC-W 2024 a 2026<\/strong><\/p>\n<\/li>\n<\/ul>\n<h3 data-start=\"181\" data-end=\"198\"><strong data-start=\"185\" data-end=\"198\">Husqvarna<\/strong><\/h3>\n<ul data-start=\"199\" data-end=\"240\">\n<li data-start=\"199\" data-end=\"220\">\n<p data-start=\"201\" data-end=\"220\"><strong data-start=\"201\" data-end=\"218\">TE 250 2024 a 2026<\/strong><\/p>\n<\/li>\n<li data-start=\"221\" data-end=\"240\">\n<p data-start=\"223\" data-end=\"240\"><strong data-start=\"223\" data-end=\"240\">TE 300 2024 a 2026<\/strong><\/p>\n<\/li>\n<\/ul>\n<h3 data-start=\"242\" data-end=\"256\"><strong data-start=\"246\" data-end=\"256\">GasGas<\/strong><\/h3>\n<ul data-start=\"257\" data-end=\"298\">\n<li data-start=\"257\" data-end=\"278\">\n<p data-start=\"259\" data-end=\"278\"><strong data-start=\"259\" data-end=\"276\">EC 250 2021 a 2026<\/strong><\/p>\n<\/li>\n<li data-start=\"279\" data-end=\"298\">\n<p data-start=\"281\" data-end=\"298\"><strong data-start=\"281\" data-end=\"298\">EC 300 2021 a 2026<\/strong><\/p>\n<\/li>\n<\/ul>\n","protected":false},"excerpt":{"rendered":"<ul>\n<li data-start=\"324\" data-end=\"396\"><strong>Estabiliza o regime do motor para m\u00e1xima precis\u00e3o em baixa rota\u00e7\u00e3o<\/strong><\/li>\n<li data-start=\"399\" data-end=\"463\"><strong>Pot\u00eancia mais progressiva e controlada em condu\u00e7\u00e3o t\u00e9cnica<\/strong><\/li>\n<li data-start=\"466\" data-end=\"523\"><strong>Melhora a tra\u00e7\u00e3o e o controlo em terrenos exigentes<\/strong><\/li>\n<\/ul>\n","protected":false},"featured_media":4662,"comment_status":"open","ping_status":"closed","template":"","meta":[],"product_brand":[],"product_cat":[215],"product_tag":[],"class_list":{"0":"post-4660","1":"product","2":"type-product","3":"status-publish","4":"has-post-thumbnail","6":"product_cat-peso-volante-motor","8":"first","9":"instock","10":"shipping-taxable","11":"purchasable","12":"product-type-simple"},"_links":{"self":[{"href":"https:\/\/doca.com.pt\/pt_pt_ao90\/wp-json\/wp\/v2\/product\/4660","targetHints":{"allow":["GET"]}}],"collection":[{"href":"https:\/\/doca.com.pt\/pt_pt_ao90\/wp-json\/wp\/v2\/product"}],"about":[{"href":"https:\/\/doca.com.pt\/pt_pt_ao90\/wp-json\/wp\/v2\/types\/product"}],"replies":[{"embeddable":true,"href":"https:\/\/doca.com.pt\/pt_pt_ao90\/wp-json\/wp\/v2\/comments?post=4660"}],"wp:featuredmedia":[{"embeddable":true,"href":"https:\/\/doca.com.pt\/pt_pt_ao90\/wp-json\/wp\/v2\/media\/4662"}],"wp:attachment":[{"href":"https:\/\/doca.com.pt\/pt_pt_ao90\/wp-json\/wp\/v2\/media?parent=4660"}],"wp:term":[{"taxonomy":"product_brand","embeddable":true,"href":"https:\/\/doca.com.pt\/pt_pt_ao90\/wp-json\/wp\/v2\/product_brand?post=4660"},{"taxonomy":"product_cat","embeddable":true,"href":"https:\/\/doca.com.pt\/pt_pt_ao90\/wp-json\/wp\/v2\/product_cat?post=4660"},{"taxonomy":"product_tag","embeddable":true,"href":"https:\/\/doca.com.pt\/pt_pt_ao90\/wp-json\/wp\/v2\/product_tag?post=4660"}],"curies":[{"name":"wp","href":"https:\/\/api.w.org\/{rel}","templated":true}]}}