{"id":4668,"date":"2025-11-23T23:18:36","date_gmt":"2025-11-23T23:18:36","guid":{"rendered":"https:\/\/doca.com.pt\/?post_type=product&#038;p=4668"},"modified":"2026-04-12T12:09:54","modified_gmt":"2026-04-12T12:09:54","slug":"peso-de-volante-magnetico-280g-ktm-husqvarna-tpi","status":"publish","type":"product","link":"https:\/\/doca.com.pt\/pt_pt_ao90\/product\/peso-de-volante-magnetico-280g-ktm-husqvarna-tpi\/","title":{"rendered":"Peso de Volante Magn\u00e9tico 280g \u2013 KTM \/ Husqvarna TPI"},"content":{"rendered":"<p data-start=\"312\" data-end=\"563\">O <strong data-start=\"314\" data-end=\"367\">Peso de Volante Magn\u00e9tico de 280g DOCAenduroline<\/strong> foi desenvolvido para otimizar o comportamento do motor em regimes baixos e m\u00e9dios, proporcionando uma resposta mais controlada, linear e previs\u00edvel \u2014 essencial para enduro t\u00e9cnico e hard enduro.<\/p>\n<p data-start=\"956\" data-end=\"1170\">Este upgrade \u00e9 especialmente eficaz em motos equipadas com <strong data-start=\"1015\" data-end=\"1056\">sistema TPI<\/strong>, onde a gest\u00e3o eletr\u00f3nica beneficia de uma resposta mais consistente e equilibrada do conjunto motor\u2013transmiss\u00e3o.<\/p>\n<p data-start=\"1172\" data-end=\"1326\">Compat\u00edvel com <strong data-start=\"1187\" data-end=\"1218\">KTM, Husqvarna e GasGas TPI<\/strong>, o peso instala-se de forma simples e transforma imediatamente o comportamento da moto em ambiente t\u00e9cnico.<\/p>\n<p data-start=\"1172\" data-end=\"1326\"><strong>Vantagens do Aumento do Peso do Volante Magn\u00e9tico em Motores 2 Tempos<\/strong><\/p>\n<p><strong>Maior Estabilidade na Rota\u00e7\u00e3o:<\/strong>\u00a0O aumento do peso do volante magn\u00e9tico proporciona maior in\u00e9rcia ao sistema, o que ajuda a suavizar as flutua\u00e7\u00f5es na rota\u00e7\u00e3o do motor. Como resultado, a entrega de pot\u00eancia torna-se mais linear e controlada, algo especialmente importante em terrenos dif\u00edceis, como no Enduro e Hard Enduro.<\/p>\n<p><strong>Melhor Controlo em Baixas Rota\u00e7\u00f5es:<\/strong>\u00a0Com mais peso, o volante magn\u00e9tico mant\u00e9m a rota\u00e7\u00e3o do motor mais constante, o que \u00e9 crucial quando o piloto precisa de maior controlo sobre o desempenho em baixas rota\u00e7\u00f5es. Isto ajuda a evitar que o motor perca pot\u00eancia ou falhe em momentos cr\u00edticos, mesmo durante acelera\u00e7\u00f5es suaves ou ao enfrentar obst\u00e1culos t\u00e9cnicos.<\/p>\n<p><strong>Melhor Desempenho em Terrenos T\u00e9cnicos:<\/strong>\u00a0No Enduro e Hard Enduro, os pilotos enfrentam muitos desafios, como subidas \u00edngremes e terrenos muito irregulares. O volante magn\u00e9tico mais pesado ajuda a manter o motor mais equilibrado, melhorando a tra\u00e7\u00e3o e a resposta do motor nessas condi\u00e7\u00f5es extremas.<\/p>\n<ul>\n<li>Montagem simples<\/li>\n<li>Peso de 280g<\/li>\n<li>Necess\u00e1ria a coloca\u00e7\u00e3o das seguintes colas: Loctite 680( para o interior do anel ) e Loctite 272 ( para as roscas )<\/li>\n<\/ul>\n<h3 data-start=\"168\" data-end=\"179\"><strong data-start=\"172\" data-end=\"179\">KTM<\/strong><\/h3>\n<ul data-start=\"180\" data-end=\"321\">\n<li data-start=\"180\" data-end=\"214\">\n<p data-start=\"182\" data-end=\"214\"><strong data-start=\"182\" data-end=\"212\">250 \/ 300 XC \u2014 2017 a 2023<\/strong><\/p>\n<\/li>\n<li data-start=\"215\" data-end=\"251\">\n<p data-start=\"217\" data-end=\"251\"><strong data-start=\"217\" data-end=\"249\">250 \/ 300 XC-W \u2014 2017 a 2023<\/strong><\/p>\n<\/li>\n<li data-start=\"252\" data-end=\"287\">\n<p data-start=\"254\" data-end=\"287\"><strong data-start=\"254\" data-end=\"285\">250 \/ 300 EXC \u2014 2017 a 2023<\/strong><\/p>\n<\/li>\n<li data-start=\"288\" data-end=\"321\">\n<p data-start=\"290\" data-end=\"321\"><strong data-start=\"290\" data-end=\"321\">250 \/ 300 TPI \u2014 2017 a 2023<\/strong><\/p>\n<\/li>\n<\/ul>\n<h3 data-start=\"323\" data-end=\"340\"><strong data-start=\"327\" data-end=\"340\">Husqvarna<\/strong><\/h3>\n<ul data-start=\"341\" data-end=\"439\">\n<li data-start=\"341\" data-end=\"375\">\n<p data-start=\"343\" data-end=\"375\"><strong data-start=\"343\" data-end=\"373\">TE 250 \/ 300 \u2014 2017 a 2023<\/strong><\/p>\n<\/li>\n<li data-start=\"376\" data-end=\"404\">\n<p data-start=\"378\" data-end=\"404\"><strong data-start=\"378\" data-end=\"402\">TX 300 \u2014 2017 a 2023<\/strong><\/p>\n<\/li>\n<li data-start=\"405\" data-end=\"439\">\n<p data-start=\"407\" data-end=\"439\"><strong data-start=\"407\" data-end=\"439\">TE 250i \/ 300i \u2014 2017 a 2023<\/strong><\/p>\n<\/li>\n<\/ul>\n","protected":false},"excerpt":{"rendered":"<ul>\n<li data-start=\"324\" data-end=\"396\"><strong>Estabiliza o regime do motor para m\u00e1xima precis\u00e3o em baixa rota\u00e7\u00e3o<\/strong><\/li>\n<li data-start=\"399\" data-end=\"463\"><strong>Pot\u00eancia mais progressiva e controlada em condu\u00e7\u00e3o t\u00e9cnica<\/strong><\/li>\n<li data-start=\"466\" data-end=\"523\"><strong>Melhora a tra\u00e7\u00e3o e o controlo em terrenos exigentes<\/strong><\/li>\n<\/ul>\n","protected":false},"featured_media":4664,"comment_status":"open","ping_status":"closed","template":"","meta":[],"product_brand":[],"product_cat":[215],"product_tag":[],"class_list":{"0":"post-4668","1":"product","2":"type-product","3":"status-publish","4":"has-post-thumbnail","6":"product_cat-peso-volante-motor","8":"first","9":"instock","10":"shipping-taxable","11":"purchasable","12":"product-type-simple"},"_links":{"self":[{"href":"https:\/\/doca.com.pt\/pt_pt_ao90\/wp-json\/wp\/v2\/product\/4668","targetHints":{"allow":["GET"]}}],"collection":[{"href":"https:\/\/doca.com.pt\/pt_pt_ao90\/wp-json\/wp\/v2\/product"}],"about":[{"href":"https:\/\/doca.com.pt\/pt_pt_ao90\/wp-json\/wp\/v2\/types\/product"}],"replies":[{"embeddable":true,"href":"https:\/\/doca.com.pt\/pt_pt_ao90\/wp-json\/wp\/v2\/comments?post=4668"}],"wp:featuredmedia":[{"embeddable":true,"href":"https:\/\/doca.com.pt\/pt_pt_ao90\/wp-json\/wp\/v2\/media\/4664"}],"wp:attachment":[{"href":"https:\/\/doca.com.pt\/pt_pt_ao90\/wp-json\/wp\/v2\/media?parent=4668"}],"wp:term":[{"taxonomy":"product_brand","embeddable":true,"href":"https:\/\/doca.com.pt\/pt_pt_ao90\/wp-json\/wp\/v2\/product_brand?post=4668"},{"taxonomy":"product_cat","embeddable":true,"href":"https:\/\/doca.com.pt\/pt_pt_ao90\/wp-json\/wp\/v2\/product_cat?post=4668"},{"taxonomy":"product_tag","embeddable":true,"href":"https:\/\/doca.com.pt\/pt_pt_ao90\/wp-json\/wp\/v2\/product_tag?post=4668"}],"curies":[{"name":"wp","href":"https:\/\/api.w.org\/{rel}","templated":true}]}}