{"id":4671,"date":"2025-11-24T00:15:50","date_gmt":"2025-11-24T00:15:50","guid":{"rendered":"https:\/\/doca.com.pt\/?post_type=product&#038;p=4671"},"modified":"2026-04-09T10:08:00","modified_gmt":"2026-04-09T10:08:00","slug":"peso-de-volante-magnetico-235g-sherco-se-se-r-250-300-2017-2025","status":"publish","type":"product","link":"https:\/\/doca.com.pt\/pt_pt_ao90\/product\/peso-de-volante-magnetico-235g-sherco-se-se-r-250-300-2017-2025\/","title":{"rendered":"Peso de Volante Magn\u00e9tico 235g \u2013 Sherco SE\/SE-R 250\u2013300 (2017\u20132026)"},"content":{"rendered":"<p data-start=\"536\" data-end=\"799\">O <strong data-start=\"538\" data-end=\"591\">Peso de Volante Magn\u00e9tico de 235g DOCAenduroline<\/strong> foi desenvolvido para melhorar o comportamento do motor Sherco 2T em baixas e m\u00e9dias rota\u00e7\u00f5es, proporcionando uma resposta mais est\u00e1vel, controlada e previs\u00edvel \u2014 essencial para enduro t\u00e9cnico e hard enduro.<\/p>\n<p data-start=\"536\" data-end=\"799\">Com <strong data-start=\"1169\" data-end=\"1178\">235g<\/strong>, este peso oferece o equil\u00edbrio perfeito entre estabilidade adicional e capacidade de resposta, sem comprometer a vivacidade t\u00edpica dos motores Sherco.<br data-start=\"1330\" data-end=\"1333\" \/>A instala\u00e7\u00e3o \u00e9 simples, r\u00e1pida e compat\u00edvel com motores <strong data-start=\"1389\" data-end=\"1435\">Sherco SE e SE-R 250\/300 entre 2017 e 2025<\/strong>.<\/p>\n<p data-start=\"536\" data-end=\"799\">\n<p data-start=\"536\" data-end=\"799\"><strong>Vantagens do Aumento do Peso do Volante Magn\u00e9tico em Motores 2 Tempos<\/strong><\/p>\n<p><strong>Maior Estabilidade na Rota\u00e7\u00e3o:<\/strong>\u00a0O aumento do peso do volante magn\u00e9tico proporciona maior in\u00e9rcia ao sistema, o que ajuda a suavizar as flutua\u00e7\u00f5es na rota\u00e7\u00e3o do motor. Como resultado, a entrega de pot\u00eancia torna-se mais linear e controlada, algo especialmente importante em terrenos dif\u00edceis, como no Enduro e Hard Enduro.<\/p>\n<p><strong>Melhor Controlo em Baixas Rota\u00e7\u00f5es:<\/strong>\u00a0Com mais peso, o volante magn\u00e9tico mant\u00e9m a rota\u00e7\u00e3o do motor mais constante, o que \u00e9 crucial quando o piloto precisa de maior controlo sobre o desempenho em baixas rota\u00e7\u00f5es. Isto ajuda a evitar que o motor perca pot\u00eancia ou falhe em momentos cr\u00edticos, mesmo durante acelera\u00e7\u00f5es suaves ou ao enfrentar obst\u00e1culos t\u00e9cnicos.<\/p>\n<p><strong>Melhor Desempenho em Terrenos T\u00e9cnicos:<\/strong>\u00a0No Enduro e Hard Enduro, os pilotos enfrentam muitos desafios, como subidas \u00edngremes e terrenos muito irregulares. O volante magn\u00e9tico mais pesado ajuda a manter o motor mais equilibrado, melhorando a tra\u00e7\u00e3o e a resposta do motor nessas condi\u00e7\u00f5es extremas.<\/p>\n<ul>\n<li>Montagem simples<\/li>\n<li>Peso de 235g<\/li>\n<li>Necess\u00e1ria a coloca\u00e7\u00e3o das seguintes colas: Loctite 680( para o interior do anel ) e Loctite 272 ( para as roscas )<\/li>\n<\/ul>\n<h3 data-start=\"2186\" data-end=\"2200\"><strong data-start=\"2190\" data-end=\"2200\">Sherco<\/strong><\/h3>\n<ul data-start=\"2201\" data-end=\"2270\">\n<li data-start=\"2201\" data-end=\"2235\">\n<p data-start=\"2203\" data-end=\"2235\"><strong data-start=\"2203\" data-end=\"2233\">SE 250 \/ 300 \u2014 2017 \u2192 2026<\/strong><\/p>\n<\/li>\n<li data-start=\"2236\" data-end=\"2270\">\n<p data-start=\"2238\" data-end=\"2270\"><strong data-start=\"2238\" data-end=\"2270\">SE-R 250 \/ 300 \u2014 2017 \u2192 2026<\/strong><\/p>\n<\/li>\n<\/ul>\n<p>&nbsp;<\/p>\n","protected":false},"excerpt":{"rendered":"<ul>\n<li data-start=\"324\" data-end=\"396\"><strong>Estabiliza o regime do motor para m\u00e1xima precis\u00e3o em baixa rota\u00e7\u00e3o<\/strong><\/li>\n<li data-start=\"399\" data-end=\"463\"><strong>Pot\u00eancia mais progressiva e controlada em condu\u00e7\u00e3o t\u00e9cnica<\/strong><\/li>\n<li data-start=\"466\" data-end=\"523\"><strong>Melhora a tra\u00e7\u00e3o e o controlo em terrenos exigentes<\/strong><\/li>\n<\/ul>\n","protected":false},"featured_media":4672,"comment_status":"open","ping_status":"closed","template":"","meta":[],"product_brand":[],"product_cat":[215],"product_tag":[],"class_list":{"0":"post-4671","1":"product","2":"type-product","3":"status-publish","4":"has-post-thumbnail","6":"product_cat-peso-volante-motor","8":"first","9":"instock","10":"shipping-taxable","11":"purchasable","12":"product-type-simple"},"_links":{"self":[{"href":"https:\/\/doca.com.pt\/pt_pt_ao90\/wp-json\/wp\/v2\/product\/4671","targetHints":{"allow":["GET"]}}],"collection":[{"href":"https:\/\/doca.com.pt\/pt_pt_ao90\/wp-json\/wp\/v2\/product"}],"about":[{"href":"https:\/\/doca.com.pt\/pt_pt_ao90\/wp-json\/wp\/v2\/types\/product"}],"replies":[{"embeddable":true,"href":"https:\/\/doca.com.pt\/pt_pt_ao90\/wp-json\/wp\/v2\/comments?post=4671"}],"wp:featuredmedia":[{"embeddable":true,"href":"https:\/\/doca.com.pt\/pt_pt_ao90\/wp-json\/wp\/v2\/media\/4672"}],"wp:attachment":[{"href":"https:\/\/doca.com.pt\/pt_pt_ao90\/wp-json\/wp\/v2\/media?parent=4671"}],"wp:term":[{"taxonomy":"product_brand","embeddable":true,"href":"https:\/\/doca.com.pt\/pt_pt_ao90\/wp-json\/wp\/v2\/product_brand?post=4671"},{"taxonomy":"product_cat","embeddable":true,"href":"https:\/\/doca.com.pt\/pt_pt_ao90\/wp-json\/wp\/v2\/product_cat?post=4671"},{"taxonomy":"product_tag","embeddable":true,"href":"https:\/\/doca.com.pt\/pt_pt_ao90\/wp-json\/wp\/v2\/product_tag?post=4671"}],"curies":[{"name":"wp","href":"https:\/\/api.w.org\/{rel}","templated":true}]}}