{"id":4683,"date":"2025-11-25T00:13:25","date_gmt":"2025-11-25T00:13:25","guid":{"rendered":"https:\/\/doca.com.pt\/?post_type=product&#038;p=4683"},"modified":"2026-01-22T13:01:10","modified_gmt":"2026-01-22T13:01:10","slug":"kit-tubos-de-radiador-ktm-husq-17-19","status":"publish","type":"product","link":"https:\/\/doca.com.pt\/pt_pt_ao90\/product\/kit-tubos-de-radiador-ktm-husq-17-19\/","title":{"rendered":"Kit Tubos de Radiador KTM\/ Husq [17-19]"},"content":{"rendered":"<p data-start=\"399\" data-end=\"833\">O <strong data-start=\"401\" data-end=\"444\">Kit de Tubos de Radiador DOCAenduroline<\/strong> foi desenvolvido para substituir os tubos originais por um sistema mais resistente, duradouro e est\u00e1vel sob altas temperaturas e press\u00e3o.<br data-start=\"582\" data-end=\"585\" \/>Fabricados em material de alta qualidade, estes tubos garantem uma circula\u00e7\u00e3o de l\u00edquido refrigerante mais eficiente e consistente, prevenindo fugas, deforma\u00e7\u00f5es e falhas prematuras \u2014 especialmente em utiliza\u00e7\u00e3o intensiva como Enduro e Hard Enduro.<\/p>\n<p data-start=\"399\" data-end=\"833\">O kit \u00e9 de instala\u00e7\u00e3o direta, sem necessidade de adapta\u00e7\u00f5es.<\/p>\n<p>KTM EXC e SX 250\/300 2017-2019<\/p>\n<p>Husqvarna TC e TE 250\/300 2017-2019<\/p>\n","protected":false},"excerpt":{"rendered":"<ul>\n<li data-start=\"1676\" data-end=\"1716\">\n<p style=\"text-align: left;\" data-start=\"1678\" data-end=\"1716\"><strong>Resist\u00eancia superior ao original<\/strong><\/p>\n<\/li>\n<li data-start=\"1717\" data-end=\"1769\">\n<p style=\"text-align: left;\" data-start=\"1719\" data-end=\"1769\"><strong>Estabilidade t\u00e9rmica em utiliza\u00e7\u00e3o intensivo<\/strong><\/p>\n<\/li>\n<\/ul>\n","protected":false},"featured_media":4687,"comment_status":"open","ping_status":"closed","template":"","meta":[],"product_brand":[],"product_cat":[207],"product_tag":[],"class_list":{"0":"post-4683","1":"product","2":"type-product","3":"status-publish","4":"has-post-thumbnail","6":"product_cat-tubos-de-radiador","8":"first","9":"instock","10":"shipping-taxable","11":"purchasable","12":"product-type-variable"},"_links":{"self":[{"href":"https:\/\/doca.com.pt\/pt_pt_ao90\/wp-json\/wp\/v2\/product\/4683","targetHints":{"allow":["GET"]}}],"collection":[{"href":"https:\/\/doca.com.pt\/pt_pt_ao90\/wp-json\/wp\/v2\/product"}],"about":[{"href":"https:\/\/doca.com.pt\/pt_pt_ao90\/wp-json\/wp\/v2\/types\/product"}],"replies":[{"embeddable":true,"href":"https:\/\/doca.com.pt\/pt_pt_ao90\/wp-json\/wp\/v2\/comments?post=4683"}],"wp:featuredmedia":[{"embeddable":true,"href":"https:\/\/doca.com.pt\/pt_pt_ao90\/wp-json\/wp\/v2\/media\/4687"}],"wp:attachment":[{"href":"https:\/\/doca.com.pt\/pt_pt_ao90\/wp-json\/wp\/v2\/media?parent=4683"}],"wp:term":[{"taxonomy":"product_brand","embeddable":true,"href":"https:\/\/doca.com.pt\/pt_pt_ao90\/wp-json\/wp\/v2\/product_brand?post=4683"},{"taxonomy":"product_cat","embeddable":true,"href":"https:\/\/doca.com.pt\/pt_pt_ao90\/wp-json\/wp\/v2\/product_cat?post=4683"},{"taxonomy":"product_tag","embeddable":true,"href":"https:\/\/doca.com.pt\/pt_pt_ao90\/wp-json\/wp\/v2\/product_tag?post=4683"}],"curies":[{"name":"wp","href":"https:\/\/api.w.org\/{rel}","templated":true}]}}