{"id":4688,"date":"2025-11-25T00:19:34","date_gmt":"2025-11-25T00:19:34","guid":{"rendered":"https:\/\/doca.com.pt\/?post_type=product&#038;p=4688"},"modified":"2026-04-15T08:34:16","modified_gmt":"2026-04-15T08:34:16","slug":"tubo-em-t-de-radiador-ktm-husqvarna-gasgas-tbi-24-2026","status":"publish","type":"product","link":"https:\/\/doca.com.pt\/pt_pt_ao90\/product\/tubo-em-t-de-radiador-ktm-husqvarna-gasgas-tbi-24-2026\/","title":{"rendered":"Tubo em &#8220;T&#8221; de Radiador KTM\/ Husqvarna\/ GasGas TBI [24 &#8211; 2026]"},"content":{"rendered":"<p data-start=\"332\" data-end=\"565\">Os <strong data-start=\"335\" data-end=\"375\">Tubos \u201cT\u201d de Radiador DOCAenduroline<\/strong> foram desenvolvidos para substituir o conjunto original dos modelos TBI 2024, permitindo <strong data-start=\"465\" data-end=\"489\">retirar o term\u00f3stato<\/strong> e garantir uma circula\u00e7\u00e3o de l\u00edquido de refrigera\u00e7\u00e3o mais livre e imediata.<\/p>\n<p data-start=\"567\" data-end=\"907\">Nos modelos TBI, o term\u00f3stato pode atrasar a circula\u00e7\u00e3o completa do sistema, o que aumenta o risco de subida de temperatura em condu\u00e7\u00e3o lenta ou em hard enduro.<br data-start=\"727\" data-end=\"730\" \/>Ao eliminar esse ponto de restri\u00e7\u00e3o, o tubo \u201cT\u201d assegura um fluxo constante desde o arranque, ajudando o motor a manter uma temperatura mais est\u00e1vel em situa\u00e7\u00f5es de maior carga.<\/p>\n<p data-start=\"909\" data-end=\"1072\">Fabricado em material refor\u00e7ado e resistente \u00e0 temperatura, o tubo \u00e9 de <strong data-start=\"981\" data-end=\"1000\">montagem direta<\/strong>, sem adapta\u00e7\u00f5es, e compat\u00edvel com <strong data-start=\"1035\" data-end=\"1071\">KTM, Husqvarna e GasGas\u00a0 modelos TBI.<\/strong><\/p>\n<p data-start=\"909\" data-end=\"1072\"><strong>Compatibilidade<\/strong><\/p>\n<ul>\n<li>Todas as KTM\/ HUSQVARNAS\/ GAS GAS TBI<\/li>\n<\/ul>\n","protected":false},"excerpt":{"rendered":"<ul>\n<li data-start=\"1676\" data-end=\"1716\">\n<p style=\"text-align: left;\" data-start=\"1678\" data-end=\"1716\"><strong>Resist\u00eancia superior ao original<\/strong><\/p>\n<\/li>\n<li data-start=\"1717\" data-end=\"1769\">\n<p style=\"text-align: left;\" data-start=\"1719\" data-end=\"1769\"><strong>Estabilidade t\u00e9rmica em utiliza\u00e7\u00e3o intensivo<\/strong><\/p>\n<\/li>\n<\/ul>\n","protected":false},"featured_media":4691,"comment_status":"open","ping_status":"closed","template":"","meta":[],"product_brand":[],"product_cat":[207],"product_tag":[],"class_list":{"0":"post-4688","1":"product","2":"type-product","3":"status-publish","4":"has-post-thumbnail","6":"product_cat-tubos-de-radiador","8":"first","9":"instock","10":"shipping-taxable","11":"purchasable","12":"product-type-simple"},"_links":{"self":[{"href":"https:\/\/doca.com.pt\/pt_pt_ao90\/wp-json\/wp\/v2\/product\/4688","targetHints":{"allow":["GET"]}}],"collection":[{"href":"https:\/\/doca.com.pt\/pt_pt_ao90\/wp-json\/wp\/v2\/product"}],"about":[{"href":"https:\/\/doca.com.pt\/pt_pt_ao90\/wp-json\/wp\/v2\/types\/product"}],"replies":[{"embeddable":true,"href":"https:\/\/doca.com.pt\/pt_pt_ao90\/wp-json\/wp\/v2\/comments?post=4688"}],"wp:featuredmedia":[{"embeddable":true,"href":"https:\/\/doca.com.pt\/pt_pt_ao90\/wp-json\/wp\/v2\/media\/4691"}],"wp:attachment":[{"href":"https:\/\/doca.com.pt\/pt_pt_ao90\/wp-json\/wp\/v2\/media?parent=4688"}],"wp:term":[{"taxonomy":"product_brand","embeddable":true,"href":"https:\/\/doca.com.pt\/pt_pt_ao90\/wp-json\/wp\/v2\/product_brand?post=4688"},{"taxonomy":"product_cat","embeddable":true,"href":"https:\/\/doca.com.pt\/pt_pt_ao90\/wp-json\/wp\/v2\/product_cat?post=4688"},{"taxonomy":"product_tag","embeddable":true,"href":"https:\/\/doca.com.pt\/pt_pt_ao90\/wp-json\/wp\/v2\/product_tag?post=4688"}],"curies":[{"name":"wp","href":"https:\/\/api.w.org\/{rel}","templated":true}]}}