{"id":4695,"date":"2025-11-25T00:38:37","date_gmt":"2025-11-25T00:38:37","guid":{"rendered":"https:\/\/doca.com.pt\/?post_type=product&#038;p=4695"},"modified":"2026-01-22T10:17:05","modified_gmt":"2026-01-22T10:17:05","slug":"pousa-pes-doca-ktm-husqvarna-gas-gas-tbi-beta","status":"publish","type":"product","link":"https:\/\/doca.com.pt\/pt_pt_ao90\/product\/pousa-pes-doca-ktm-husqvarna-gas-gas-tbi-beta\/","title":{"rendered":"Pousa-p\u00e9s DOCA KTM \/ Husqvarna \/ Gas Gas TBI\/ Beta"},"content":{"rendered":"<p data-start=\"292\" data-end=\"606\">Os <strong data-start=\"295\" data-end=\"330\">Pousa-p\u00e9s em A\u00e7o DOCAenduroline<\/strong> foram desenvolvidos para pilotos que exigem controlo absoluto da moto, especialmente em enduro t\u00e9cnico e hard enduro.<br data-start=\"448\" data-end=\"451\" \/>Fabricados em <strong data-start=\"465\" data-end=\"492\">a\u00e7o de alta resist\u00eancia<\/strong>, garantem durabilidade extrema e uma ader\u00eancia superior mesmo em condi\u00e7\u00f5es de lama, \u00e1gua ou terreno escorregadio.<\/p>\n<p data-start=\"608\" data-end=\"926\">O design <strong data-start=\"617\" data-end=\"662\">anti-derrapante e anti-acumula\u00e7\u00e3o de lama<\/strong> mant\u00e9m os pousa-p\u00e9s limpos por mais tempo, assegurando apoio firme e est\u00e1vel em qualquer situa\u00e7\u00e3o.<br data-start=\"761\" data-end=\"764\" \/>Com uma plataforma larga e ergon\u00f3mica, oferecem maior conforto e precis\u00e3o na transfer\u00eancia de peso, transformando a forma como controlas a moto em zonas t\u00e9cnicas.<\/p>\n<p data-start=\"928\" data-end=\"1006\">Incluem <strong data-start=\"936\" data-end=\"953\">pinos e molas<\/strong>, prontos a montar, tal como apresentado nas imagens.<\/p>\n","protected":false},"excerpt":{"rendered":"<ul>\n<li data-start=\"1676\" data-end=\"1716\">\n<p style=\"text-align: left;\" data-start=\"1678\" data-end=\"1716\"><strong>Resist\u00eancia superior ao original<\/strong><\/p>\n<\/li>\n<li data-start=\"1717\" data-end=\"1769\">\n<p style=\"text-align: left;\" data-start=\"1719\" data-end=\"1769\"><strong>Estabilidade t\u00e9rmica em utiliza\u00e7\u00e3o intensivo<\/strong><\/p>\n<\/li>\n<\/ul>\n","protected":false},"featured_media":4696,"comment_status":"open","ping_status":"closed","template":"","meta":[],"product_brand":[217],"product_cat":[209],"product_tag":[],"class_list":{"0":"post-4695","1":"product","2":"type-product","3":"status-publish","4":"has-post-thumbnail","6":"product_brand-docaenduroline","7":"product_cat-pousa-pes","9":"first","10":"instock","11":"shipping-taxable","12":"purchasable","13":"product-type-simple"},"_links":{"self":[{"href":"https:\/\/doca.com.pt\/pt_pt_ao90\/wp-json\/wp\/v2\/product\/4695","targetHints":{"allow":["GET"]}}],"collection":[{"href":"https:\/\/doca.com.pt\/pt_pt_ao90\/wp-json\/wp\/v2\/product"}],"about":[{"href":"https:\/\/doca.com.pt\/pt_pt_ao90\/wp-json\/wp\/v2\/types\/product"}],"replies":[{"embeddable":true,"href":"https:\/\/doca.com.pt\/pt_pt_ao90\/wp-json\/wp\/v2\/comments?post=4695"}],"wp:featuredmedia":[{"embeddable":true,"href":"https:\/\/doca.com.pt\/pt_pt_ao90\/wp-json\/wp\/v2\/media\/4696"}],"wp:attachment":[{"href":"https:\/\/doca.com.pt\/pt_pt_ao90\/wp-json\/wp\/v2\/media?parent=4695"}],"wp:term":[{"taxonomy":"product_brand","embeddable":true,"href":"https:\/\/doca.com.pt\/pt_pt_ao90\/wp-json\/wp\/v2\/product_brand?post=4695"},{"taxonomy":"product_cat","embeddable":true,"href":"https:\/\/doca.com.pt\/pt_pt_ao90\/wp-json\/wp\/v2\/product_cat?post=4695"},{"taxonomy":"product_tag","embeddable":true,"href":"https:\/\/doca.com.pt\/pt_pt_ao90\/wp-json\/wp\/v2\/product_tag?post=4695"}],"curies":[{"name":"wp","href":"https:\/\/api.w.org\/{rel}","templated":true}]}}