{"id":5285,"date":"2025-11-29T10:31:18","date_gmt":"2025-11-29T10:31:18","guid":{"rendered":"https:\/\/doca.com.pt\/?post_type=product&#038;p=5285"},"modified":"2026-01-26T13:40:38","modified_gmt":"2026-01-26T13:40:38","slug":"protecao-de-disco-traseiro-doca-ktm-husqvarna-montagem-no-suporte-da-pinca","status":"publish","type":"product","link":"https:\/\/doca.com.pt\/pt_pt_ao90\/product\/protecao-de-disco-traseiro-doca-ktm-husqvarna-montagem-no-suporte-da-pinca\/","title":{"rendered":"Prote\u00e7\u00e3o de Disco Traseiro DOCA \u2013 KTM \/ Husqvarna (Montagem no Suporte da Pin\u00e7a)"},"content":{"rendered":"<p data-start=\"759\" data-end=\"972\">A <strong data-start=\"761\" data-end=\"826\">Prote\u00e7\u00e3o de Disco Traseiro DOCAenduroline para brembo<\/strong> foi criada para oferecer prote\u00e7\u00e3o eficaz ao disco traseiro, mantendo um design <strong data-start=\"906\" data-end=\"938\">leve, funcional e resistente<\/strong> para utiliza\u00e7\u00e3o di\u00e1ria no Enduro.<\/p>\n<p data-start=\"974\" data-end=\"1201\">Fabricada em <strong data-start=\"987\" data-end=\"1013\">alum\u00ednio maquinado<\/strong>, esta prote\u00e7\u00e3o instala-se diretamente no <strong data-start=\"1055\" data-end=\"1085\">suporte da pin\u00e7a de trav\u00e3o<\/strong>, criando uma barreira s\u00f3lida contra impactos de pedras e obst\u00e1culos que podem danificar o disco durante a condu\u00e7\u00e3o.<\/p>\n<p data-start=\"1203\" data-end=\"1495\">\u00c9 uma solu\u00e7\u00e3o leve e funcional, desenvolvida especificamente para quem prefere uma prote\u00e7\u00e3o montada diretamente no suporte da pin\u00e7a, garantindo seguran\u00e7a adicional ao disco traseiro sem alterar o comportamento da moto.<\/p>\n<h2 data-start=\"228\" data-end=\"250\"><strong data-start=\"231\" data-end=\"250\">Compatibilidade<\/strong><\/h2>\n<h3 data-start=\"210\" data-end=\"230\"><strong data-start=\"214\" data-end=\"230\">KTM (Brembo)<\/strong><\/h3>\n<ul data-start=\"231\" data-end=\"332\">\n<li data-start=\"231\" data-end=\"332\">\n<p data-start=\"233\" data-end=\"332\">Modelos 125\u2013530: XC-W \/ XCF-W \/ EXC \/ EXC-F \/ SX \/ SX-F \/ XC \/ XCF \/ 6 Days \/ TPI \u2014 <strong data-start=\"317\" data-end=\"332\">2004 a 2026<\/strong><\/p>\n<\/li>\n<\/ul>\n<h3 data-start=\"334\" data-end=\"360\"><strong data-start=\"338\" data-end=\"360\">Husqvarna (Brembo)<\/strong><\/h3>\n<ul data-start=\"361\" data-end=\"459\">\n<li data-start=\"361\" data-end=\"412\">\n<p data-start=\"363\" data-end=\"412\">Modelos 125\u2013501 \u2014 <strong data-start=\"381\" data-end=\"410\">todos os anos 2014 a 2017<\/strong><\/p>\n<\/li>\n<li data-start=\"413\" data-end=\"459\">\n<p data-start=\"415\" data-end=\"459\">Modelos FC 250 \/ 350 \/ 450 \u2014 <strong data-start=\"444\" data-end=\"459\">2019 a 2021<\/strong><\/p>\n<\/li>\n<\/ul>\n<p>&nbsp;<\/p>\n","protected":false},"excerpt":{"rendered":"<p>A Prote\u00e7\u00e3o de Disco Traseiro DOCAenduroline para brembo foi criada para oferecer prote\u00e7\u00e3o eficaz ao disco traseiro, mantendo um design leve, funcional e resistente para utiliza\u00e7\u00e3o di\u00e1ria no Enduro. Fabricada em alum\u00ednio maquinado, esta prote\u00e7\u00e3o instala-se diretamente no suporte da pin\u00e7a de trav\u00e3o, criando uma barreira s\u00f3lida contra impactos de pedras e obst\u00e1culos que podem<\/p>\n<div class=\"klb-readmore button\"><a class=\"btn link\" href=\"https:\/\/doca.com.pt\/pt_pt_ao90\/product\/protecao-de-disco-traseiro-doca-ktm-husqvarna-montagem-no-suporte-da-pinca\/\">Read More <i class=\"klbth-icon-right-arrow\"><\/i><\/a><\/div>\n","protected":false},"featured_media":5283,"comment_status":"open","ping_status":"closed","template":"","meta":[],"product_brand":[],"product_cat":[204],"product_tag":[],"class_list":{"0":"post-5285","1":"product","2":"type-product","3":"status-publish","4":"has-post-thumbnail","6":"product_cat-protecao-disco-de-tras","8":"first","9":"onbackorder","10":"shipping-taxable","11":"purchasable","12":"product-type-simple"},"_links":{"self":[{"href":"https:\/\/doca.com.pt\/pt_pt_ao90\/wp-json\/wp\/v2\/product\/5285","targetHints":{"allow":["GET"]}}],"collection":[{"href":"https:\/\/doca.com.pt\/pt_pt_ao90\/wp-json\/wp\/v2\/product"}],"about":[{"href":"https:\/\/doca.com.pt\/pt_pt_ao90\/wp-json\/wp\/v2\/types\/product"}],"replies":[{"embeddable":true,"href":"https:\/\/doca.com.pt\/pt_pt_ao90\/wp-json\/wp\/v2\/comments?post=5285"}],"wp:featuredmedia":[{"embeddable":true,"href":"https:\/\/doca.com.pt\/pt_pt_ao90\/wp-json\/wp\/v2\/media\/5283"}],"wp:attachment":[{"href":"https:\/\/doca.com.pt\/pt_pt_ao90\/wp-json\/wp\/v2\/media?parent=5285"}],"wp:term":[{"taxonomy":"product_brand","embeddable":true,"href":"https:\/\/doca.com.pt\/pt_pt_ao90\/wp-json\/wp\/v2\/product_brand?post=5285"},{"taxonomy":"product_cat","embeddable":true,"href":"https:\/\/doca.com.pt\/pt_pt_ao90\/wp-json\/wp\/v2\/product_cat?post=5285"},{"taxonomy":"product_tag","embeddable":true,"href":"https:\/\/doca.com.pt\/pt_pt_ao90\/wp-json\/wp\/v2\/product_tag?post=5285"}],"curies":[{"name":"wp","href":"https:\/\/api.w.org\/{rel}","templated":true}]}}