{"id":5306,"date":"2025-11-29T11:02:50","date_gmt":"2025-11-29T11:02:50","guid":{"rendered":"https:\/\/doca.com.pt\/?post_type=product&#038;p=5306"},"modified":"2026-02-22T21:30:20","modified_gmt":"2026-02-22T21:30:20","slug":"kit-tampas-de-valvulas-de-ar-para-pneus","status":"publish","type":"product","link":"https:\/\/doca.com.pt\/pt_pt_ao90\/product\/kit-tampas-de-valvulas-de-ar-para-pneus\/","title":{"rendered":"Kit Tampas de V\u00e1lvulas de Ar para Pneus"},"content":{"rendered":"<p data-start=\"231\" data-end=\"573\">O <strong data-start=\"233\" data-end=\"283\">Kit de Tampas de V\u00e1lvulas de Ar DOCAenduroline<\/strong> oferece prote\u00e7\u00e3o extra para as v\u00e1lvulas dos pneus, evitando a entrada de p\u00f3, lama e humidade, al\u00e9m de garantir um aspeto mais limpo e cuidado na tua moto.<br data-start=\"438\" data-end=\"441\" \/>Fabricadas em <strong data-start=\"455\" data-end=\"478\">alum\u00ednio resistente<\/strong>, mant\u00eam a durabilidade mesmo em utiliza\u00e7\u00e3o intensiva, seja em enduro, motocross ou uso di\u00e1rio.<\/p>\n<p data-start=\"575\" data-end=\"671\"><span dir=\"auto\" style=\"vertical-align: inherit;\"><span dir=\"auto\" style=\"vertical-align: inherit;\">Dispon\u00edveis em v\u00e1rias cores, permitem personalizar o visual da sua moto com detalhes e qualidade.<\/span><\/span><\/p>\n<p data-start=\"575\" data-end=\"671\"><strong data-start=\"169\" data-end=\"234\">\u2022 Anilhas em alum\u00ednio, fabricadas com o perfil exato da jante<\/strong><br data-start=\"234\" data-end=\"237\" \/><strong data-start=\"237\" data-end=\"302\">\u2022 Muito mais robustas do que as vers\u00f5es originais em pl\u00e1stico<\/strong><br data-start=\"302\" data-end=\"305\" \/><strong data-start=\"305\" data-end=\"358\">\u2022 Acabamento anodizado dispon\u00edvel em v\u00e1rias cores<\/strong><br data-start=\"358\" data-end=\"361\" \/><strong data-start=\"361\" data-end=\"403\">\u2022 Instala\u00e7\u00e3o r\u00e1pida e sem complica\u00e7\u00f5es<\/strong><br data-start=\"403\" data-end=\"406\" \/><strong data-start=\"406\" data-end=\"427\">\u2022 Rosca M8 x 1.25<\/strong><\/p>\n","protected":false},"excerpt":{"rendered":"<ul>\n<li>Protege o guiador contra danos em caso de queda<\/li>\n<li>Constru\u00e7\u00e3o em alum\u00ednio de alta resist\u00eancia<\/li>\n<li><span dir=\"auto\" style=\"vertical-align: inherit;\"><span dir=\"auto\" style=\"vertical-align: inherit;\">Instala\u00e7\u00e3o simples e compat\u00edvel com guid\u00f5es 22 mm e 28,57 mm<\/span><\/span><\/li>\n<\/ul>\n","protected":false},"featured_media":5316,"comment_status":"closed","ping_status":"closed","template":"","meta":[],"product_brand":[],"product_cat":[214],"product_tag":[],"class_list":{"0":"post-5306","1":"product","2":"type-product","3":"status-publish","4":"has-post-thumbnail","6":"product_cat-diversos","8":"first","9":"instock","10":"shipping-taxable","11":"purchasable","12":"product-type-variable"},"_links":{"self":[{"href":"https:\/\/doca.com.pt\/pt_pt_ao90\/wp-json\/wp\/v2\/product\/5306","targetHints":{"allow":["GET"]}}],"collection":[{"href":"https:\/\/doca.com.pt\/pt_pt_ao90\/wp-json\/wp\/v2\/product"}],"about":[{"href":"https:\/\/doca.com.pt\/pt_pt_ao90\/wp-json\/wp\/v2\/types\/product"}],"replies":[{"embeddable":true,"href":"https:\/\/doca.com.pt\/pt_pt_ao90\/wp-json\/wp\/v2\/comments?post=5306"}],"wp:featuredmedia":[{"embeddable":true,"href":"https:\/\/doca.com.pt\/pt_pt_ao90\/wp-json\/wp\/v2\/media\/5316"}],"wp:attachment":[{"href":"https:\/\/doca.com.pt\/pt_pt_ao90\/wp-json\/wp\/v2\/media?parent=5306"}],"wp:term":[{"taxonomy":"product_brand","embeddable":true,"href":"https:\/\/doca.com.pt\/pt_pt_ao90\/wp-json\/wp\/v2\/product_brand?post=5306"},{"taxonomy":"product_cat","embeddable":true,"href":"https:\/\/doca.com.pt\/pt_pt_ao90\/wp-json\/wp\/v2\/product_cat?post=5306"},{"taxonomy":"product_tag","embeddable":true,"href":"https:\/\/doca.com.pt\/pt_pt_ao90\/wp-json\/wp\/v2\/product_tag?post=5306"}],"curies":[{"name":"wp","href":"https:\/\/api.w.org\/{rel}","templated":true}]}}