{"id":5339,"date":"2025-11-29T11:45:21","date_gmt":"2025-11-29T11:45:21","guid":{"rendered":"https:\/\/doca.com.pt\/?post_type=product&#038;p=5339"},"modified":"2026-04-29T09:43:29","modified_gmt":"2026-04-29T09:43:29","slug":"corpo-de-acelerador-cnc-ktm-husqvarna-gasgas","status":"publish","type":"product","link":"https:\/\/doca.com.pt\/pt_pt_ao90\/product\/corpo-de-acelerador-cnc-ktm-husqvarna-gasgas\/","title":{"rendered":"Corpo de Acelerador maquinado \u2013 KTM \/ Husqvarna \/ GasGas"},"content":{"rendered":"<p>O <strong data-start=\"170\" data-end=\"212\">Corpo de Acelerador CNC DOCAenduroline<\/strong> \u00e9 a substitui\u00e7\u00e3o direta do corpo original em pl\u00e1stico, oferecendo uma constru\u00e7\u00e3o muito mais resistente e duradoura.<br data-start=\"328\" data-end=\"331\" \/>Fabricado em <strong data-start=\"344\" data-end=\"370\">alum\u00ednio maquinado CNC<\/strong>, garante maior robustez, estabilidade estrutural e resistencia ao desgaste, mantendo total compatibilidade com o sistema original.<\/p>\n<h2 data-start=\"169\" data-end=\"191\"><strong data-start=\"172\" data-end=\"191\">Compatibilidade<\/strong><\/h2>\n<h3 data-start=\"193\" data-end=\"204\"><strong data-start=\"197\" data-end=\"204\">KTM<\/strong><\/h3>\n<ul data-start=\"205\" data-end=\"450\">\n<li data-start=\"205\" data-end=\"280\">\n<p data-start=\"207\" data-end=\"280\"><strong data-start=\"207\" data-end=\"230\">250\u2013500 SX-F \/ XC-F<\/strong> (2016\u20132022)<br data-start=\"242\" data-end=\"245\" \/><em data-start=\"247\" data-end=\"278\">(exceto Factory Edition 2022)<\/em><\/p>\n<\/li>\n<li data-start=\"281\" data-end=\"322\">\n<p data-start=\"283\" data-end=\"322\"><strong data-start=\"283\" data-end=\"308\">250\u2013500 XCF-W \/ EXC-F<\/strong> (2017\u20132023)<\/p>\n<\/li>\n<li data-start=\"323\" data-end=\"358\">\n<p data-start=\"325\" data-end=\"358\"><strong data-start=\"325\" data-end=\"349\">250 \/ 300 XC-W \/ EXC<\/strong> (2023)<\/p>\n<\/li>\n<li data-start=\"359\" data-end=\"450\">\n<p data-start=\"361\" data-end=\"450\"><strong data-start=\"361\" data-end=\"400\">150\u2013300 XC TPI \/ XC-W TPI \/ EXC TPI<\/strong> (2018\u20132023)<br data-start=\"412\" data-end=\"415\" \/><em data-start=\"417\" data-end=\"448\">(exceto Factory Edition 2022)<\/em><\/p>\n<\/li>\n<\/ul>\n<h3 data-start=\"457\" data-end=\"474\"><strong data-start=\"461\" data-end=\"474\">Husqvarna<\/strong><\/h3>\n<ul data-start=\"475\" data-end=\"691\">\n<li data-start=\"475\" data-end=\"550\">\n<p data-start=\"477\" data-end=\"550\"><strong data-start=\"477\" data-end=\"500\">TE \/ TX 150\u2013300 TPI<\/strong> (2018\u20132023)<br data-start=\"512\" data-end=\"515\" \/><em data-start=\"517\" data-end=\"548\">(exceto Factory Edition 2022)<\/em><\/p>\n<\/li>\n<li data-start=\"551\" data-end=\"581\">\n<p data-start=\"553\" data-end=\"581\"><strong data-start=\"553\" data-end=\"572\">TE \/ FE 150\u2013501<\/strong> (2023)<\/p>\n<\/li>\n<li data-start=\"582\" data-end=\"619\">\n<p data-start=\"584\" data-end=\"619\"><strong data-start=\"584\" data-end=\"605\">FE \/ FE-S 250\u2013501<\/strong> (2017\u20132023)<\/p>\n<\/li>\n<li data-start=\"620\" data-end=\"691\">\n<p data-start=\"622\" data-end=\"691\"><strong data-start=\"622\" data-end=\"641\">FC \/ FX 250\u2013501<\/strong> (2016\u20132022)<br data-start=\"653\" data-end=\"656\" \/><em data-start=\"658\" data-end=\"689\">(exceto Factory Edition 2022)<\/em><\/p>\n<\/li>\n<\/ul>\n<h3 data-start=\"698\" data-end=\"712\"><strong data-start=\"702\" data-end=\"712\">GasGas<\/strong><\/h3>\n<ul data-start=\"713\" data-end=\"833\">\n<li data-start=\"713\" data-end=\"745\">\n<p data-start=\"715\" data-end=\"745\"><strong data-start=\"715\" data-end=\"731\">EC 250 \/ 300<\/strong> (2021\u20132023)<\/p>\n<\/li>\n<li data-start=\"746\" data-end=\"833\">\n<p data-start=\"748\" data-end=\"833\"><strong data-start=\"748\" data-end=\"783\">MC \/ EC \/ EX 250F \/ 350F \/ 450F<\/strong> (2021\u20132023)<br data-start=\"795\" data-end=\"798\" \/><em data-start=\"800\" data-end=\"831\">(exceto Factory Edition 2022)<\/em><\/p>\n<\/li>\n<\/ul>\n","protected":false},"excerpt":{"rendered":"<p>O Corpo de Acelerador CNC DOCAenduroline \u00e9 a substitui\u00e7\u00e3o direta do corpo original em pl\u00e1stico, oferecendo uma constru\u00e7\u00e3o muito mais resistente e duradoura.Fabricado em alum\u00ednio maquinado CNC, garante maior robustez, estabilidade estrutural e resistencia ao desgaste, mantendo total compatibilidade com o sistema original. Compatibilidade KTM 250\u2013500 SX-F \/ XC-F (2016\u20132022)(exceto Factory Edition 2022) 250\u2013500 XCF-W<\/p>\n<div class=\"klb-readmore button\"><a class=\"btn link\" href=\"https:\/\/doca.com.pt\/pt_pt_ao90\/product\/corpo-de-acelerador-cnc-ktm-husqvarna-gasgas\/\">Read More <i class=\"klbth-icon-right-arrow\"><\/i><\/a><\/div>\n","protected":false},"featured_media":5340,"comment_status":"open","ping_status":"closed","template":"","meta":[],"product_brand":[],"product_cat":[214],"product_tag":[],"class_list":{"0":"post-5339","1":"product","2":"type-product","3":"status-publish","4":"has-post-thumbnail","6":"product_cat-diversos","8":"first","9":"instock","10":"shipping-taxable","11":"purchasable","12":"product-type-simple"},"_links":{"self":[{"href":"https:\/\/doca.com.pt\/pt_pt_ao90\/wp-json\/wp\/v2\/product\/5339","targetHints":{"allow":["GET"]}}],"collection":[{"href":"https:\/\/doca.com.pt\/pt_pt_ao90\/wp-json\/wp\/v2\/product"}],"about":[{"href":"https:\/\/doca.com.pt\/pt_pt_ao90\/wp-json\/wp\/v2\/types\/product"}],"replies":[{"embeddable":true,"href":"https:\/\/doca.com.pt\/pt_pt_ao90\/wp-json\/wp\/v2\/comments?post=5339"}],"wp:featuredmedia":[{"embeddable":true,"href":"https:\/\/doca.com.pt\/pt_pt_ao90\/wp-json\/wp\/v2\/media\/5340"}],"wp:attachment":[{"href":"https:\/\/doca.com.pt\/pt_pt_ao90\/wp-json\/wp\/v2\/media?parent=5339"}],"wp:term":[{"taxonomy":"product_brand","embeddable":true,"href":"https:\/\/doca.com.pt\/pt_pt_ao90\/wp-json\/wp\/v2\/product_brand?post=5339"},{"taxonomy":"product_cat","embeddable":true,"href":"https:\/\/doca.com.pt\/pt_pt_ao90\/wp-json\/wp\/v2\/product_cat?post=5339"},{"taxonomy":"product_tag","embeddable":true,"href":"https:\/\/doca.com.pt\/pt_pt_ao90\/wp-json\/wp\/v2\/product_tag?post=5339"}],"curies":[{"name":"wp","href":"https:\/\/api.w.org\/{rel}","templated":true}]}}