{"id":5341,"date":"2025-11-29T11:51:17","date_gmt":"2025-11-29T11:51:17","guid":{"rendered":"https:\/\/doca.com.pt\/?post_type=product&#038;p=5341"},"modified":"2026-04-09T12:46:59","modified_gmt":"2026-04-09T12:46:59","slug":"protecao-de-suspensao-direita-em-aluminio-ktm-husqvarna-gasgas","status":"publish","type":"product","link":"https:\/\/doca.com.pt\/pt_pt_ao90\/product\/protecao-de-suspensao-direita-em-aluminio-ktm-husqvarna-gasgas\/","title":{"rendered":"Prote\u00e7\u00e3o de Suspens\u00e3o Direita em Alum\u00ednio \u2013 KTM \/ Husqvarna \/ Gasgas"},"content":{"rendered":"<p data-start=\"207\" data-end=\"537\">A <strong data-start=\"209\" data-end=\"257\">Prote\u00e7\u00e3o de Suspens\u00e3o Direita DOCAenduroline<\/strong> foi desenvolvida para substituir a prote\u00e7\u00e3o original em pl\u00e1stico, oferecendo uma solu\u00e7\u00e3o muito mais resistente e duradoura.<br data-start=\"381\" data-end=\"384\" \/>Fabricada em <strong data-start=\"397\" data-end=\"419\">alum\u00ednio maquinado<\/strong>, protege eficazmente a bainha direita da suspens\u00e3o contra impactos de pedras, riscos e desgaste causado pelo terreno.<\/p>\n<p data-start=\"539\" data-end=\"705\">Ideal para quem procura um componente mais robusto para enduro, hard enduro ou motocross, mantendo o encaixe perfeito e a montagem simples, tal como a pe\u00e7a de origem.<\/p>\n<h1 data-start=\"171\" data-end=\"192\"><strong data-start=\"173\" data-end=\"192\">Compatibilidade<\/strong><\/h1>\n<h3 data-start=\"194\" data-end=\"205\"><strong data-start=\"198\" data-end=\"205\">KTM<\/strong><\/h3>\n<ul data-start=\"206\" data-end=\"325\">\n<li data-start=\"206\" data-end=\"249\">\n<p data-start=\"208\" data-end=\"249\"><strong data-start=\"208\" data-end=\"240\">XC \/ XCF \/ SX \/ SX-F 125\u2013450<\/strong> (2015)<\/p>\n<\/li>\n<li data-start=\"250\" data-end=\"325\">\n<p data-start=\"252\" data-end=\"325\"><strong data-start=\"252\" data-end=\"313\">XC \/ XCF \/ XC-W \/ XCF-W \/ SX \/ SX-F \/ EXC \/ EXC-F 125\u2013500<\/strong> (2016\u20132026)<\/p>\n<\/li>\n<\/ul>\n<h3 data-start=\"332\" data-end=\"349\"><strong data-start=\"336\" data-end=\"349\">Husqvarna<\/strong><\/h3>\n<ul data-start=\"350\" data-end=\"440\">\n<li data-start=\"350\" data-end=\"380\">\n<p data-start=\"352\" data-end=\"380\"><strong data-start=\"352\" data-end=\"371\">FC \/ TC 125\u2013501<\/strong> (2015)<\/p>\n<\/li>\n<li data-start=\"381\" data-end=\"440\">\n<p data-start=\"383\" data-end=\"440\"><strong data-start=\"383\" data-end=\"428\">TC \/ TX \/ TE \/ TEi \/ FC \/ FX \/ FE 125\u2013501<\/strong> (2016\u20132026)<\/p>\n<\/li>\n<\/ul>\n<h3 data-start=\"447\" data-end=\"461\"><strong data-start=\"451\" data-end=\"461\">GasGas<\/strong><\/h3>\n<ul data-start=\"462\" data-end=\"547\">\n<li data-start=\"462\" data-end=\"502\">\n<p data-start=\"464\" data-end=\"502\"><strong data-start=\"464\" data-end=\"488\">EX \/ EC \/ MC 125\u2013300<\/strong> (2021\u20132026)<\/p>\n<\/li>\n<li data-start=\"503\" data-end=\"547\">\n<p data-start=\"505\" data-end=\"547\"><strong data-start=\"505\" data-end=\"535\">EX-F \/ EC-F \/ MC-F 250\u2013450<\/strong> (2021\u20132026)<\/p>\n<\/li>\n<\/ul>\n","protected":false},"excerpt":{"rendered":"<p>A Prote\u00e7\u00e3o de Suspens\u00e3o Direita DOCAenduroline foi desenvolvida para substituir a prote\u00e7\u00e3o original em pl\u00e1stico, oferecendo uma solu\u00e7\u00e3o muito mais resistente e duradoura.Fabricada em alum\u00ednio maquinado, protege eficazmente a bainha direita da suspens\u00e3o contra impactos de pedras, riscos e desgaste causado pelo terreno. Ideal para quem procura um componente mais robusto para enduro, hard enduro<\/p>\n<div class=\"klb-readmore button\"><a class=\"btn link\" href=\"https:\/\/doca.com.pt\/pt_pt_ao90\/product\/protecao-de-suspensao-direita-em-aluminio-ktm-husqvarna-gasgas\/\">Read More <i class=\"klbth-icon-right-arrow\"><\/i><\/a><\/div>\n","protected":false},"featured_media":5343,"comment_status":"open","ping_status":"closed","template":"","meta":[],"product_brand":[],"product_cat":[235],"product_tag":[],"class_list":{"0":"post-5341","1":"product","2":"type-product","3":"status-publish","4":"has-post-thumbnail","6":"product_cat-protecoes-de-suspensao","8":"first","9":"instock","10":"shipping-taxable","11":"purchasable","12":"product-type-simple"},"_links":{"self":[{"href":"https:\/\/doca.com.pt\/pt_pt_ao90\/wp-json\/wp\/v2\/product\/5341","targetHints":{"allow":["GET"]}}],"collection":[{"href":"https:\/\/doca.com.pt\/pt_pt_ao90\/wp-json\/wp\/v2\/product"}],"about":[{"href":"https:\/\/doca.com.pt\/pt_pt_ao90\/wp-json\/wp\/v2\/types\/product"}],"replies":[{"embeddable":true,"href":"https:\/\/doca.com.pt\/pt_pt_ao90\/wp-json\/wp\/v2\/comments?post=5341"}],"wp:featuredmedia":[{"embeddable":true,"href":"https:\/\/doca.com.pt\/pt_pt_ao90\/wp-json\/wp\/v2\/media\/5343"}],"wp:attachment":[{"href":"https:\/\/doca.com.pt\/pt_pt_ao90\/wp-json\/wp\/v2\/media?parent=5341"}],"wp:term":[{"taxonomy":"product_brand","embeddable":true,"href":"https:\/\/doca.com.pt\/pt_pt_ao90\/wp-json\/wp\/v2\/product_brand?post=5341"},{"taxonomy":"product_cat","embeddable":true,"href":"https:\/\/doca.com.pt\/pt_pt_ao90\/wp-json\/wp\/v2\/product_cat?post=5341"},{"taxonomy":"product_tag","embeddable":true,"href":"https:\/\/doca.com.pt\/pt_pt_ao90\/wp-json\/wp\/v2\/product_tag?post=5341"}],"curies":[{"name":"wp","href":"https:\/\/api.w.org\/{rel}","templated":true}]}}