{"id":5350,"date":"2025-11-29T12:11:42","date_gmt":"2025-11-29T12:11:42","guid":{"rendered":"https:\/\/doca.com.pt\/?post_type=product&#038;p=5350"},"modified":"2026-04-06T19:34:03","modified_gmt":"2026-04-06T19:34:03","slug":"protecao-falange-escape-ktm-husqvarna-gasgas-24-26","status":"publish","type":"product","link":"https:\/\/doca.com.pt\/pt_pt_ao90\/product\/protecao-falange-escape-ktm-husqvarna-gasgas-24-26\/","title":{"rendered":"Prote\u00e7\u00e3o Falange Escape KTM\/ Husqvarna\/ GasGas 24-25"},"content":{"rendered":"<p data-start=\"226\" data-end=\"583\">A <strong data-start=\"228\" data-end=\"276\">Prote\u00e7\u00e3o de Falange de Escape DOCAenduroline<\/strong> foi desenvolvida para refor\u00e7ar uma das zonas mais vulner\u00e1veis dos motores 2T: a uni\u00e3o entre o escape e o cilindro.<br data-start=\"391\" data-end=\"394\" \/>Fabricada em <strong data-start=\"407\" data-end=\"429\">alum\u00ednio maquinado<\/strong>, oferece maior resist\u00eancia a impactos e evita danos na falange, que podem resultar em fugas de escape, perda de pot\u00eancia ou custos elevados de repara\u00e7\u00e3o.<\/p>\n<h2 data-start=\"149\" data-end=\"171\"><strong data-start=\"152\" data-end=\"171\">Compatibilidade<\/strong><\/h2>\n<p><strong data-start=\"247\" data-end=\"262\">Modelos TBI<\/strong><\/p>\n<h3 data-start=\"173\" data-end=\"184\"><strong data-start=\"177\" data-end=\"184\">KTM<\/strong><\/h3>\n<ul data-start=\"185\" data-end=\"262\">\n<li data-start=\"185\" data-end=\"262\">\n<p data-start=\"187\" data-end=\"262\"><strong data-start=\"187\" data-end=\"242\">250 \/ 300 XC \u2013 SX \u2013 XC-W \u2013 XC-W Six Days \u2013 XC-W\u00a0<\/strong><br data-start=\"242\" data-end=\"245\" \/><strong data-start=\"247\" data-end=\"262\">(2024\u20132025)<\/strong><\/p>\n<\/li>\n<\/ul>\n<h3 data-start=\"269\" data-end=\"286\"><strong data-start=\"273\" data-end=\"286\">Husqvarna<\/strong><\/h3>\n<ul data-start=\"287\" data-end=\"335\">\n<li data-start=\"287\" data-end=\"335\">\n<p data-start=\"289\" data-end=\"335\"><strong data-start=\"289\" data-end=\"315\">250 \/ 300 TE \u2013 TC \u2013 TX<\/strong><br data-start=\"315\" data-end=\"318\" \/><strong data-start=\"320\" data-end=\"335\">(2024\u20132025)<\/strong><\/p>\n<\/li>\n<\/ul>\n<h3 data-start=\"342\" data-end=\"356\"><strong data-start=\"346\" data-end=\"356\">GasGas<\/strong><\/h3>\n<ul data-start=\"357\" data-end=\"390\">\n<li data-start=\"357\" data-end=\"390\">\n<p data-start=\"359\" data-end=\"390\"><strong data-start=\"359\" data-end=\"375\">250 \/ 300 EC <\/strong><strong data-start=\"380\" data-end=\"390\">(2024-2025)<\/strong><\/p>\n<\/li>\n<\/ul>\n","protected":false},"excerpt":{"rendered":"<p>A Prote\u00e7\u00e3o de Falange de Escape DOCAenduroline foi desenvolvida para refor\u00e7ar uma das zonas mais vulner\u00e1veis dos motores 2T: a uni\u00e3o entre o escape e o cilindro.Fabricada em alum\u00ednio maquinado, oferece maior resist\u00eancia a impactos e evita danos na falange, que podem resultar em fugas de escape, perda de pot\u00eancia ou custos elevados de repara\u00e7\u00e3o.<\/p>\n<div class=\"klb-readmore button\"><a class=\"btn link\" href=\"https:\/\/doca.com.pt\/pt_pt_ao90\/product\/protecao-falange-escape-ktm-husqvarna-gasgas-24-26\/\">Read More <i class=\"klbth-icon-right-arrow\"><\/i><\/a><\/div>\n","protected":false},"featured_media":5349,"comment_status":"closed","ping_status":"closed","template":"","meta":[],"product_brand":[],"product_cat":[202],"product_tag":[],"class_list":{"0":"post-5350","1":"product","2":"type-product","3":"status-publish","4":"has-post-thumbnail","6":"product_cat-protecao-escape-ponteira","8":"first","9":"instock","10":"shipping-taxable","11":"purchasable","12":"product-type-simple"},"_links":{"self":[{"href":"https:\/\/doca.com.pt\/pt_pt_ao90\/wp-json\/wp\/v2\/product\/5350","targetHints":{"allow":["GET"]}}],"collection":[{"href":"https:\/\/doca.com.pt\/pt_pt_ao90\/wp-json\/wp\/v2\/product"}],"about":[{"href":"https:\/\/doca.com.pt\/pt_pt_ao90\/wp-json\/wp\/v2\/types\/product"}],"replies":[{"embeddable":true,"href":"https:\/\/doca.com.pt\/pt_pt_ao90\/wp-json\/wp\/v2\/comments?post=5350"}],"wp:featuredmedia":[{"embeddable":true,"href":"https:\/\/doca.com.pt\/pt_pt_ao90\/wp-json\/wp\/v2\/media\/5349"}],"wp:attachment":[{"href":"https:\/\/doca.com.pt\/pt_pt_ao90\/wp-json\/wp\/v2\/media?parent=5350"}],"wp:term":[{"taxonomy":"product_brand","embeddable":true,"href":"https:\/\/doca.com.pt\/pt_pt_ao90\/wp-json\/wp\/v2\/product_brand?post=5350"},{"taxonomy":"product_cat","embeddable":true,"href":"https:\/\/doca.com.pt\/pt_pt_ao90\/wp-json\/wp\/v2\/product_cat?post=5350"},{"taxonomy":"product_tag","embeddable":true,"href":"https:\/\/doca.com.pt\/pt_pt_ao90\/wp-json\/wp\/v2\/product_tag?post=5350"}],"curies":[{"name":"wp","href":"https:\/\/api.w.org\/{rel}","templated":true}]}}