{"id":6310,"date":"2026-01-18T02:06:24","date_gmt":"2026-01-18T02:06:24","guid":{"rendered":"https:\/\/doca.com.pt\/?post_type=product&#038;p=6310"},"modified":"2026-03-06T10:39:03","modified_gmt":"2026-03-06T10:39:03","slug":"corpo-de-acelerador-maquinado-ktm-husqvarna-gasgas","status":"publish","type":"product","link":"https:\/\/doca.com.pt\/pt_pt_ao90\/product\/corpo-de-acelerador-maquinado-ktm-husqvarna-gasgas\/","title":{"rendered":"Corpo de Acelerador maquinado \u2013 KTM \/ Husqvarna \/ GasGas 24 &#8211; 25"},"content":{"rendered":"<p>O <strong data-start=\"170\" data-end=\"212\">Corpo de Acelerador CNC DOCAenduroline<\/strong> \u00e9 a substitui\u00e7\u00e3o direta do corpo original em pl\u00e1stico, oferecendo uma constru\u00e7\u00e3o muito mais resistente e duradoura.<br data-start=\"328\" data-end=\"331\" \/>Fabricado em <strong data-start=\"344\" data-end=\"370\">alum\u00ednio maquinado CNC<\/strong>, garante maior robustez, estabilidade estrutural e resistencia ao desgaste, mantendo total compatibilidade com o sistema original.<\/p>\n<h2 data-start=\"169\" data-end=\"191\"><strong data-start=\"172\" data-end=\"191\">Compatibilidade<\/strong><\/h2>\n<h3 data-start=\"233\" data-end=\"240\">KTM<\/h3>\n<p data-start=\"242\" data-end=\"287\">\u2022 <strong data-start=\"244\" data-end=\"275\">125\u2013450 XC \/ SX \/ XCF \/ SXF<\/strong> (2023\u20132025)<\/p>\n<p data-start=\"289\" data-end=\"348\">\u2022 <strong data-start=\"291\" data-end=\"336\">150\u2013500 EXC \/ EXC-F \/ XC-W \/ XCF-W \/ XW-F<\/strong> (2024\u20132025)<\/p>\n<h3 data-start=\"355\" data-end=\"368\">Husqvarna<\/h3>\n<p data-start=\"370\" data-end=\"413\">\u2022 <strong data-start=\"372\" data-end=\"401\">125\u2013450 FC \/ FX \/ TX \/ TC<\/strong> (2023\u20132025)<\/p>\n<p data-start=\"415\" data-end=\"448\">\u2022 <strong data-start=\"417\" data-end=\"436\">150\u2013501 TE \/ FE<\/strong> (2024\u20132025)<\/p>\n<h3 data-start=\"455\" data-end=\"465\">GasGas<\/h3>\n<p data-start=\"467\" data-end=\"504\">\u2022 <strong data-start=\"469\" data-end=\"492\">EX \/ EX-F 250 \/ 300<\/strong> (2024\u20132025)<\/p>\n<p data-start=\"506\" data-end=\"555\">\u2022 <strong data-start=\"508\" data-end=\"543\">MC \/ MC-F 125 \/ 250 \/ 350 \/ 450<\/strong> (2024\u20132025)<\/p>\n<p data-start=\"557\" data-end=\"600\">\u2022 <strong data-start=\"559\" data-end=\"588\">EC \/ EC-F 250 \/ 300 \/ 350<\/strong> (2024\u20132025)<\/p>\n<p data-start=\"602\" data-end=\"632\">\u2022 <strong data-start=\"604\" data-end=\"620\">ES 350 \/ 500<\/strong> (2024\u20132025)<\/p>\n<p data-start=\"634\" data-end=\"659\">\u2022 <strong data-start=\"636\" data-end=\"647\">EW 500F<\/strong> (2024\u20132025)<\/p>\n","protected":false},"excerpt":{"rendered":"<p>O Corpo de Acelerador CNC DOCAenduroline \u00e9 a substitui\u00e7\u00e3o direta do corpo original em pl\u00e1stico, oferecendo uma constru\u00e7\u00e3o muito mais resistente e duradoura.Fabricado em alum\u00ednio maquinado CNC, garante maior robustez, estabilidade estrutural e resistencia ao desgaste, mantendo total compatibilidade com o sistema original. Compatibilidade KTM \u2022 125\u2013450 XC \/ SX \/ XCF \/ SXF (2023\u20132025)<\/p>\n<div class=\"klb-readmore button\"><a class=\"btn link\" href=\"https:\/\/doca.com.pt\/pt_pt_ao90\/product\/corpo-de-acelerador-maquinado-ktm-husqvarna-gasgas\/\">Read More <i class=\"klbth-icon-right-arrow\"><\/i><\/a><\/div>\n","protected":false},"featured_media":5340,"comment_status":"open","ping_status":"closed","template":"","meta":[],"product_brand":[],"product_cat":[214],"product_tag":[],"class_list":{"0":"post-6310","1":"product","2":"type-product","3":"status-publish","4":"has-post-thumbnail","6":"product_cat-diversos","8":"first","9":"instock","10":"shipping-taxable","11":"purchasable","12":"product-type-simple"},"_links":{"self":[{"href":"https:\/\/doca.com.pt\/pt_pt_ao90\/wp-json\/wp\/v2\/product\/6310","targetHints":{"allow":["GET"]}}],"collection":[{"href":"https:\/\/doca.com.pt\/pt_pt_ao90\/wp-json\/wp\/v2\/product"}],"about":[{"href":"https:\/\/doca.com.pt\/pt_pt_ao90\/wp-json\/wp\/v2\/types\/product"}],"replies":[{"embeddable":true,"href":"https:\/\/doca.com.pt\/pt_pt_ao90\/wp-json\/wp\/v2\/comments?post=6310"}],"wp:featuredmedia":[{"embeddable":true,"href":"https:\/\/doca.com.pt\/pt_pt_ao90\/wp-json\/wp\/v2\/media\/5340"}],"wp:attachment":[{"href":"https:\/\/doca.com.pt\/pt_pt_ao90\/wp-json\/wp\/v2\/media?parent=6310"}],"wp:term":[{"taxonomy":"product_brand","embeddable":true,"href":"https:\/\/doca.com.pt\/pt_pt_ao90\/wp-json\/wp\/v2\/product_brand?post=6310"},{"taxonomy":"product_cat","embeddable":true,"href":"https:\/\/doca.com.pt\/pt_pt_ao90\/wp-json\/wp\/v2\/product_cat?post=6310"},{"taxonomy":"product_tag","embeddable":true,"href":"https:\/\/doca.com.pt\/pt_pt_ao90\/wp-json\/wp\/v2\/product_tag?post=6310"}],"curies":[{"name":"wp","href":"https:\/\/api.w.org\/{rel}","templated":true}]}}