{"id":6416,"date":"2026-01-23T12:23:46","date_gmt":"2026-01-23T12:23:46","guid":{"rendered":"https:\/\/doca.com.pt\/?post_type=product&#038;p=6416"},"modified":"2026-04-15T08:34:16","modified_gmt":"2026-04-15T08:34:16","slug":"protecao-reforcada-da-valvula-de-escape-ktm-husqvarna-gasgas-24-26","status":"publish","type":"product","link":"https:\/\/doca.com.pt\/pt_pt_ao90\/product\/protecao-reforcada-da-valvula-de-escape-ktm-husqvarna-gasgas-24-26\/","title":{"rendered":"Prote\u00e7\u00e3o refor\u00e7ada da v\u00e1lvula de escape KTM \/ Husqvarna \/ Gasgas 24-26"},"content":{"rendered":"<p data-start=\"190\" data-end=\"350\">Esta <strong data-start=\"195\" data-end=\"247\">tampa de v\u00e1lvula de escape em alum\u00ednio maquinado<\/strong> foi pensada para proteger uma das zonas mais expostas do motor nas motos 2 tempos TBIs.<\/p>\n<p data-start=\"352\" data-end=\"676\">Numa \u00fanica pe\u00e7a, oferece elevada resist\u00eancia a impactos, pedras e detritos, ajudando tamb\u00e9m a resguardar a <strong data-start=\"507\" data-end=\"519\">cablagem<\/strong> associada ao sistema da v\u00e1lvula de escape. \u00c9 uma solu\u00e7\u00e3o simples e eficaz para quem faz enduro mais duro e quer reduzir o risco de danos e avarias.<\/p>\n<p data-start=\"678\" data-end=\"922\">A montagem \u00e9 r\u00e1pida e direta, sem altera\u00e7\u00f5es ou adapta\u00e7\u00f5es \u2014 em poucos minutos ficas com a zona protegida e com um acabamento mais robusto e limpo. Apesar de ser uma pe\u00e7a de prote\u00e7\u00e3o, tem <strong data-start=\"866\" data-end=\"883\">peso reduzido<\/strong>, mantendo o conjunto leve e funcional.<\/p>\n<p data-start=\"924\" data-end=\"1040\">Ideal para pilotos que procuram <strong data-start=\"956\" data-end=\"972\">durabilidade<\/strong>, prote\u00e7\u00e3o real e um aspeto mais cuidado no motor, sem complica\u00e7\u00f5es.<\/p>\n<p data-start=\"179\" data-end=\"245\">Compat\u00edvel com motos <strong data-start=\"200\" data-end=\"223\">250 cc e 300 cc TBI<\/strong> das seguintes marcas:<\/p>\n<ul data-start=\"246\" data-end=\"377\">\n<li data-start=\"246\" data-end=\"289\">\n<p data-start=\"248\" data-end=\"289\"><strong data-start=\"248\" data-end=\"289\"><span class=\"hover:entity-accent entity-underline inline cursor-pointer align-baseline\"><span class=\"whitespace-normal\">KTM<\/span><\/span><\/strong><\/p>\n<\/li>\n<li data-start=\"290\" data-end=\"333\">\n<p data-start=\"292\" data-end=\"333\"><strong data-start=\"292\" data-end=\"333\"><span class=\"hover:entity-accent entity-underline inline cursor-pointer align-baseline\"><span class=\"whitespace-normal\">Husqvarna<\/span><\/span><\/strong><\/p>\n<\/li>\n<li data-start=\"334\" data-end=\"377\">\n<p data-start=\"336\" data-end=\"377\"><strong data-start=\"336\" data-end=\"377\"><span class=\"hover:entity-accent entity-underline inline cursor-pointer align-baseline\"><span class=\"whitespace-normal\">GasGas<\/span><\/span><\/strong><\/p>\n<\/li>\n<\/ul>\n<p data-start=\"2027\" data-end=\"2326\">\n","protected":false},"excerpt":{"rendered":"<p>Esta tampa de v\u00e1lvula de escape em alum\u00ednio maquinado foi pensada para proteger uma das zonas mais expostas do motor nas motos 2 tempos TBIs. Numa \u00fanica pe\u00e7a, oferece elevada resist\u00eancia a impactos, pedras e detritos, ajudando tamb\u00e9m a resguardar a cablagem associada ao sistema da v\u00e1lvula de escape. \u00c9 uma solu\u00e7\u00e3o simples e eficaz<\/p>\n<div class=\"klb-readmore button\"><a class=\"btn link\" href=\"https:\/\/doca.com.pt\/pt_pt_ao90\/product\/protecao-reforcada-da-valvula-de-escape-ktm-husqvarna-gasgas-24-26\/\">Read More <i class=\"klbth-icon-right-arrow\"><\/i><\/a><\/div>\n","protected":false},"featured_media":6418,"comment_status":"closed","ping_status":"closed","template":"","meta":[],"product_brand":[],"product_cat":[234],"product_tag":[],"class_list":{"0":"post-6416","1":"product","2":"type-product","3":"status-publish","4":"has-post-thumbnail","6":"product_cat-protecao-da-valvula-de-escape","8":"first","9":"instock","10":"shipping-taxable","11":"purchasable","12":"product-type-simple"},"_links":{"self":[{"href":"https:\/\/doca.com.pt\/pt_pt_ao90\/wp-json\/wp\/v2\/product\/6416","targetHints":{"allow":["GET"]}}],"collection":[{"href":"https:\/\/doca.com.pt\/pt_pt_ao90\/wp-json\/wp\/v2\/product"}],"about":[{"href":"https:\/\/doca.com.pt\/pt_pt_ao90\/wp-json\/wp\/v2\/types\/product"}],"replies":[{"embeddable":true,"href":"https:\/\/doca.com.pt\/pt_pt_ao90\/wp-json\/wp\/v2\/comments?post=6416"}],"wp:featuredmedia":[{"embeddable":true,"href":"https:\/\/doca.com.pt\/pt_pt_ao90\/wp-json\/wp\/v2\/media\/6418"}],"wp:attachment":[{"href":"https:\/\/doca.com.pt\/pt_pt_ao90\/wp-json\/wp\/v2\/media?parent=6416"}],"wp:term":[{"taxonomy":"product_brand","embeddable":true,"href":"https:\/\/doca.com.pt\/pt_pt_ao90\/wp-json\/wp\/v2\/product_brand?post=6416"},{"taxonomy":"product_cat","embeddable":true,"href":"https:\/\/doca.com.pt\/pt_pt_ao90\/wp-json\/wp\/v2\/product_cat?post=6416"},{"taxonomy":"product_tag","embeddable":true,"href":"https:\/\/doca.com.pt\/pt_pt_ao90\/wp-json\/wp\/v2\/product_tag?post=6416"}],"curies":[{"name":"wp","href":"https:\/\/api.w.org\/{rel}","templated":true}]}}