{"id":6438,"date":"2026-01-26T19:25:36","date_gmt":"2026-01-26T19:25:36","guid":{"rendered":"https:\/\/doca.com.pt\/?post_type=product&#038;p=6438"},"modified":"2026-04-08T09:03:09","modified_gmt":"2026-04-08T09:03:09","slug":"protecao-de-cubo-e-corrente-cte-chain-tangle-eliminator","status":"publish","type":"product","link":"https:\/\/doca.com.pt\/pt_pt_ao90\/product\/protecao-de-cubo-e-corrente-cte-chain-tangle-eliminator\/","title":{"rendered":"Prote\u00e7\u00e3o de cubo e corrente ( CTE ) &#8211; Chain tangle eliminator"},"content":{"rendered":"<h3 data-start=\"1253\" data-end=\"1283\">Caracter\u00edsticas<\/h3>\n<ul data-start=\"1285\" data-end=\"1507\">\n<li data-start=\"1285\" data-end=\"1339\">\n<p data-start=\"1287\" data-end=\"1339\">Sistema bipartido para <strong data-start=\"1310\" data-end=\"1339\">montagem r\u00e1pida e simples<\/strong><\/p>\n<\/li>\n<li data-start=\"1340\" data-end=\"1382\">\n<p data-start=\"1342\" data-end=\"1382\">Reduz o risco de danos na zona do pinh\u00e3o<\/p>\n<\/li>\n<li data-start=\"1383\" data-end=\"1421\">\n<p data-start=\"1385\" data-end=\"1421\">Protege corrente, cubo e cremalheira<\/p>\n<\/li>\n<li data-start=\"1422\" data-end=\"1468\">\n<p data-start=\"1424\" data-end=\"1468\">Constru\u00e7\u00e3o robusta para utiliza\u00e7\u00e3o intensiva<\/p>\n<\/li>\n<li data-start=\"1469\" data-end=\"1507\">\n<p data-start=\"1471\" data-end=\"1507\">Testado em condi\u00e7\u00f5es reais de enduro<\/p>\n<\/li>\n<\/ul>\n<h3 data-start=\"1253\" data-end=\"1283\">Compatibilidade<\/h3>\n<ul>\n<li data-start=\"1989\" data-end=\"2030\">\n<p data-start=\"1991\" data-end=\"2030\"><strong data-start=\"1991\" data-end=\"1998\">KTM<\/strong> \u2013 todos os modelos desde 2010<\/p>\n<\/li>\n<li data-start=\"2031\" data-end=\"2078\">\n<p data-start=\"2033\" data-end=\"2078\"><strong data-start=\"2033\" data-end=\"2046\">Husqvarna<\/strong> \u2013 todos os modelos desde 2014<\/p>\n<\/li>\n<li data-start=\"2079\" data-end=\"2123\">\n<p data-start=\"2081\" data-end=\"2123\"><strong data-start=\"2081\" data-end=\"2091\">GasGas<\/strong> \u2013 todos os modelos desde 2020<\/p>\n<\/li>\n<li data-start=\"2124\" data-end=\"2180\">\n<p data-start=\"2126\" data-end=\"2180\"><strong data-start=\"2126\" data-end=\"2134\">Beta<\/strong> \u2013 RR \/ RR Racing \/ RR X-Pro \/ Xtrainer \/ RX<\/p>\n<\/li>\n<li data-start=\"2181\" data-end=\"2212\">\n<p data-start=\"2183\" data-end=\"2212\"><strong data-start=\"2183\" data-end=\"2193\">Sherco<\/strong> \u2013 todos os modelos<\/p>\n<\/li>\n<\/ul>\n","protected":false},"excerpt":{"rendered":"<p>Caracter\u00edsticas Sistema bipartido para montagem r\u00e1pida e simples Reduz o risco de danos na zona do pinh\u00e3o Protege corrente, cubo e cremalheira Constru\u00e7\u00e3o robusta para utiliza\u00e7\u00e3o intensiva Testado em condi\u00e7\u00f5es reais de enduro Compatibilidade KTM \u2013 todos os modelos desde 2010 Husqvarna \u2013 todos os modelos desde 2014 GasGas \u2013 todos os modelos desde 2020<\/p>\n<div class=\"klb-readmore button\"><a class=\"btn link\" href=\"https:\/\/doca.com.pt\/pt_pt_ao90\/product\/protecao-de-cubo-e-corrente-cte-chain-tangle-eliminator\/\">Read More <i class=\"klbth-icon-right-arrow\"><\/i><\/a><\/div>\n","protected":false},"featured_media":6439,"comment_status":"closed","ping_status":"closed","template":"","meta":[],"product_brand":[],"product_cat":[214],"product_tag":[],"class_list":{"0":"post-6438","1":"product","2":"type-product","3":"status-publish","4":"has-post-thumbnail","6":"product_cat-diversos","8":"first","9":"outofstock","10":"shipping-taxable","11":"purchasable","12":"product-type-simple"},"_links":{"self":[{"href":"https:\/\/doca.com.pt\/pt_pt_ao90\/wp-json\/wp\/v2\/product\/6438","targetHints":{"allow":["GET"]}}],"collection":[{"href":"https:\/\/doca.com.pt\/pt_pt_ao90\/wp-json\/wp\/v2\/product"}],"about":[{"href":"https:\/\/doca.com.pt\/pt_pt_ao90\/wp-json\/wp\/v2\/types\/product"}],"replies":[{"embeddable":true,"href":"https:\/\/doca.com.pt\/pt_pt_ao90\/wp-json\/wp\/v2\/comments?post=6438"}],"wp:featuredmedia":[{"embeddable":true,"href":"https:\/\/doca.com.pt\/pt_pt_ao90\/wp-json\/wp\/v2\/media\/6439"}],"wp:attachment":[{"href":"https:\/\/doca.com.pt\/pt_pt_ao90\/wp-json\/wp\/v2\/media?parent=6438"}],"wp:term":[{"taxonomy":"product_brand","embeddable":true,"href":"https:\/\/doca.com.pt\/pt_pt_ao90\/wp-json\/wp\/v2\/product_brand?post=6438"},{"taxonomy":"product_cat","embeddable":true,"href":"https:\/\/doca.com.pt\/pt_pt_ao90\/wp-json\/wp\/v2\/product_cat?post=6438"},{"taxonomy":"product_tag","embeddable":true,"href":"https:\/\/doca.com.pt\/pt_pt_ao90\/wp-json\/wp\/v2\/product_tag?post=6438"}],"curies":[{"name":"wp","href":"https:\/\/api.w.org\/{rel}","templated":true}]}}