{"id":6465,"date":"2026-02-05T16:42:12","date_gmt":"2026-02-05T16:42:12","guid":{"rendered":"https:\/\/doca.com.pt\/?post_type=product&#038;p=6465"},"modified":"2026-04-13T20:18:42","modified_gmt":"2026-04-13T20:18:42","slug":"ponta-de-pedal-de-travao-ktm-husqvarna-gasgas-16-25","status":"publish","type":"product","link":"https:\/\/doca.com.pt\/pt_pt_ao90\/product\/ponta-de-pedal-de-travao-ktm-husqvarna-gasgas-16-25\/","title":{"rendered":"Ponta de pedal de trav\u00e3o KTM\/HUSQVARNA\/GASGAS 16-26"},"content":{"rendered":"<h3 data-start=\"102\" data-end=\"148\">Extensor de Pedal de Trav\u00e3o em Alum\u00ednio<\/h3>\n<ul data-start=\"150\" data-end=\"437\">\n<li data-start=\"150\" data-end=\"193\">\n<p data-start=\"152\" data-end=\"193\">Fabricado em alum\u00ednio leve e resistente<\/p>\n<\/li>\n<li data-start=\"194\" data-end=\"245\">\n<p data-start=\"196\" data-end=\"245\">Superf\u00edcie alargada para travagens mais seguras<\/p>\n<\/li>\n<li data-start=\"295\" data-end=\"378\">\n<p data-start=\"297\" data-end=\"378\">Superf\u00edcie dentada que evita escorregamentos, mesmo com lama ou em piso molhado<\/p>\n<\/li>\n<li data-start=\"379\" data-end=\"437\">\n<p data-start=\"381\" data-end=\"437\">Ideal para maior controlo e confian\u00e7a durante a condu\u00e7\u00e3o<\/p>\n<\/li>\n<\/ul>\n<p data-start=\"439\" data-end=\"481\"><strong data-start=\"439\" data-end=\"479\">Compat\u00edvel com os seguintes modelos:<\/strong><\/p>\n<h4 data-start=\"483\" data-end=\"497\"><strong data-start=\"488\" data-end=\"495\">KTM<\/strong><\/h4>\n<ul data-start=\"498\" data-end=\"620\">\n<li data-start=\"498\" data-end=\"536\">\n<p data-start=\"500\" data-end=\"536\">125\u2013450 XC \/ XCF \/ SX \/ SXF \u2013 2016<\/p>\n<\/li>\n<li data-start=\"537\" data-end=\"620\">\n<p data-start=\"539\" data-end=\"620\">125\u2013500 XC \/ XCF \/ XC\u2011W \/ SX \/ SXF \/ EXC \/ EXC\u2011F \/ TPI \/ Six Days \u2013 2017 a 2025<\/p>\n<\/li>\n<\/ul>\n<h4 data-start=\"622\" data-end=\"642\"><strong data-start=\"627\" data-end=\"640\">Husqvarna<\/strong><\/h4>\n<ul data-start=\"643\" data-end=\"730\">\n<li data-start=\"643\" data-end=\"669\">\n<p data-start=\"645\" data-end=\"669\">125\u2013501 FC \/ TC \u2013 2016<\/p>\n<\/li>\n<li data-start=\"670\" data-end=\"730\">\n<p data-start=\"672\" data-end=\"730\">125\u2013501 TE \/ TE\u2011i \/ FE \/ TX \/ FX \/ TC \/ FC \u2013 2017 a 2025<\/p>\n<\/li>\n<\/ul>\n<h4 data-start=\"732\" data-end=\"749\"><strong data-start=\"737\" data-end=\"747\">GasGas<\/strong><\/h4>\n<ul data-start=\"750\" data-end=\"833\">\n<li data-start=\"750\" data-end=\"788\">\n<p data-start=\"752\" data-end=\"788\">EX \/ EC \/ MC 125\u2013300 \u2013 2021 a 2025<\/p>\n<\/li>\n<li data-start=\"789\" data-end=\"833\">\n<p data-start=\"791\" data-end=\"833\">EX\u2011F \/ EC\u2011F \/ MC\u2011F 250\u2013450 \u2013 2021 a 2025<\/p>\n<\/li>\n<\/ul>\n<p data-start=\"835\" data-end=\"863\"><strong data-start=\"835\" data-end=\"861\">Conte\u00fado da embalagem:<\/strong><\/p>\n<ul data-start=\"864\" data-end=\"929\">\n<li data-start=\"864\" data-end=\"899\">\n<p data-start=\"866\" data-end=\"899\">1 x Extensor de pedal de trav\u00e3o<\/p>\n<\/li>\n<li data-start=\"900\" data-end=\"929\">\n<p data-start=\"902\" data-end=\"929\">2 x Parafusos de montagem<\/p>\n<\/li>\n<\/ul>\n<p><strong data-start=\"220\" data-end=\"251\">Recomenda\u00e7\u00e3o de utiliza\u00e7\u00e3o:<\/strong><br data-start=\"251\" data-end=\"254\" \/>Em motos que n\u00e3o possuam prote\u00e7\u00e3o de tampa de embraiagem ou que tenham prote\u00e7\u00e3o reduzida, recomenda-se remover os <strong>dois dentes da parte interior do extensor<\/strong>, de forma a evitar o risco de contacto ou perfura\u00e7\u00e3o da tampa de embraiagem em situa\u00e7\u00f5es de impacto ou flex\u00e3o do pedal.<\/p>\n","protected":false},"excerpt":{"rendered":"<p>Extensor de Pedal de Trav\u00e3o em Alum\u00ednio Fabricado em alum\u00ednio leve e resistente Superf\u00edcie alargada para travagens mais seguras Superf\u00edcie dentada que evita escorregamentos, mesmo com lama ou em piso molhado Ideal para maior controlo e confian\u00e7a durante a condu\u00e7\u00e3o Compat\u00edvel com os seguintes modelos: KTM 125\u2013450 XC \/ XCF \/ SX \/ SXF \u2013<\/p>\n<div class=\"klb-readmore button\"><a class=\"btn link\" href=\"https:\/\/doca.com.pt\/pt_pt_ao90\/product\/ponta-de-pedal-de-travao-ktm-husqvarna-gasgas-16-25\/\">Read More <i class=\"klbth-icon-right-arrow\"><\/i><\/a><\/div>\n","protected":false},"featured_media":6466,"comment_status":"closed","ping_status":"closed","template":"","meta":[],"product_brand":[],"product_cat":[214],"product_tag":[],"class_list":{"0":"post-6465","1":"product","2":"type-product","3":"status-publish","4":"has-post-thumbnail","6":"product_cat-diversos","8":"first","9":"instock","10":"shipping-taxable","11":"purchasable","12":"product-type-simple"},"_links":{"self":[{"href":"https:\/\/doca.com.pt\/pt_pt_ao90\/wp-json\/wp\/v2\/product\/6465","targetHints":{"allow":["GET"]}}],"collection":[{"href":"https:\/\/doca.com.pt\/pt_pt_ao90\/wp-json\/wp\/v2\/product"}],"about":[{"href":"https:\/\/doca.com.pt\/pt_pt_ao90\/wp-json\/wp\/v2\/types\/product"}],"replies":[{"embeddable":true,"href":"https:\/\/doca.com.pt\/pt_pt_ao90\/wp-json\/wp\/v2\/comments?post=6465"}],"wp:featuredmedia":[{"embeddable":true,"href":"https:\/\/doca.com.pt\/pt_pt_ao90\/wp-json\/wp\/v2\/media\/6466"}],"wp:attachment":[{"href":"https:\/\/doca.com.pt\/pt_pt_ao90\/wp-json\/wp\/v2\/media?parent=6465"}],"wp:term":[{"taxonomy":"product_brand","embeddable":true,"href":"https:\/\/doca.com.pt\/pt_pt_ao90\/wp-json\/wp\/v2\/product_brand?post=6465"},{"taxonomy":"product_cat","embeddable":true,"href":"https:\/\/doca.com.pt\/pt_pt_ao90\/wp-json\/wp\/v2\/product_cat?post=6465"},{"taxonomy":"product_tag","embeddable":true,"href":"https:\/\/doca.com.pt\/pt_pt_ao90\/wp-json\/wp\/v2\/product_tag?post=6465"}],"curies":[{"name":"wp","href":"https:\/\/api.w.org\/{rel}","templated":true}]}}