{"id":6474,"date":"2026-02-10T23:35:40","date_gmt":"2026-02-10T23:35:40","guid":{"rendered":"https:\/\/doca.com.pt\/?post_type=product&#038;p=6474"},"modified":"2026-03-06T10:56:05","modified_gmt":"2026-03-06T10:56:05","slug":"porca-do-eixo-traseiro-ktm-husqvarna-gasgas-24-26","status":"publish","type":"product","link":"https:\/\/doca.com.pt\/pt_pt_ao90\/product\/porca-do-eixo-traseiro-ktm-husqvarna-gasgas-24-26\/","title":{"rendered":"Porca de 22mm do eixo traseiro KTM \/ Husqvarna \/ Gasgas [24-26]"},"content":{"rendered":"<p data-start=\"100\" data-end=\"119\">Porca maquinada em CNC em alum\u00ednio 6082-T6, leve e resistente, que garante uma fixa\u00e7\u00e3o segura do eixo traseiro. Substitui\u00e7\u00e3o directa da original, com montagem simples e acabamento de alta qualidade.<\/p>\n<p data-start=\"100\" data-end=\"119\"><strong data-start=\"100\" data-end=\"119\">Compat\u00edvel com:<\/strong><\/p>\n<p data-start=\"121\" data-end=\"209\"><strong data-start=\"121\" data-end=\"128\">KTM<\/strong><br data-start=\"128\" data-end=\"131\" \/>\u2022 150\u2013500 XC \/ SX \/ XCF \/ SXF (2023\u20132026)<br data-start=\"172\" data-end=\"175\" \/>\u2022 150\u2013500 EXC \/ EXCF \/ XC-W (2024-2026)<\/p>\n<p data-start=\"211\" data-end=\"293\"><strong data-start=\"211\" data-end=\"224\">Husqvarna<\/strong><br data-start=\"224\" data-end=\"227\" \/>\u2022 150\u2013450 FC \/ FX \/ TX \/ TC (2023\u20132026)<br data-start=\"266\" data-end=\"269\" \/>\u2022 150\u2013501 TE \/ FE (2024-2026)<\/p>\n<p data-start=\"295\" data-end=\"416\"><strong data-start=\"295\" data-end=\"305\">GasGas<\/strong><br data-start=\"305\" data-end=\"308\" \/>\u2022 EX \/ EX-F 250 \/ 300 (2024-2026)<br data-start=\"336\" data-end=\"339\" \/>\u2022 MC \/ MC-F 125 \/ 250 \/ 350 \/ 450 (2024-2026)<br data-start=\"379\" data-end=\"382\" \/>\u2022 EC \/ EC-F 250 \/ 300 \/ 350 (2024-2026)<\/p>\n","protected":false},"excerpt":{"rendered":"<p>Porca maquinada em CNC em alum\u00ednio 6082-T6, leve e resistente, que garante uma fixa\u00e7\u00e3o segura do eixo traseiro. Substitui\u00e7\u00e3o directa da original, com montagem simples e acabamento de alta qualidade. Compat\u00edvel com: KTM\u2022 150\u2013500 XC \/ SX \/ XCF \/ SXF (2023\u20132026)\u2022 150\u2013500 EXC \/ EXCF \/ XC-W (2024-2026) Husqvarna\u2022 150\u2013450 FC \/ FX \/<\/p>\n<div class=\"klb-readmore button\"><a class=\"btn link\" href=\"https:\/\/doca.com.pt\/pt_pt_ao90\/product\/porca-do-eixo-traseiro-ktm-husqvarna-gasgas-24-26\/\">Read More <i class=\"klbth-icon-right-arrow\"><\/i><\/a><\/div>\n","protected":false},"featured_media":6478,"comment_status":"closed","ping_status":"closed","template":"","meta":[],"product_brand":[],"product_cat":[214],"product_tag":[],"class_list":{"0":"post-6474","1":"product","2":"type-product","3":"status-publish","4":"has-post-thumbnail","6":"product_cat-diversos","8":"first","9":"instock","10":"shipping-taxable","11":"purchasable","12":"product-type-variable"},"_links":{"self":[{"href":"https:\/\/doca.com.pt\/pt_pt_ao90\/wp-json\/wp\/v2\/product\/6474","targetHints":{"allow":["GET"]}}],"collection":[{"href":"https:\/\/doca.com.pt\/pt_pt_ao90\/wp-json\/wp\/v2\/product"}],"about":[{"href":"https:\/\/doca.com.pt\/pt_pt_ao90\/wp-json\/wp\/v2\/types\/product"}],"replies":[{"embeddable":true,"href":"https:\/\/doca.com.pt\/pt_pt_ao90\/wp-json\/wp\/v2\/comments?post=6474"}],"wp:featuredmedia":[{"embeddable":true,"href":"https:\/\/doca.com.pt\/pt_pt_ao90\/wp-json\/wp\/v2\/media\/6478"}],"wp:attachment":[{"href":"https:\/\/doca.com.pt\/pt_pt_ao90\/wp-json\/wp\/v2\/media?parent=6474"}],"wp:term":[{"taxonomy":"product_brand","embeddable":true,"href":"https:\/\/doca.com.pt\/pt_pt_ao90\/wp-json\/wp\/v2\/product_brand?post=6474"},{"taxonomy":"product_cat","embeddable":true,"href":"https:\/\/doca.com.pt\/pt_pt_ao90\/wp-json\/wp\/v2\/product_cat?post=6474"},{"taxonomy":"product_tag","embeddable":true,"href":"https:\/\/doca.com.pt\/pt_pt_ao90\/wp-json\/wp\/v2\/product_tag?post=6474"}],"curies":[{"name":"wp","href":"https:\/\/api.w.org\/{rel}","templated":true}]}}