{"id":6540,"date":"2026-03-09T10:39:26","date_gmt":"2026-03-09T10:39:26","guid":{"rendered":"https:\/\/doca.com.pt\/?post_type=product&#038;p=6540"},"modified":"2026-03-09T10:53:05","modified_gmt":"2026-03-09T10:53:05","slug":"manetes-articuladas-ktm-husqvarna-husaberg-sherco-14-26","status":"publish","type":"product","link":"https:\/\/doca.com.pt\/pt_pt_ao90\/product\/manetes-articuladas-ktm-husqvarna-husaberg-sherco-14-26\/","title":{"rendered":"Manetes articuladas KTM \/ Husqvarna \/ Husaberg \/ Sherco 14-26"},"content":{"rendered":"<h3 data-section-id=\"1597kyk\" data-start=\"147\" data-end=\"199\">Manetes Articuladas Trav\u00e3o + Embraiagem (para modelos Brembo)<\/h3>\n<p data-start=\"201\" data-end=\"308\">Conjunto de manetes articuladas concebidas para oferecer maior resist\u00eancia e controlo em condu\u00e7\u00e3o off-road.<\/p>\n<p data-start=\"310\" data-end=\"330\"><strong data-start=\"310\" data-end=\"330\">Caracter\u00edsticas:<\/strong><\/p>\n<ul data-start=\"331\" data-end=\"802\">\n<li data-section-id=\"qiiwxo\" data-start=\"331\" data-end=\"419\">\n<p data-start=\"333\" data-end=\"419\">Sistema articulado que reduz o risco de empeno ou quebra em caso de queda ou colis\u00e3o<\/p>\n<\/li>\n<li data-section-id=\"8pd8gz\" data-start=\"420\" data-end=\"479\">\n<p data-start=\"422\" data-end=\"479\">Recupera\u00e7\u00e3o r\u00e1pida para a posi\u00e7\u00e3o original ap\u00f3s impacto<\/p>\n<\/li>\n<li data-section-id=\"zwhhqh\" data-start=\"480\" data-end=\"548\">\n<p data-start=\"482\" data-end=\"548\">Parafuso de ajuste que permite definir a posi\u00e7\u00e3o ideal da manete<\/p>\n<\/li>\n<li data-section-id=\"inchy8\" data-start=\"549\" data-end=\"610\">\n<p data-start=\"551\" data-end=\"610\">Design compacto otimizado para utiliza\u00e7\u00e3o com <strong data-start=\"597\" data-end=\"608\">3 dedos<\/strong><\/p>\n<\/li>\n<li data-section-id=\"ezsd0y\" data-start=\"611\" data-end=\"656\">\n<p data-start=\"613\" data-end=\"656\">Substitui\u00e7\u00e3o direta das manetes originais<\/p>\n<\/li>\n<li data-section-id=\"1k4ktyw\" data-start=\"657\" data-end=\"688\">\n<p data-start=\"659\" data-end=\"688\">Instala\u00e7\u00e3o simples e r\u00e1pida<\/p>\n<\/li>\n<li data-section-id=\"12by9r1\" data-start=\"689\" data-end=\"758\">\n<p data-start=\"691\" data-end=\"758\">Conjunto composto por <strong data-start=\"713\" data-end=\"756\">manete de trav\u00e3o e manete de embraiagem<\/strong><\/p>\n<\/li>\n<li data-section-id=\"5qk76t\" data-start=\"759\" data-end=\"802\">\n<p data-start=\"761\" data-end=\"802\">Compat\u00edvel apenas com sistemas <strong data-start=\"792\" data-end=\"802\">Brembo<\/strong><\/p>\n<\/li>\n<\/ul>\n<hr data-start=\"804\" data-end=\"807\" \/>\n<h3 data-section-id=\"rk2p29\" data-start=\"809\" data-end=\"828\">Compatibilidade<\/h3>\n<p data-start=\"830\" data-end=\"930\"><strong data-start=\"830\" data-end=\"837\">KTM<\/strong><br data-start=\"837\" data-end=\"840\" \/>250 \/ 300 \/ 350 \/ 450 \/ 500<br data-start=\"867\" data-end=\"870\" \/>SX \/ SX-F \/ XC \/ XC-F \/ XC-W \/ EXC \/ EXC-F<br data-start=\"912\" data-end=\"915\" \/><strong data-start=\"915\" data-end=\"930\">2014 \u2013 2026<\/strong><\/p>\n<p data-start=\"932\" data-end=\"1062\"><strong data-start=\"932\" data-end=\"942\">Sherco<\/strong><br data-start=\"942\" data-end=\"945\" \/>SE-R 250 \u2014 2014-2026<br data-start=\"965\" data-end=\"968\" \/>SE-R 300 \u2014 2014-2026<br data-start=\"988\" data-end=\"991\" \/>SE-F 250i \u2014 2011-2026<br data-start=\"1012\" data-end=\"1015\" \/>SE-F 300i \u2014 2011-2026<br data-start=\"1036\" data-end=\"1039\" \/>SE-F 450i \u2014 2011-2026<\/p>\n<p data-start=\"1064\" data-end=\"1178\"><strong data-start=\"1064\" data-end=\"1077\">Husqvarna<\/strong><br data-start=\"1077\" data-end=\"1080\" \/>TE 250 \/ 300 \u2014 2014-2016<br data-start=\"1104\" data-end=\"1107\" \/>FC 250 \/ 350 \/ 450 \u2014 2014-2015<br data-start=\"1137\" data-end=\"1140\" \/>FE 250 \/ 350 \/ 450 \/ 501 \u2014 2014-2016<\/p>\n<p data-start=\"1180\" data-end=\"1274\"><strong data-start=\"1180\" data-end=\"1192\">Husaberg<\/strong><br data-start=\"1192\" data-end=\"1195\" \/>TE 250 \u2014 2014<br data-start=\"1208\" data-end=\"1211\" \/>TE 300 \u2014 2014<br data-start=\"1224\" data-end=\"1227\" \/>FE 350 \u2014 2014<br data-start=\"1240\" data-end=\"1243\" \/>FE 450 \u2014 2014<br data-start=\"1256\" data-end=\"1259\" \/>FE 501 \u2014 2014<\/p>\n","protected":false},"excerpt":{"rendered":"<p>Manetes Articuladas Trav\u00e3o + Embraiagem (para modelos Brembo) Conjunto de manetes articuladas concebidas para oferecer maior resist\u00eancia e controlo em condu\u00e7\u00e3o off-road. Caracter\u00edsticas: Sistema articulado que reduz o risco de empeno ou quebra em caso de queda ou colis\u00e3o Recupera\u00e7\u00e3o r\u00e1pida para a posi\u00e7\u00e3o original ap\u00f3s impacto Parafuso de ajuste que permite definir a posi\u00e7\u00e3o<\/p>\n<div class=\"klb-readmore button\"><a class=\"btn link\" href=\"https:\/\/doca.com.pt\/pt_pt_ao90\/product\/manetes-articuladas-ktm-husqvarna-husaberg-sherco-14-26\/\">Read More <i class=\"klbth-icon-right-arrow\"><\/i><\/a><\/div>\n","protected":false},"featured_media":6543,"comment_status":"open","ping_status":"closed","template":"","meta":[],"product_brand":[],"product_cat":[208],"product_tag":[],"class_list":{"0":"post-6540","1":"product","2":"type-product","3":"status-publish","4":"has-post-thumbnail","6":"product_cat-manetes","8":"first","9":"instock","10":"shipping-taxable","11":"purchasable","12":"product-type-variable"},"_links":{"self":[{"href":"https:\/\/doca.com.pt\/pt_pt_ao90\/wp-json\/wp\/v2\/product\/6540","targetHints":{"allow":["GET"]}}],"collection":[{"href":"https:\/\/doca.com.pt\/pt_pt_ao90\/wp-json\/wp\/v2\/product"}],"about":[{"href":"https:\/\/doca.com.pt\/pt_pt_ao90\/wp-json\/wp\/v2\/types\/product"}],"replies":[{"embeddable":true,"href":"https:\/\/doca.com.pt\/pt_pt_ao90\/wp-json\/wp\/v2\/comments?post=6540"}],"wp:featuredmedia":[{"embeddable":true,"href":"https:\/\/doca.com.pt\/pt_pt_ao90\/wp-json\/wp\/v2\/media\/6543"}],"wp:attachment":[{"href":"https:\/\/doca.com.pt\/pt_pt_ao90\/wp-json\/wp\/v2\/media?parent=6540"}],"wp:term":[{"taxonomy":"product_brand","embeddable":true,"href":"https:\/\/doca.com.pt\/pt_pt_ao90\/wp-json\/wp\/v2\/product_brand?post=6540"},{"taxonomy":"product_cat","embeddable":true,"href":"https:\/\/doca.com.pt\/pt_pt_ao90\/wp-json\/wp\/v2\/product_cat?post=6540"},{"taxonomy":"product_tag","embeddable":true,"href":"https:\/\/doca.com.pt\/pt_pt_ao90\/wp-json\/wp\/v2\/product_tag?post=6540"}],"curies":[{"name":"wp","href":"https:\/\/api.w.org\/{rel}","templated":true}]}}