{"id":6556,"date":"2026-03-16T10:58:37","date_gmt":"2026-03-16T10:58:37","guid":{"rendered":"https:\/\/doca.com.pt\/?post_type=product&#038;p=6556"},"modified":"2026-03-16T11:03:00","modified_gmt":"2026-03-16T11:03:00","slug":"ferramenta-de-montagem-de-pneus","status":"publish","type":"product","link":"https:\/\/doca.com.pt\/pt_pt_ao90\/product\/ferramenta-de-montagem-de-pneus\/","title":{"rendered":"Ferramenta de montagem de pneus"},"content":{"rendered":"<p>Ferramenta desenvolvida para auxiliar na montagem de pneus de forma mais pr\u00e1tica e controlada. Mant\u00e9m o pneu na posi\u00e7\u00e3o correta durante o processo de montagem, facilitando o trabalho e reduzindo o esfor\u00e7o necess\u00e1rio. Especialmente \u00fatil na instala\u00e7\u00e3o de mousse em motos de enduro e off-road.<\/p>\n","protected":false},"excerpt":{"rendered":"<p>Ferramenta desenvolvida para auxiliar na montagem de pneus de forma mais pr\u00e1tica e controlada. Mant\u00e9m o pneu na posi\u00e7\u00e3o correta durante o processo de montagem, facilitando o trabalho e reduzindo o esfor\u00e7o necess\u00e1rio. Especialmente \u00fatil na instala\u00e7\u00e3o de mousse em motos de enduro e off-road.<\/p>\n","protected":false},"featured_media":6557,"comment_status":"closed","ping_status":"closed","template":"","meta":[],"product_brand":[],"product_cat":[212],"product_tag":[],"class_list":{"0":"post-6556","1":"product","2":"type-product","3":"status-publish","4":"has-post-thumbnail","6":"product_cat-ferramentas","8":"first","9":"instock","10":"shipping-taxable","11":"purchasable","12":"product-type-simple"},"_links":{"self":[{"href":"https:\/\/doca.com.pt\/pt_pt_ao90\/wp-json\/wp\/v2\/product\/6556","targetHints":{"allow":["GET"]}}],"collection":[{"href":"https:\/\/doca.com.pt\/pt_pt_ao90\/wp-json\/wp\/v2\/product"}],"about":[{"href":"https:\/\/doca.com.pt\/pt_pt_ao90\/wp-json\/wp\/v2\/types\/product"}],"replies":[{"embeddable":true,"href":"https:\/\/doca.com.pt\/pt_pt_ao90\/wp-json\/wp\/v2\/comments?post=6556"}],"wp:featuredmedia":[{"embeddable":true,"href":"https:\/\/doca.com.pt\/pt_pt_ao90\/wp-json\/wp\/v2\/media\/6557"}],"wp:attachment":[{"href":"https:\/\/doca.com.pt\/pt_pt_ao90\/wp-json\/wp\/v2\/media?parent=6556"}],"wp:term":[{"taxonomy":"product_brand","embeddable":true,"href":"https:\/\/doca.com.pt\/pt_pt_ao90\/wp-json\/wp\/v2\/product_brand?post=6556"},{"taxonomy":"product_cat","embeddable":true,"href":"https:\/\/doca.com.pt\/pt_pt_ao90\/wp-json\/wp\/v2\/product_cat?post=6556"},{"taxonomy":"product_tag","embeddable":true,"href":"https:\/\/doca.com.pt\/pt_pt_ao90\/wp-json\/wp\/v2\/product_tag?post=6556"}],"curies":[{"name":"wp","href":"https:\/\/api.w.org\/{rel}","templated":true}]}}